{"id":751092,"date":"2025-03-03T23:48:57","date_gmt":"2025-03-03T22:48:57","guid":{"rendered":"https:\/\/stoic-curie.212-227-153-4.plesk.page\/producto\/painel-solar-semiflexivel-150w-12-24v-1190-x-670mm\/"},"modified":"2026-02-25T00:28:18","modified_gmt":"2026-02-25T00:28:18","slug":"painel-solar-semiflexivel-150w-12-24v-1190-x-670mm","status":"publish","type":"product","link":"https:\/\/stoic-curie.212-227-153-4.plesk.page\/pt\/product\/painel-solar-semiflexivel-150w-12-24v-1190-x-670mm\/","title":{"rendered":"Painel Solar Semiflex\u00edvel 150W 12-24V 1190 x 670mm"},"content":{"rendered":"<p>Painel Solar Semiflex\u00edvel 150W 12-24V 1190 x 670mm &#8211; <\/p>\n<p>Pain\u00e9is solares semi-flex\u00edveis e leves com c\u00e9lulas de sil\u00edcio monocristalino de alta efici\u00eancia. Cobertura em pol\u00edmero ETFE e base composta por laminado TPT com espessura total de 2,5 mm para superior flexibilidade e resist\u00eancia. Completo com ilh\u00f3s de a\u00e7o inoxid\u00e1vel para fixa\u00e7\u00e3o, dois cabos de 90 cm e conectores MC4. Diodo e caixa de conex\u00e3o imersos em pasta de silicone IP68. A ser complementado com um controlador de carga com base no n\u00famero de sa\u00eddas necess\u00e1rias e com base na soma das correntes (Imp) de cada painel individual. Wp = Pot\u00eancia nominal (W) Imp = Corrente m\u00e1xima de pot\u00eancia (A) Voc = Tens\u00e3o em circuito aberto (V)<\/p>\n","protected":false},"excerpt":{"rendered":"<p>Painel Solar Semiflex\u00edvel 150W 12-24V 1190 x 670mm &#8211; Pain\u00e9is solares semi-flex\u00edveis e leves com c\u00e9lulas de sil\u00edcio monocristalino de<\/p>\n","protected":false},"featured_media":5943387,"comment_status":"open","ping_status":"closed","template":"","meta":[],"product_brand":[2832],"product_cat":[2036],"product_tag":[],"class_list":{"0":"post-751092","1":"product","2":"type-product","3":"status-publish","4":"has-post-thumbnail","6":"product_brand-blue-sea-systems-pt","7":"product_cat-paineis-solares","9":"first","10":"instock","11":"shipping-taxable","12":"purchasable","13":"product-type-simple"},"_links":{"self":[{"href":"https:\/\/stoic-curie.212-227-153-4.plesk.page\/pt\/wp-json\/wp\/v2\/product\/751092","targetHints":{"allow":["GET"]}}],"collection":[{"href":"https:\/\/stoic-curie.212-227-153-4.plesk.page\/pt\/wp-json\/wp\/v2\/product"}],"about":[{"href":"https:\/\/stoic-curie.212-227-153-4.plesk.page\/pt\/wp-json\/wp\/v2\/types\/product"}],"replies":[{"embeddable":true,"href":"https:\/\/stoic-curie.212-227-153-4.plesk.page\/pt\/wp-json\/wp\/v2\/comments?post=751092"}],"version-history":[{"count":0,"href":"https:\/\/stoic-curie.212-227-153-4.plesk.page\/pt\/wp-json\/wp\/v2\/product\/751092\/revisions"}],"wp:featuredmedia":[{"embeddable":true,"href":"https:\/\/stoic-curie.212-227-153-4.plesk.page\/pt\/wp-json\/wp\/v2\/media\/5943387"}],"wp:attachment":[{"href":"https:\/\/stoic-curie.212-227-153-4.plesk.page\/pt\/wp-json\/wp\/v2\/media?parent=751092"}],"wp:term":[{"taxonomy":"product_brand","embeddable":true,"href":"https:\/\/stoic-curie.212-227-153-4.plesk.page\/pt\/wp-json\/wp\/v2\/product_brand?post=751092"},{"taxonomy":"product_cat","embeddable":true,"href":"https:\/\/stoic-curie.212-227-153-4.plesk.page\/pt\/wp-json\/wp\/v2\/product_cat?post=751092"},{"taxonomy":"product_tag","embeddable":true,"href":"https:\/\/stoic-curie.212-227-153-4.plesk.page\/pt\/wp-json\/wp\/v2\/product_tag?post=751092"}],"curies":[{"name":"wp","href":"https:\/\/api.w.org\/{rel}","templated":true}]}}