{"id":751095,"date":"2025-03-03T23:48:58","date_gmt":"2025-03-03T22:48:58","guid":{"rendered":"https:\/\/stoic-curie.212-227-153-4.plesk.page\/producto\/painel-solar-dobravel-100w-12-24v-565-x-1210mm\/"},"modified":"2026-02-25T00:28:18","modified_gmt":"2026-02-25T00:28:18","slug":"painel-solar-dobravel-100w-12-24v-565-x-1210mm","status":"publish","type":"product","link":"https:\/\/stoic-curie.212-227-153-4.plesk.page\/pt\/product\/painel-solar-dobravel-100w-12-24v-565-x-1210mm\/","title":{"rendered":"Painel Solar Dobr\u00e1vel 100W 12-24V 565 x 1210mm"},"content":{"rendered":"<p>Painel Solar Dobr\u00e1vel 100W 12-24V 565 x 1210mm &#8211; <\/p>\n<p>Pain\u00e9is solares semi-flex\u00edveis leves e resistentes de qualidade superior e alta efici\u00eancia com c\u00e9lulas de sil\u00edcio monocrystalino para um melhor desempenho que pode alcan\u00e7ar at\u00e9 22%. Dobr\u00e1veis e port\u00e1teis como uma pasta com al\u00e7a, gra\u00e7as ao trip\u00e9 fornecido podem ser posicionados e orientados em dire\u00e7\u00e3o ao sol, ou fixados com fita adesiva dupla face ou parafusos. Tamb\u00e9m utilizados para carregar telefones celulares, laptops ou outros dispositivos de carregamento USB. Completo com cabo USB-A, 5V2A, carregador de telefone celular e computador-B, 5V3A. Com 2 x cabos de 90 cm e conectores MC4. Deve ser completado com um controlador de carga que deve ser escolhido de acordo com a voltagem (12 ou 24V) da bateria a ser carregada e a soma da corrente (Imp) de cada painel individual. Espessura total do painel 3 mm. Wp = Classifica\u00e7\u00e3o de Pot\u00eancia (W) Imp = Amperes de Pot\u00eancia M\u00e1xima (A) Voc = Tens\u00e3o de Circuito Aberto (V)<\/p>\n","protected":false},"excerpt":{"rendered":"<p>Painel Solar Dobr\u00e1vel 100W 12-24V 565 x 1210mm &#8211; Pain\u00e9is solares semi-flex\u00edveis leves e resistentes de qualidade superior e alta<\/p>\n","protected":false},"featured_media":5946472,"comment_status":"open","ping_status":"closed","template":"","meta":[],"product_brand":[2832],"product_cat":[2036],"product_tag":[],"class_list":{"0":"post-751095","1":"product","2":"type-product","3":"status-publish","4":"has-post-thumbnail","6":"product_brand-blue-sea-systems-pt","7":"product_cat-paineis-solares","9":"first","10":"instock","11":"shipping-taxable","12":"purchasable","13":"product-type-simple"},"_links":{"self":[{"href":"https:\/\/stoic-curie.212-227-153-4.plesk.page\/pt\/wp-json\/wp\/v2\/product\/751095","targetHints":{"allow":["GET"]}}],"collection":[{"href":"https:\/\/stoic-curie.212-227-153-4.plesk.page\/pt\/wp-json\/wp\/v2\/product"}],"about":[{"href":"https:\/\/stoic-curie.212-227-153-4.plesk.page\/pt\/wp-json\/wp\/v2\/types\/product"}],"replies":[{"embeddable":true,"href":"https:\/\/stoic-curie.212-227-153-4.plesk.page\/pt\/wp-json\/wp\/v2\/comments?post=751095"}],"version-history":[{"count":0,"href":"https:\/\/stoic-curie.212-227-153-4.plesk.page\/pt\/wp-json\/wp\/v2\/product\/751095\/revisions"}],"wp:featuredmedia":[{"embeddable":true,"href":"https:\/\/stoic-curie.212-227-153-4.plesk.page\/pt\/wp-json\/wp\/v2\/media\/5946472"}],"wp:attachment":[{"href":"https:\/\/stoic-curie.212-227-153-4.plesk.page\/pt\/wp-json\/wp\/v2\/media?parent=751095"}],"wp:term":[{"taxonomy":"product_brand","embeddable":true,"href":"https:\/\/stoic-curie.212-227-153-4.plesk.page\/pt\/wp-json\/wp\/v2\/product_brand?post=751095"},{"taxonomy":"product_cat","embeddable":true,"href":"https:\/\/stoic-curie.212-227-153-4.plesk.page\/pt\/wp-json\/wp\/v2\/product_cat?post=751095"},{"taxonomy":"product_tag","embeddable":true,"href":"https:\/\/stoic-curie.212-227-153-4.plesk.page\/pt\/wp-json\/wp\/v2\/product_tag?post=751095"}],"curies":[{"name":"wp","href":"https:\/\/api.w.org\/{rel}","templated":true}]}}