{"id":751097,"date":"2025-03-03T23:48:58","date_gmt":"2025-03-03T22:48:58","guid":{"rendered":"https:\/\/stoic-curie.212-227-153-4.plesk.page\/producto\/servico-de-mesa-de-melamina-bluebay-16-pecas\/"},"modified":"2026-02-25T00:28:18","modified_gmt":"2026-02-25T00:28:18","slug":"servico-de-mesa-de-melamina-bluebay-16-pecas","status":"publish","type":"product","link":"https:\/\/stoic-curie.212-227-153-4.plesk.page\/pt\/product\/servico-de-mesa-de-melamina-bluebay-16-pecas\/","title":{"rendered":"Servi\u00e7o de Mesa de Melamina Bluebay 16 pe\u00e7as"},"content":{"rendered":"<p>Servi\u00e7o de Mesa de Melamina Bluebay 16 pe\u00e7as &#8211; <\/p>\n<p>Conjunto Bluebay de 16 pe\u00e7as feito de melamina leve e inquebr\u00e1vel, segura para alimentos. Composto por: 4 x pratos de jantar de 25 cm de di\u00e2metro 4 x pratos de sopa de 22 cm de di\u00e2metro 4 x pratos de sobremesa de 20 cm de di\u00e2metro 4 x canecas de 35 cl.<\/p>\n","protected":false},"excerpt":{"rendered":"<p>Servi\u00e7o de Mesa de Melamina Bluebay 16 pe\u00e7as &#8211; Conjunto Bluebay de 16 pe\u00e7as feito de melamina leve e inquebr\u00e1vel,<\/p>\n","protected":false},"featured_media":5946474,"comment_status":"open","ping_status":"closed","template":"","meta":[],"product_brand":[2166,3237],"product_cat":[1932],"product_tag":[],"class_list":{"0":"post-751097","1":"product","2":"type-product","3":"status-publish","4":"has-post-thumbnail","6":"product_brand-osculati","7":"product_brand-osculati-pt","8":"product_cat-loica-nautica","10":"first","11":"instock","12":"shipping-taxable","13":"purchasable","14":"product-type-simple"},"_links":{"self":[{"href":"https:\/\/stoic-curie.212-227-153-4.plesk.page\/pt\/wp-json\/wp\/v2\/product\/751097","targetHints":{"allow":["GET"]}}],"collection":[{"href":"https:\/\/stoic-curie.212-227-153-4.plesk.page\/pt\/wp-json\/wp\/v2\/product"}],"about":[{"href":"https:\/\/stoic-curie.212-227-153-4.plesk.page\/pt\/wp-json\/wp\/v2\/types\/product"}],"replies":[{"embeddable":true,"href":"https:\/\/stoic-curie.212-227-153-4.plesk.page\/pt\/wp-json\/wp\/v2\/comments?post=751097"}],"version-history":[{"count":0,"href":"https:\/\/stoic-curie.212-227-153-4.plesk.page\/pt\/wp-json\/wp\/v2\/product\/751097\/revisions"}],"wp:featuredmedia":[{"embeddable":true,"href":"https:\/\/stoic-curie.212-227-153-4.plesk.page\/pt\/wp-json\/wp\/v2\/media\/5946474"}],"wp:attachment":[{"href":"https:\/\/stoic-curie.212-227-153-4.plesk.page\/pt\/wp-json\/wp\/v2\/media?parent=751097"}],"wp:term":[{"taxonomy":"product_brand","embeddable":true,"href":"https:\/\/stoic-curie.212-227-153-4.plesk.page\/pt\/wp-json\/wp\/v2\/product_brand?post=751097"},{"taxonomy":"product_cat","embeddable":true,"href":"https:\/\/stoic-curie.212-227-153-4.plesk.page\/pt\/wp-json\/wp\/v2\/product_cat?post=751097"},{"taxonomy":"product_tag","embeddable":true,"href":"https:\/\/stoic-curie.212-227-153-4.plesk.page\/pt\/wp-json\/wp\/v2\/product_tag?post=751097"}],"curies":[{"name":"wp","href":"https:\/\/api.w.org\/{rel}","templated":true}]}}