{"id":751098,"date":"2025-03-03T23:48:58","date_gmt":"2025-03-03T22:48:58","guid":{"rendered":"https:\/\/stoic-curie.212-227-153-4.plesk.page\/producto\/fita-adesiva-de-vinil-autoadesiva-3m-scotch-471-50mm-x-33m-azul\/"},"modified":"2026-02-25T00:28:18","modified_gmt":"2026-02-25T00:28:18","slug":"fita-adesiva-de-vinil-autoadesiva-3m-scotch-471-50mm-x-33m-azul","status":"publish","type":"product","link":"https:\/\/stoic-curie.212-227-153-4.plesk.page\/pt\/product\/fita-adesiva-de-vinil-autoadesiva-3m-scotch-471-50mm-x-33m-azul\/","title":{"rendered":"Fita Adesiva de Vinil Autoadesiva 3M Scotch 471 50mm x 33m Azul"},"content":{"rendered":"<p>Fita Adesiva de Vinil Autoadesiva 3M Scotch 471 50mm x 33m Azul &#8211; <\/p>\n<p>A fita adesiva em vinil PVC 3M Scotch 471 \u00e9 ideal para aplica\u00e7\u00f5es de marca\u00e7\u00e3o, como linhas de \u00e1gua ou seguran\u00e7a. Serve para envolver, selar e proteger contra abras\u00e3o. Espessura: 0,130 mm. Adequada para superf\u00edcies planas, curvas ou convexas.<\/p>\n","protected":false},"excerpt":{"rendered":"<p>Fita Adesiva de Vinil Autoadesiva 3M Scotch 471 50mm x 33m Azul &#8211; A fita adesiva em vinil PVC 3M<\/p>\n","protected":false},"featured_media":5946479,"comment_status":"open","ping_status":"closed","template":"","meta":[],"product_brand":[2772],"product_cat":[1925],"product_tag":[],"class_list":{"0":"post-751098","1":"product","2":"type-product","3":"status-publish","4":"has-post-thumbnail","6":"product_brand-3m-marine-pt","7":"product_cat-fita-adesiva-linha-de-agua","9":"first","10":"instock","11":"shipping-taxable","12":"purchasable","13":"product-type-simple"},"_links":{"self":[{"href":"https:\/\/stoic-curie.212-227-153-4.plesk.page\/pt\/wp-json\/wp\/v2\/product\/751098","targetHints":{"allow":["GET"]}}],"collection":[{"href":"https:\/\/stoic-curie.212-227-153-4.plesk.page\/pt\/wp-json\/wp\/v2\/product"}],"about":[{"href":"https:\/\/stoic-curie.212-227-153-4.plesk.page\/pt\/wp-json\/wp\/v2\/types\/product"}],"replies":[{"embeddable":true,"href":"https:\/\/stoic-curie.212-227-153-4.plesk.page\/pt\/wp-json\/wp\/v2\/comments?post=751098"}],"version-history":[{"count":0,"href":"https:\/\/stoic-curie.212-227-153-4.plesk.page\/pt\/wp-json\/wp\/v2\/product\/751098\/revisions"}],"wp:featuredmedia":[{"embeddable":true,"href":"https:\/\/stoic-curie.212-227-153-4.plesk.page\/pt\/wp-json\/wp\/v2\/media\/5946479"}],"wp:attachment":[{"href":"https:\/\/stoic-curie.212-227-153-4.plesk.page\/pt\/wp-json\/wp\/v2\/media?parent=751098"}],"wp:term":[{"taxonomy":"product_brand","embeddable":true,"href":"https:\/\/stoic-curie.212-227-153-4.plesk.page\/pt\/wp-json\/wp\/v2\/product_brand?post=751098"},{"taxonomy":"product_cat","embeddable":true,"href":"https:\/\/stoic-curie.212-227-153-4.plesk.page\/pt\/wp-json\/wp\/v2\/product_cat?post=751098"},{"taxonomy":"product_tag","embeddable":true,"href":"https:\/\/stoic-curie.212-227-153-4.plesk.page\/pt\/wp-json\/wp\/v2\/product_tag?post=751098"}],"curies":[{"name":"wp","href":"https:\/\/api.w.org\/{rel}","templated":true}]}}