{"id":751104,"date":"2025-03-03T23:49:00","date_gmt":"2025-03-03T22:49:00","guid":{"rendered":"https:\/\/stoic-curie.212-227-153-4.plesk.page\/producto\/casaco-musto-br1-vermelho-tamanho-xxl\/"},"modified":"2026-02-25T00:28:18","modified_gmt":"2026-02-25T00:28:18","slug":"casaco-musto-br1-vermelho-tamanho-xxl","status":"publish","type":"product","link":"https:\/\/stoic-curie.212-227-153-4.plesk.page\/pt\/product\/casaco-musto-br1-vermelho-tamanho-xxl\/","title":{"rendered":"Casaco Musto BR1 Vermelho, Tamanho: XXL"},"content":{"rendered":"<p>Casaco Musto BR1 Vermelho, Tamanho: XXL &#8211; <\/p>\n<p>A jaqueta Musto BR1 Channel Offshore oferece um n\u00edvel superior de prote\u00e7\u00e3o imperme\u00e1vel e \u00e0 prova de vento com sua constru\u00e7\u00e3o de 3 camadas. Possui costuras totalmente seladas, punhos ajust\u00e1veis, forro em malha de secagem r\u00e1pida, aba de tempestade, gola alta de fleece protetora, bolso externo com z\u00edper, cord\u00e3o ajust\u00e1vel na barra, anel D para o cord\u00e3o de seguran\u00e7a, capuz t\u00e9cnico ajust\u00e1vel de alta visibilidade e elementos refletivos.<\/p>\n","protected":false},"excerpt":{"rendered":"<p>Casaco Musto BR1 Vermelho, Tamanho: XXL &#8211; A jaqueta Musto BR1 Channel Offshore oferece um n\u00edvel superior de prote\u00e7\u00e3o imperme\u00e1vel<\/p>\n","protected":false},"featured_media":5946481,"comment_status":"open","ping_status":"closed","template":"","meta":[],"product_brand":[3157],"product_cat":[2141],"product_tag":[],"class_list":{"0":"post-751104","1":"product","2":"type-product","3":"status-publish","4":"has-post-thumbnail","6":"product_brand-musto-pt","7":"product_cat-vestuario-de-vela-musto","9":"first","10":"instock","11":"shipping-taxable","12":"purchasable","13":"product-type-simple"},"_links":{"self":[{"href":"https:\/\/stoic-curie.212-227-153-4.plesk.page\/pt\/wp-json\/wp\/v2\/product\/751104","targetHints":{"allow":["GET"]}}],"collection":[{"href":"https:\/\/stoic-curie.212-227-153-4.plesk.page\/pt\/wp-json\/wp\/v2\/product"}],"about":[{"href":"https:\/\/stoic-curie.212-227-153-4.plesk.page\/pt\/wp-json\/wp\/v2\/types\/product"}],"replies":[{"embeddable":true,"href":"https:\/\/stoic-curie.212-227-153-4.plesk.page\/pt\/wp-json\/wp\/v2\/comments?post=751104"}],"version-history":[{"count":0,"href":"https:\/\/stoic-curie.212-227-153-4.plesk.page\/pt\/wp-json\/wp\/v2\/product\/751104\/revisions"}],"wp:featuredmedia":[{"embeddable":true,"href":"https:\/\/stoic-curie.212-227-153-4.plesk.page\/pt\/wp-json\/wp\/v2\/media\/5946481"}],"wp:attachment":[{"href":"https:\/\/stoic-curie.212-227-153-4.plesk.page\/pt\/wp-json\/wp\/v2\/media?parent=751104"}],"wp:term":[{"taxonomy":"product_brand","embeddable":true,"href":"https:\/\/stoic-curie.212-227-153-4.plesk.page\/pt\/wp-json\/wp\/v2\/product_brand?post=751104"},{"taxonomy":"product_cat","embeddable":true,"href":"https:\/\/stoic-curie.212-227-153-4.plesk.page\/pt\/wp-json\/wp\/v2\/product_cat?post=751104"},{"taxonomy":"product_tag","embeddable":true,"href":"https:\/\/stoic-curie.212-227-153-4.plesk.page\/pt\/wp-json\/wp\/v2\/product_tag?post=751104"}],"curies":[{"name":"wp","href":"https:\/\/api.w.org\/{rel}","templated":true}]}}