{"id":751113,"date":"2025-03-03T23:53:05","date_gmt":"2025-03-03T22:53:05","guid":{"rendered":"https:\/\/stoic-curie.212-227-153-4.plesk.page\/producto\/calcas-de-vela-musto-br1-pretas-tamanho-xl\/"},"modified":"2026-02-25T00:28:18","modified_gmt":"2026-02-25T00:28:18","slug":"calcas-de-vela-musto-br1-pretas-tamanho-xl","status":"publish","type":"product","link":"https:\/\/stoic-curie.212-227-153-4.plesk.page\/pt\/product\/calcas-de-vela-musto-br1-pretas-tamanho-xl\/","title":{"rendered":"Cal\u00e7as de Vela Musto BR1 Pretas, Tamanho: XL"},"content":{"rendered":"<p>Cal\u00e7as de Vela Musto BR1 Pretas, Tamanho: XL &#8211; <\/p>\n<p>Salopette Musto BR1 Channel Offshore com um n\u00edvel superior de prote\u00e7\u00e3o \u00e0 prova d&#8217;\u00e1gua e \u00e0 prova de vento em 3 camadas. Com costuras completamente seladas, forro de malha de secagem r\u00e1pida, refor\u00e7os na traseira e nos joelhos, costas altas com al\u00e7as ajust\u00e1veis, cintura ajust\u00e1vel, bolso cargo, aberturas de pernas ajust\u00e1veis e assento e joelhos articulados.<\/p>\n","protected":false},"excerpt":{"rendered":"<p>Cal\u00e7as de Vela Musto BR1 Pretas, Tamanho: XL &#8211; Salopette Musto BR1 Channel Offshore com um n\u00edvel superior de prote\u00e7\u00e3o<\/p>\n","protected":false},"featured_media":5946485,"comment_status":"open","ping_status":"closed","template":"","meta":[],"product_brand":[3157],"product_cat":[2141],"product_tag":[],"class_list":{"0":"post-751113","1":"product","2":"type-product","3":"status-publish","4":"has-post-thumbnail","6":"product_brand-musto-pt","7":"product_cat-vestuario-de-vela-musto","9":"first","10":"instock","11":"shipping-taxable","12":"purchasable","13":"product-type-simple"},"_links":{"self":[{"href":"https:\/\/stoic-curie.212-227-153-4.plesk.page\/pt\/wp-json\/wp\/v2\/product\/751113","targetHints":{"allow":["GET"]}}],"collection":[{"href":"https:\/\/stoic-curie.212-227-153-4.plesk.page\/pt\/wp-json\/wp\/v2\/product"}],"about":[{"href":"https:\/\/stoic-curie.212-227-153-4.plesk.page\/pt\/wp-json\/wp\/v2\/types\/product"}],"replies":[{"embeddable":true,"href":"https:\/\/stoic-curie.212-227-153-4.plesk.page\/pt\/wp-json\/wp\/v2\/comments?post=751113"}],"version-history":[{"count":0,"href":"https:\/\/stoic-curie.212-227-153-4.plesk.page\/pt\/wp-json\/wp\/v2\/product\/751113\/revisions"}],"wp:featuredmedia":[{"embeddable":true,"href":"https:\/\/stoic-curie.212-227-153-4.plesk.page\/pt\/wp-json\/wp\/v2\/media\/5946485"}],"wp:attachment":[{"href":"https:\/\/stoic-curie.212-227-153-4.plesk.page\/pt\/wp-json\/wp\/v2\/media?parent=751113"}],"wp:term":[{"taxonomy":"product_brand","embeddable":true,"href":"https:\/\/stoic-curie.212-227-153-4.plesk.page\/pt\/wp-json\/wp\/v2\/product_brand?post=751113"},{"taxonomy":"product_cat","embeddable":true,"href":"https:\/\/stoic-curie.212-227-153-4.plesk.page\/pt\/wp-json\/wp\/v2\/product_cat?post=751113"},{"taxonomy":"product_tag","embeddable":true,"href":"https:\/\/stoic-curie.212-227-153-4.plesk.page\/pt\/wp-json\/wp\/v2\/product_tag?post=751113"}],"curies":[{"name":"wp","href":"https:\/\/api.w.org\/{rel}","templated":true}]}}