{"id":751115,"date":"2025-03-03T23:53:06","date_gmt":"2025-03-03T22:53:06","guid":{"rendered":"https:\/\/stoic-curie.212-227-153-4.plesk.page\/producto\/disjuntor-magnetico-hidraulico-quick-10100-100a-dc\/"},"modified":"2026-02-25T00:28:18","modified_gmt":"2026-02-25T00:28:18","slug":"disjuntor-magnetico-hidraulico-quick-10100-100a-dc","status":"publish","type":"product","link":"https:\/\/stoic-curie.212-227-153-4.plesk.page\/pt\/product\/disjuntor-magnetico-hidraulico-quick-10100-100a-dc\/","title":{"rendered":"Disjuntor Magn\u00e9tico Hidr\u00e1ulico Quick 10100 (100A \/ DC)"},"content":{"rendered":"<p>Disjuntor Magn\u00e9tico Hidr\u00e1ulico Quick 10100 (100A \/ DC) &#8211; O disjuntor magn\u00e9tico hidr\u00e1ulico Quick de 100 amp\u00e8res oferece prote\u00e7\u00e3o ao usar correntes diretas. O disjuntor de queima lenta desarma em situa\u00e7\u00f5es de sobrecarga, interrompendo o circuito e protegendo seu equipamento. Ele pode ser reiniciado manualmente e \u00e9 adequado para at\u00e9 80 V CC. O disjuntor Quick 10100 desarma na presen\u00e7a de curtos-circuitos ou sobrecargas prolongadas.<\/p>\n","protected":false},"excerpt":{"rendered":"<p>Disjuntor Magn\u00e9tico Hidr\u00e1ulico Quick 10100 (100A \/ DC) &#8211; O disjuntor magn\u00e9tico hidr\u00e1ulico Quick de 100 amp\u00e8res oferece prote\u00e7\u00e3o ao<\/p>\n","protected":false},"featured_media":5946487,"comment_status":"open","ping_status":"closed","template":"","meta":[],"product_brand":[3282],"product_cat":[1898],"product_tag":[],"class_list":{"0":"post-751115","1":"product","2":"type-product","3":"status-publish","4":"has-post-thumbnail","6":"product_brand-quick-pt","7":"product_cat-molinetes-quick-amarracao-e-fundear","9":"first","10":"instock","11":"shipping-taxable","12":"purchasable","13":"product-type-simple"},"_links":{"self":[{"href":"https:\/\/stoic-curie.212-227-153-4.plesk.page\/pt\/wp-json\/wp\/v2\/product\/751115","targetHints":{"allow":["GET"]}}],"collection":[{"href":"https:\/\/stoic-curie.212-227-153-4.plesk.page\/pt\/wp-json\/wp\/v2\/product"}],"about":[{"href":"https:\/\/stoic-curie.212-227-153-4.plesk.page\/pt\/wp-json\/wp\/v2\/types\/product"}],"replies":[{"embeddable":true,"href":"https:\/\/stoic-curie.212-227-153-4.plesk.page\/pt\/wp-json\/wp\/v2\/comments?post=751115"}],"version-history":[{"count":0,"href":"https:\/\/stoic-curie.212-227-153-4.plesk.page\/pt\/wp-json\/wp\/v2\/product\/751115\/revisions"}],"wp:featuredmedia":[{"embeddable":true,"href":"https:\/\/stoic-curie.212-227-153-4.plesk.page\/pt\/wp-json\/wp\/v2\/media\/5946487"}],"wp:attachment":[{"href":"https:\/\/stoic-curie.212-227-153-4.plesk.page\/pt\/wp-json\/wp\/v2\/media?parent=751115"}],"wp:term":[{"taxonomy":"product_brand","embeddable":true,"href":"https:\/\/stoic-curie.212-227-153-4.plesk.page\/pt\/wp-json\/wp\/v2\/product_brand?post=751115"},{"taxonomy":"product_cat","embeddable":true,"href":"https:\/\/stoic-curie.212-227-153-4.plesk.page\/pt\/wp-json\/wp\/v2\/product_cat?post=751115"},{"taxonomy":"product_tag","embeddable":true,"href":"https:\/\/stoic-curie.212-227-153-4.plesk.page\/pt\/wp-json\/wp\/v2\/product_tag?post=751115"}],"curies":[{"name":"wp","href":"https:\/\/api.w.org\/{rel}","templated":true}]}}