{"id":751121,"date":"2025-03-03T23:53:08","date_gmt":"2025-03-03T22:53:08","guid":{"rendered":"https:\/\/stoic-curie.212-227-153-4.plesk.page\/producto\/comando-remoto-portatil-marinco\/"},"modified":"2026-02-25T00:28:18","modified_gmt":"2026-02-25T00:28:18","slug":"comando-remoto-portatil-marinco","status":"publish","type":"product","link":"https:\/\/stoic-curie.212-227-153-4.plesk.page\/pt\/product\/comando-remoto-portatil-marinco\/","title":{"rendered":"Comando Remoto Port\u00e1til Marinco"},"content":{"rendered":"<p>Comando Remoto Port\u00e1til Marinco &#8211; <\/p>\n<div>\n<p>Controle remoto de ponte port\u00e1til<\/p>\n<p>Fonte de energia: bateria de bot\u00e3o CR2450<\/p>\n<p>Consumo de corrente (em espera \/ em uso): desprez\u00edvel<\/p>\n<p>Alcance sem fio: 200&#8242; (65 m)<\/p>\n<p>Vida \u00fatil estimada da bateria: > 40 horas (uso cont\u00ednuo)<\/p>\n<p>Dimens\u00f5es: 2,0&#8243;L x 3,78&#8243;A x 1&#8243;P (51 x 96 x 25 mm)<\/p>\n<p>Peso: 2,82 oz (80 g)<\/p>\n<p>Material da carca\u00e7a: PC\/ASA resistente a UV<\/p>\n<p>Material do bot\u00e3o: Silicone (brilha no escuro)<\/p>\n<p>Faixa de temperatura de opera\u00e7\u00e3o: 5<\/p>\n<\/div>\n","protected":false},"excerpt":{"rendered":"<p>Comando Remoto Port\u00e1til Marinco &#8211; Controle remoto de ponte port\u00e1til Fonte de energia: bateria de bot\u00e3o CR2450 Consumo de corrente<\/p>\n","protected":false},"featured_media":5946491,"comment_status":"open","ping_status":"closed","template":"","meta":[],"product_brand":[3107],"product_cat":[2021],"product_tag":[],"class_list":{"0":"post-751121","1":"product","2":"type-product","3":"status-publish","4":"has-post-thumbnail","6":"product_brand-marinco-pt","7":"product_cat-projetores-e-holofotes","9":"first","10":"instock","11":"shipping-taxable","12":"purchasable","13":"product-type-simple"},"_links":{"self":[{"href":"https:\/\/stoic-curie.212-227-153-4.plesk.page\/pt\/wp-json\/wp\/v2\/product\/751121","targetHints":{"allow":["GET"]}}],"collection":[{"href":"https:\/\/stoic-curie.212-227-153-4.plesk.page\/pt\/wp-json\/wp\/v2\/product"}],"about":[{"href":"https:\/\/stoic-curie.212-227-153-4.plesk.page\/pt\/wp-json\/wp\/v2\/types\/product"}],"replies":[{"embeddable":true,"href":"https:\/\/stoic-curie.212-227-153-4.plesk.page\/pt\/wp-json\/wp\/v2\/comments?post=751121"}],"version-history":[{"count":0,"href":"https:\/\/stoic-curie.212-227-153-4.plesk.page\/pt\/wp-json\/wp\/v2\/product\/751121\/revisions"}],"wp:featuredmedia":[{"embeddable":true,"href":"https:\/\/stoic-curie.212-227-153-4.plesk.page\/pt\/wp-json\/wp\/v2\/media\/5946491"}],"wp:attachment":[{"href":"https:\/\/stoic-curie.212-227-153-4.plesk.page\/pt\/wp-json\/wp\/v2\/media?parent=751121"}],"wp:term":[{"taxonomy":"product_brand","embeddable":true,"href":"https:\/\/stoic-curie.212-227-153-4.plesk.page\/pt\/wp-json\/wp\/v2\/product_brand?post=751121"},{"taxonomy":"product_cat","embeddable":true,"href":"https:\/\/stoic-curie.212-227-153-4.plesk.page\/pt\/wp-json\/wp\/v2\/product_cat?post=751121"},{"taxonomy":"product_tag","embeddable":true,"href":"https:\/\/stoic-curie.212-227-153-4.plesk.page\/pt\/wp-json\/wp\/v2\/product_tag?post=751121"}],"curies":[{"name":"wp","href":"https:\/\/api.w.org\/{rel}","templated":true}]}}