{"id":751122,"date":"2025-03-03T23:53:08","date_gmt":"2025-03-03T22:53:08","guid":{"rendered":"https:\/\/stoic-curie.212-227-153-4.plesk.page\/producto\/cortador-de-tubos-de-plastico-jg-speedfit-ld-max-22mm\/"},"modified":"2026-02-25T00:28:18","modified_gmt":"2026-02-25T00:28:18","slug":"cortador-de-tubos-de-plastico-jg-speedfit-ld-max-22mm","status":"publish","type":"product","link":"https:\/\/stoic-curie.212-227-153-4.plesk.page\/pt\/product\/cortador-de-tubos-de-plastico-jg-speedfit-ld-max-22mm\/","title":{"rendered":"Cortador de tubos de pl\u00e1stico JG Speedfit LD Max 22mm"},"content":{"rendered":"<p>Cortador de tubos de pl\u00e1stico JG Speedfit LD Max 22mm &#8211; <\/p>\n<div>\n<p>O cortador de tubos John Guest Speedfit JG-TS \u00e9 adequado para cortar tubos de barreira JG Speedfit com di\u00e2metro de at\u00e9 22 mm.<\/p>\n<p>A ferramenta cortadora de tubos Speedfit permite que voc\u00ea corte seu tubo Speedfit de forma eficiente e segura, criando um corte limpo.<\/p>\n<\/div>\n","protected":false},"excerpt":{"rendered":"<p>Cortador de tubos de pl\u00e1stico JG Speedfit LD Max 22mm &#8211; O cortador de tubos John Guest Speedfit JG-TS \u00e9<\/p>\n","protected":false},"featured_media":5946506,"comment_status":"open","ping_status":"closed","template":"","meta":[],"product_brand":[3427],"product_cat":[1948],"product_tag":[],"class_list":{"0":"post-751122","1":"product","2":"type-product","3":"status-publish","4":"has-post-thumbnail","6":"product_brand-speedfit-pt","7":"product_cat-acessorios-para-canalizacao-de-plastico","9":"first","10":"instock","11":"shipping-taxable","12":"purchasable","13":"product-type-simple"},"_links":{"self":[{"href":"https:\/\/stoic-curie.212-227-153-4.plesk.page\/pt\/wp-json\/wp\/v2\/product\/751122","targetHints":{"allow":["GET"]}}],"collection":[{"href":"https:\/\/stoic-curie.212-227-153-4.plesk.page\/pt\/wp-json\/wp\/v2\/product"}],"about":[{"href":"https:\/\/stoic-curie.212-227-153-4.plesk.page\/pt\/wp-json\/wp\/v2\/types\/product"}],"replies":[{"embeddable":true,"href":"https:\/\/stoic-curie.212-227-153-4.plesk.page\/pt\/wp-json\/wp\/v2\/comments?post=751122"}],"version-history":[{"count":0,"href":"https:\/\/stoic-curie.212-227-153-4.plesk.page\/pt\/wp-json\/wp\/v2\/product\/751122\/revisions"}],"wp:featuredmedia":[{"embeddable":true,"href":"https:\/\/stoic-curie.212-227-153-4.plesk.page\/pt\/wp-json\/wp\/v2\/media\/5946506"}],"wp:attachment":[{"href":"https:\/\/stoic-curie.212-227-153-4.plesk.page\/pt\/wp-json\/wp\/v2\/media?parent=751122"}],"wp:term":[{"taxonomy":"product_brand","embeddable":true,"href":"https:\/\/stoic-curie.212-227-153-4.plesk.page\/pt\/wp-json\/wp\/v2\/product_brand?post=751122"},{"taxonomy":"product_cat","embeddable":true,"href":"https:\/\/stoic-curie.212-227-153-4.plesk.page\/pt\/wp-json\/wp\/v2\/product_cat?post=751122"},{"taxonomy":"product_tag","embeddable":true,"href":"https:\/\/stoic-curie.212-227-153-4.plesk.page\/pt\/wp-json\/wp\/v2\/product_tag?post=751122"}],"curies":[{"name":"wp","href":"https:\/\/api.w.org\/{rel}","templated":true}]}}