{"id":751127,"date":"2025-03-03T23:53:10","date_gmt":"2025-03-03T22:53:10","guid":{"rendered":"https:\/\/stoic-curie.212-227-153-4.plesk.page\/producto\/casaco-musto-essential-softshell-azul-tamanho-m\/"},"modified":"2026-02-25T00:28:18","modified_gmt":"2026-02-25T00:28:18","slug":"casaco-musto-essential-softshell-azul-tamanho-m","status":"publish","type":"product","link":"https:\/\/stoic-curie.212-227-153-4.plesk.page\/pt\/product\/casaco-musto-essential-softshell-azul-tamanho-m\/","title":{"rendered":"Casaco Musto Essential Softshell Azul &#8211; Tamanho M"},"content":{"rendered":"<p>Casaco Musto Essential Softshell Azul &#8211; Tamanho M &#8211; <\/p>\n<p>Jaqueta Softshell Essencial Musto em tecido softshell el\u00e1stico, respir\u00e1vel e \u00e0 prova de vento. Com tratamento DWR (Durable Water Repellency), dois bolsos laterais e um no bra\u00e7o com fecho de z\u00edper, barra e punhos com bordas el\u00e1sticas para um ajuste confort\u00e1vel e mangas articuladas para a m\u00e1xima liberdade de movimento.<\/p>\n","protected":false},"excerpt":{"rendered":"<p>Casaco Musto Essential Softshell Azul &#8211; Tamanho M &#8211; Jaqueta Softshell Essencial Musto em tecido softshell el\u00e1stico, respir\u00e1vel e \u00e0<\/p>\n","protected":false},"featured_media":5946518,"comment_status":"open","ping_status":"closed","template":"","meta":[],"product_brand":[3157],"product_cat":[2141],"product_tag":[],"class_list":{"0":"post-751127","1":"product","2":"type-product","3":"status-publish","4":"has-post-thumbnail","6":"product_brand-musto-pt","7":"product_cat-vestuario-de-vela-musto","9":"first","10":"instock","11":"shipping-taxable","12":"purchasable","13":"product-type-simple"},"_links":{"self":[{"href":"https:\/\/stoic-curie.212-227-153-4.plesk.page\/pt\/wp-json\/wp\/v2\/product\/751127","targetHints":{"allow":["GET"]}}],"collection":[{"href":"https:\/\/stoic-curie.212-227-153-4.plesk.page\/pt\/wp-json\/wp\/v2\/product"}],"about":[{"href":"https:\/\/stoic-curie.212-227-153-4.plesk.page\/pt\/wp-json\/wp\/v2\/types\/product"}],"replies":[{"embeddable":true,"href":"https:\/\/stoic-curie.212-227-153-4.plesk.page\/pt\/wp-json\/wp\/v2\/comments?post=751127"}],"version-history":[{"count":0,"href":"https:\/\/stoic-curie.212-227-153-4.plesk.page\/pt\/wp-json\/wp\/v2\/product\/751127\/revisions"}],"wp:featuredmedia":[{"embeddable":true,"href":"https:\/\/stoic-curie.212-227-153-4.plesk.page\/pt\/wp-json\/wp\/v2\/media\/5946518"}],"wp:attachment":[{"href":"https:\/\/stoic-curie.212-227-153-4.plesk.page\/pt\/wp-json\/wp\/v2\/media?parent=751127"}],"wp:term":[{"taxonomy":"product_brand","embeddable":true,"href":"https:\/\/stoic-curie.212-227-153-4.plesk.page\/pt\/wp-json\/wp\/v2\/product_brand?post=751127"},{"taxonomy":"product_cat","embeddable":true,"href":"https:\/\/stoic-curie.212-227-153-4.plesk.page\/pt\/wp-json\/wp\/v2\/product_cat?post=751127"},{"taxonomy":"product_tag","embeddable":true,"href":"https:\/\/stoic-curie.212-227-153-4.plesk.page\/pt\/wp-json\/wp\/v2\/product_tag?post=751127"}],"curies":[{"name":"wp","href":"https:\/\/api.w.org\/{rel}","templated":true}]}}