{"id":751156,"date":"2025-03-04T00:02:05","date_gmt":"2025-03-03T23:02:05","guid":{"rendered":"https:\/\/stoic-curie.212-227-153-4.plesk.page\/producto\/casaco-offshore-helly-hansen-skagen-vermelho-tamanho-s\/"},"modified":"2026-02-25T00:28:18","modified_gmt":"2026-02-25T00:28:18","slug":"casaco-offshore-helly-hansen-skagen-vermelho-tamanho-s","status":"publish","type":"product","link":"https:\/\/stoic-curie.212-227-153-4.plesk.page\/pt\/product\/casaco-offshore-helly-hansen-skagen-vermelho-tamanho-s\/","title":{"rendered":"Casaco Offshore Helly Hansen Skagen Vermelho, Tamanho: S"},"content":{"rendered":"<p>Casaco Offshore Helly Hansen Skagen Vermelho, Tamanho: S &#8211; <\/p>\n<p>Jaqueta Offshore Skagen da Helly Hansen para navega\u00e7\u00e3o em alto-mar e costeira, com prote\u00e7\u00e3o total contra vento e ondas. Com fabrica\u00e7\u00e3o em 2 camadas tratada com Repelente de \u00c1gua Durable (DWR), \u00e9 imperme\u00e1vel, \u00e0 prova de vento e respir\u00e1vel, gra\u00e7as ao tecido HellyTech\u00c2\u00ae Performance. Com costuras totalmente seladas, forro em malha de secagem r\u00e1pida, refor\u00e7o lombar, aba protetora dupla, punhos ajust\u00e1veis duplos, mangas articuladas, bolsos no peito com z\u00edper resistente \u00e0 \u00e1gua, bolsos para aquecer as m\u00e3os forrados com fleece, grandes bolsos cargo, colarinho alto com prote\u00e7\u00e3o facial, capuz ajust\u00e1vel de alta visibilidade EN471 e refletores em conformidade com Solas.<\/p>\n","protected":false},"excerpt":{"rendered":"<p>Casaco Offshore Helly Hansen Skagen Vermelho, Tamanho: S &#8211; Jaqueta Offshore Skagen da Helly Hansen para navega\u00e7\u00e3o em alto-mar e<\/p>\n","protected":false},"featured_media":5946530,"comment_status":"open","ping_status":"closed","template":"","meta":[],"product_brand":[3002],"product_cat":[2144],"product_tag":[],"class_list":{"0":"post-751156","1":"product","2":"type-product","3":"status-publish","4":"has-post-thumbnail","6":"product_brand-helly-hansen-pt","7":"product_cat-vestuario-helly-hansen","9":"first","10":"instock","11":"shipping-taxable","12":"purchasable","13":"product-type-simple"},"_links":{"self":[{"href":"https:\/\/stoic-curie.212-227-153-4.plesk.page\/pt\/wp-json\/wp\/v2\/product\/751156","targetHints":{"allow":["GET"]}}],"collection":[{"href":"https:\/\/stoic-curie.212-227-153-4.plesk.page\/pt\/wp-json\/wp\/v2\/product"}],"about":[{"href":"https:\/\/stoic-curie.212-227-153-4.plesk.page\/pt\/wp-json\/wp\/v2\/types\/product"}],"replies":[{"embeddable":true,"href":"https:\/\/stoic-curie.212-227-153-4.plesk.page\/pt\/wp-json\/wp\/v2\/comments?post=751156"}],"version-history":[{"count":0,"href":"https:\/\/stoic-curie.212-227-153-4.plesk.page\/pt\/wp-json\/wp\/v2\/product\/751156\/revisions"}],"wp:featuredmedia":[{"embeddable":true,"href":"https:\/\/stoic-curie.212-227-153-4.plesk.page\/pt\/wp-json\/wp\/v2\/media\/5946530"}],"wp:attachment":[{"href":"https:\/\/stoic-curie.212-227-153-4.plesk.page\/pt\/wp-json\/wp\/v2\/media?parent=751156"}],"wp:term":[{"taxonomy":"product_brand","embeddable":true,"href":"https:\/\/stoic-curie.212-227-153-4.plesk.page\/pt\/wp-json\/wp\/v2\/product_brand?post=751156"},{"taxonomy":"product_cat","embeddable":true,"href":"https:\/\/stoic-curie.212-227-153-4.plesk.page\/pt\/wp-json\/wp\/v2\/product_cat?post=751156"},{"taxonomy":"product_tag","embeddable":true,"href":"https:\/\/stoic-curie.212-227-153-4.plesk.page\/pt\/wp-json\/wp\/v2\/product_tag?post=751156"}],"curies":[{"name":"wp","href":"https:\/\/api.w.org\/{rel}","templated":true}]}}