{"id":751161,"date":"2025-03-04T00:02:07","date_gmt":"2025-03-03T23:02:07","guid":{"rendered":"https:\/\/stoic-curie.212-227-153-4.plesk.page\/producto\/vitrifrigo-c65d-12-24v\/"},"modified":"2026-02-25T00:28:18","modified_gmt":"2026-02-25T00:28:18","slug":"vitrifrigo-c65d-12-24v","status":"publish","type":"product","link":"https:\/\/stoic-curie.212-227-153-4.plesk.page\/pt\/product\/vitrifrigo-c65d-12-24v\/","title":{"rendered":"Frigorifico Port\u00e1til Vitrifrigo C65D"},"content":{"rendered":"<p>Frigorifico Port\u00e1til Vitrifrigo C65D &#8211; <\/p>\n<p>Apresentamos o refrigerador e congelador port\u00e1til C65D da Vitrifrigo, projetado para instala\u00e7\u00f5es especiais. Este refrigerador\/congelador port\u00e1til possui uma unidade de resfriamento Danfoss de dupla voltagem, funcionando com 12\/24V.<\/p>\n<p>Voc\u00ea pode facilmente ajustar a temperatura interna entre +10\u00b0C e -20\u00b0C usando o termostato LED ou o display digital. A unidade consome 45W de pot\u00eancia.<\/p>\n<p>O modelo C65D vem equipado com um termostato digital, enquanto o C65L possui um termostato LED.<\/p>\n<p>O refrigerador-congelador port\u00e1til C65D \u00e9 uma excelente escolha para suas necessidades de armazenamento de alimentos enquanto est\u00e1 em movimento. Com uma capacidade espa\u00e7osa de 65 litros e um peso de 24 kg, oferece muito espa\u00e7o para uma variedade de alimentos e bebidas.<\/p>\n<p>O termostato digital ajust\u00e1vel permite que voc\u00ea defina a temperatura perfeita entre +10\u00b0C e -20\u00b0C, garantindo que seus itens permane\u00e7am frescos.<\/p>\n<p>Para maior comodidade, a cesta remov\u00edvel ajuda a organizar seus alimentos, e a luz LED interna garante que voc\u00ea possa ver tudo dentro, mesmo em condi\u00e7\u00f5es de pouca luz.<\/p>\n<p><strong>Especifica\u00e7\u00f5es:<\/strong><\/p>\n<ul>\n<li><strong>Acabamento da porta:<\/strong> ABS<\/li>\n<li><strong>Capacidade:<\/strong> 65 litros<\/li>\n<li><strong>Altura:<\/strong> 458 mm<\/li>\n<li><strong>Comprimento:<\/strong> 765 mm<\/li>\n<li><strong>Profundidade:<\/strong> 510 mm<\/li>\n<li><strong>Peso:<\/strong> 24 kg<\/li>\n<li><strong>S\u00e9rie:<\/strong> VFREE<\/li>\n<li><strong>Porta revers\u00edvel:<\/strong> N\u00e3o<\/li>\n<li><strong>Termostato:<\/strong> Digital<\/li>\n<li><strong>Tecnologia de refrigera\u00e7\u00e3o:<\/strong> Compressor<\/li>\n<li><strong>Unidade de refrigera\u00e7\u00e3o:<\/strong> Interna<\/li>\n<li><strong>Abertura da porta:<\/strong> No cockpit<\/li>\n<li><strong>Tens\u00e3o:<\/strong> 12\/24 VDC<\/li>\n<\/ul>\n<p>Este refrigerador-congelador port\u00e1til \u00e9 uma solu\u00e7\u00e3o confi\u00e1vel para manter seus alimentos e bebidas frescos, n\u00e3o importa onde suas aventuras o levem.<\/p>\n","protected":false},"excerpt":{"rendered":"<p>Frigorifico Port\u00e1til Vitrifrigo C65D &#8211; Apresentamos o refrigerador e congelador port\u00e1til C65D da Vitrifrigo, projetado para instala\u00e7\u00f5es especiais. Este refrigerador\/congelador<\/p>\n","protected":false},"featured_media":5935946,"comment_status":"open","ping_status":"closed","template":"","meta":[],"product_brand":[3527],"product_cat":[1933,2038],"product_tag":[],"class_list":{"0":"post-751161","1":"product","2":"type-product","3":"status-publish","4":"has-post-thumbnail","6":"product_brand-vitrifrigo-pt","7":"product_cat-caixas-termicas","8":"product_cat-frigorificos-e-congeladores","10":"first","11":"instock","12":"shipping-taxable","13":"purchasable","14":"product-type-simple"},"_links":{"self":[{"href":"https:\/\/stoic-curie.212-227-153-4.plesk.page\/pt\/wp-json\/wp\/v2\/product\/751161","targetHints":{"allow":["GET"]}}],"collection":[{"href":"https:\/\/stoic-curie.212-227-153-4.plesk.page\/pt\/wp-json\/wp\/v2\/product"}],"about":[{"href":"https:\/\/stoic-curie.212-227-153-4.plesk.page\/pt\/wp-json\/wp\/v2\/types\/product"}],"replies":[{"embeddable":true,"href":"https:\/\/stoic-curie.212-227-153-4.plesk.page\/pt\/wp-json\/wp\/v2\/comments?post=751161"}],"version-history":[{"count":0,"href":"https:\/\/stoic-curie.212-227-153-4.plesk.page\/pt\/wp-json\/wp\/v2\/product\/751161\/revisions"}],"wp:featuredmedia":[{"embeddable":true,"href":"https:\/\/stoic-curie.212-227-153-4.plesk.page\/pt\/wp-json\/wp\/v2\/media\/5935946"}],"wp:attachment":[{"href":"https:\/\/stoic-curie.212-227-153-4.plesk.page\/pt\/wp-json\/wp\/v2\/media?parent=751161"}],"wp:term":[{"taxonomy":"product_brand","embeddable":true,"href":"https:\/\/stoic-curie.212-227-153-4.plesk.page\/pt\/wp-json\/wp\/v2\/product_brand?post=751161"},{"taxonomy":"product_cat","embeddable":true,"href":"https:\/\/stoic-curie.212-227-153-4.plesk.page\/pt\/wp-json\/wp\/v2\/product_cat?post=751161"},{"taxonomy":"product_tag","embeddable":true,"href":"https:\/\/stoic-curie.212-227-153-4.plesk.page\/pt\/wp-json\/wp\/v2\/product_tag?post=751161"}],"curies":[{"name":"wp","href":"https:\/\/api.w.org\/{rel}","templated":true}]}}