{"id":751170,"date":"2025-03-04T00:02:10","date_gmt":"2025-03-03T23:02:10","guid":{"rendered":"https:\/\/stoic-curie.212-227-153-4.plesk.page\/producto\/binoculos-konus-konusvue-7-x-50\/"},"modified":"2026-02-25T00:28:18","modified_gmt":"2026-02-25T00:28:18","slug":"binoculos-konus-konusvue-7-x-50","status":"publish","type":"product","link":"https:\/\/stoic-curie.212-227-153-4.plesk.page\/pt\/product\/binoculos-konus-konusvue-7-x-50\/","title":{"rendered":"Bin\u00f3culos Konus KONUSVUE 7 x 50"},"content":{"rendered":"<p>Bin\u00f3culos Konus KONUSVUE 7 x 50 &#8211; <\/p>\n<p>Bin\u00f3culos com sistema de foco central e \u00f3ptica extremamente brilhante para uma imagem n\u00edtida de alta resolu\u00e7\u00e3o. Estrutura robusta revestida de borracha e \u00e0 prova de choques para uma melhor pegada. Fornecido com um estojo de tecido, al\u00e7a de ombro e tampa de lentes.<\/p>\n","protected":false},"excerpt":{"rendered":"<p>Bin\u00f3culos Konus KONUSVUE 7 x 50 &#8211; Bin\u00f3culos com sistema de foco central e \u00f3ptica extremamente brilhante para uma imagem<\/p>\n","protected":false},"featured_media":5946559,"comment_status":"open","ping_status":"closed","template":"","meta":[],"product_brand":[3057],"product_cat":[2066],"product_tag":[],"class_list":{"0":"post-751170","1":"product","2":"type-product","3":"status-publish","4":"has-post-thumbnail","6":"product_brand-konus-pt","7":"product_cat-binoculos","9":"first","10":"instock","11":"shipping-taxable","12":"purchasable","13":"product-type-simple"},"_links":{"self":[{"href":"https:\/\/stoic-curie.212-227-153-4.plesk.page\/pt\/wp-json\/wp\/v2\/product\/751170","targetHints":{"allow":["GET"]}}],"collection":[{"href":"https:\/\/stoic-curie.212-227-153-4.plesk.page\/pt\/wp-json\/wp\/v2\/product"}],"about":[{"href":"https:\/\/stoic-curie.212-227-153-4.plesk.page\/pt\/wp-json\/wp\/v2\/types\/product"}],"replies":[{"embeddable":true,"href":"https:\/\/stoic-curie.212-227-153-4.plesk.page\/pt\/wp-json\/wp\/v2\/comments?post=751170"}],"version-history":[{"count":0,"href":"https:\/\/stoic-curie.212-227-153-4.plesk.page\/pt\/wp-json\/wp\/v2\/product\/751170\/revisions"}],"wp:featuredmedia":[{"embeddable":true,"href":"https:\/\/stoic-curie.212-227-153-4.plesk.page\/pt\/wp-json\/wp\/v2\/media\/5946559"}],"wp:attachment":[{"href":"https:\/\/stoic-curie.212-227-153-4.plesk.page\/pt\/wp-json\/wp\/v2\/media?parent=751170"}],"wp:term":[{"taxonomy":"product_brand","embeddable":true,"href":"https:\/\/stoic-curie.212-227-153-4.plesk.page\/pt\/wp-json\/wp\/v2\/product_brand?post=751170"},{"taxonomy":"product_cat","embeddable":true,"href":"https:\/\/stoic-curie.212-227-153-4.plesk.page\/pt\/wp-json\/wp\/v2\/product_cat?post=751170"},{"taxonomy":"product_tag","embeddable":true,"href":"https:\/\/stoic-curie.212-227-153-4.plesk.page\/pt\/wp-json\/wp\/v2\/product_tag?post=751170"}],"curies":[{"name":"wp","href":"https:\/\/api.w.org\/{rel}","templated":true}]}}