{"id":751173,"date":"2025-03-04T00:06:59","date_gmt":"2025-03-03T23:06:59","guid":{"rendered":"https:\/\/stoic-curie.212-227-153-4.plesk.page\/producto\/vitrifrigo-c29d\/"},"modified":"2026-02-25T00:28:18","modified_gmt":"2026-02-25T00:28:18","slug":"vitrifrigo-c29d","status":"publish","type":"product","link":"https:\/\/stoic-curie.212-227-153-4.plesk.page\/pt\/product\/vitrifrigo-c29d\/","title":{"rendered":"Frigor\u00edfico Port\u00e1til Vitrifrigo C29D"},"content":{"rendered":"<p>Frigor\u00edfico Port\u00e1til Vitrifrigo C29D &#8211; <\/p>\n<p><strong>Refrigerador\/Congelador Port\u00e1til Vitrifrigo C29D<\/strong><\/p>\n<p>O Vitrifrigo C29D \u00e9 um refrigerador\/congelador port\u00e1til altamente adapt\u00e1vel, equipado com um termostato digital e um sistema de refrigera\u00e7\u00e3o Danfoss multivolt, adequado para fornecimentos de energia de 12V, 24V e 220V. Voc\u00ea pode convenientemente modificar a temperatura interna de +10\u00b0C a -15\u00b0C usando um bot\u00e3o mec\u00e2nico ou uma interface digital. A unidade opera com um consumo de energia de 48W.<\/p>\n<p><strong>Especifica\u00e7\u00f5es:<\/strong><\/p>\n<ul>\n<li><strong>Capacidade Total:<\/strong> 29 litros<\/li>\n<li><strong>Peso L\u00edquido:<\/strong> 15 kg<\/li>\n<li><strong>Fonte de Alimenta\u00e7\u00e3o:<\/strong> 12\/24V DC &#8211; 100-240V AC, 50\/60Hz<\/li>\n<li><strong>Consumo Nominal:<\/strong> 48W<\/li>\n<li><strong>Dimens\u00f5es:<\/strong>\n<ul>\n<li>Largura: 530 mm<\/li>\n<li>Altura: 390 mm<\/li>\n<li>Profundidade: 345 mm<\/li>\n<\/ul>\n<\/li>\n<li><strong>Faixa de Temperatura Interna:<\/strong> +10\u00b0C a -15\u00b0C<\/li>\n<\/ul>\n<p>Este refrigerador\/congelador representa uma excelente op\u00e7\u00e3o para propriet\u00e1rios de barcos que buscam solu\u00e7\u00f5es de refrigera\u00e7\u00e3o confi\u00e1veis e eficientes enquanto navegam.<\/p>\n","protected":false},"excerpt":{"rendered":"<p>Frigor\u00edfico Port\u00e1til Vitrifrigo C29D &#8211; Refrigerador\/Congelador Port\u00e1til Vitrifrigo C29D O Vitrifrigo C29D \u00e9 um refrigerador\/congelador port\u00e1til altamente adapt\u00e1vel, equipado com<\/p>\n","protected":false},"featured_media":5938817,"comment_status":"open","ping_status":"closed","template":"","meta":[],"product_brand":[3527],"product_cat":[1933,2038],"product_tag":[],"class_list":{"0":"post-751173","1":"product","2":"type-product","3":"status-publish","4":"has-post-thumbnail","6":"product_brand-vitrifrigo-pt","7":"product_cat-caixas-termicas","8":"product_cat-frigorificos-e-congeladores","10":"first","11":"instock","12":"shipping-taxable","13":"purchasable","14":"product-type-simple"},"_links":{"self":[{"href":"https:\/\/stoic-curie.212-227-153-4.plesk.page\/pt\/wp-json\/wp\/v2\/product\/751173","targetHints":{"allow":["GET"]}}],"collection":[{"href":"https:\/\/stoic-curie.212-227-153-4.plesk.page\/pt\/wp-json\/wp\/v2\/product"}],"about":[{"href":"https:\/\/stoic-curie.212-227-153-4.plesk.page\/pt\/wp-json\/wp\/v2\/types\/product"}],"replies":[{"embeddable":true,"href":"https:\/\/stoic-curie.212-227-153-4.plesk.page\/pt\/wp-json\/wp\/v2\/comments?post=751173"}],"version-history":[{"count":0,"href":"https:\/\/stoic-curie.212-227-153-4.plesk.page\/pt\/wp-json\/wp\/v2\/product\/751173\/revisions"}],"wp:featuredmedia":[{"embeddable":true,"href":"https:\/\/stoic-curie.212-227-153-4.plesk.page\/pt\/wp-json\/wp\/v2\/media\/5938817"}],"wp:attachment":[{"href":"https:\/\/stoic-curie.212-227-153-4.plesk.page\/pt\/wp-json\/wp\/v2\/media?parent=751173"}],"wp:term":[{"taxonomy":"product_brand","embeddable":true,"href":"https:\/\/stoic-curie.212-227-153-4.plesk.page\/pt\/wp-json\/wp\/v2\/product_brand?post=751173"},{"taxonomy":"product_cat","embeddable":true,"href":"https:\/\/stoic-curie.212-227-153-4.plesk.page\/pt\/wp-json\/wp\/v2\/product_cat?post=751173"},{"taxonomy":"product_tag","embeddable":true,"href":"https:\/\/stoic-curie.212-227-153-4.plesk.page\/pt\/wp-json\/wp\/v2\/product_tag?post=751173"}],"curies":[{"name":"wp","href":"https:\/\/api.w.org\/{rel}","templated":true}]}}