{"id":751174,"date":"2025-03-04T00:06:59","date_gmt":"2025-03-03T23:06:59","guid":{"rendered":"https:\/\/stoic-curie.212-227-153-4.plesk.page\/producto\/vitrifrigo-c41d\/"},"modified":"2026-02-25T00:28:18","modified_gmt":"2026-02-25T00:28:18","slug":"vitrifrigo-c41d","status":"publish","type":"product","link":"https:\/\/stoic-curie.212-227-153-4.plesk.page\/pt\/product\/vitrifrigo-c41d\/","title":{"rendered":"Frigor\u00edfico Port\u00e1til Vitrifrigo C41D"},"content":{"rendered":"<p>Frigor\u00edfico Port\u00e1til Vitrifrigo C41D &#8211; <\/p>\n<p style=\"\"><strong style=\"color: rgb(34, 34, 34); font-family: Arial, Helvetica, sans-serif; font-size: small;\">Refrigerador e Freezer Port\u00e1til&nbsp;<\/strong><span style=\"color: rgb(34, 34, 34); font-family: Arial, Helvetica, sans-serif; font-size: small; font-weight: 700;\">Vitrifrigo C41D<\/span><\/p>\n<p style=\"color: rgb(34, 34, 34); font-family: Arial, Helvetica, sans-serif; font-size: small;\">Este refrigerador e freezer port\u00e1til apresenta um termostato digital e um sistema de dupla voltagem (12\/24V) com uma unidade de refrigera\u00e7\u00e3o Danfoss. Voc\u00ea pode ajustar facilmente a temperatura interna entre +10\u00b0C e -10\u00b0C usando o termostato LED ou o display digital. O consumo de energia \u00e9 de 43W.<\/p>\n<p style=\"color: rgb(34, 34, 34); font-family: Arial, Helvetica, sans-serif; font-size: small;\">Com uma capacidade de 41 litros, este refrigerador port\u00e1til \u00e9 feito de polietileno de alta resist\u00eancia, garantindo durabilidade e resist\u00eancia. Inclui al\u00e7as convenientes e uma cesta interna espa\u00e7osa, tornando-o ideal para transportar alimentos, itens congelados, medicamentos e qualquer outra coisa que exija uma temperatura est\u00e1vel.<\/p>\n<p style=\"color: rgb(34, 34, 34); font-family: Arial, Helvetica, sans-serif; font-size: small;\">Dispon\u00edveis em tr\u00eas modelos e tamanhos diferentes, esses refrigeradores s\u00e3o projetados utilizando um sistema de rotomoldagem, o que aumenta sua durabilidade e efici\u00eancia, enquanto mant\u00e9m uma apar\u00eancia atraente. A faixa de temperatura ajust\u00e1vel permite que voc\u00ea mantenha os itens refrigerados ou congelados.<\/p>\n<p style=\"color: rgb(34, 34, 34); font-family: Arial, Helvetica, sans-serif; font-size: small;\">Esses refrigeradores podem se encaixar em espa\u00e7os onde unidades padr\u00e3o podem n\u00e3o caber, gra\u00e7as a recursos como compartimentos internos remov\u00edveis (BRK 35 e C47) e aberturas deslizantes (C33ip). Eles v\u00eam pr\u00e9-carregados com refrigerante R134a.<\/p>\n<p style=\"color: rgb(34, 34, 34); font-family: Arial, Helvetica, sans-serif; font-size: small;\"><strong>Dados T\u00e9cnicos:<\/strong><\/p>\n<ul style=\"color: rgb(34, 34, 34); font-family: Arial, Helvetica, sans-serif; font-size: small;\">\n<li>Capacidade total: 41 litros<\/li>\n<li>Peso l\u00edquido: 17 kg<\/li>\n<li>Fonte de energia: 12\/24Vdc (tamb\u00e9m dispon\u00edvel com um unidade de controle bivalente para 12\/24Vdc &#8211; 100-240Vac 50\/60Hz)<\/li>\n<li>Consumo de energia nominal: 43W<\/li>\n<li>Largura total: 650 mm<\/li>\n<li>Altura total: 400 mm<\/li>\n<li>Profundidade total: 385 mm<\/li>\n<li>Faixa de temperatura interna: +10\u00b0C a -10\u00b0C<\/li>\n<\/ul>\n<p style=\"color: rgb(34, 34, 34); font-family: Arial, Helvetica, sans-serif; font-size: small;\"><strong>Caracter\u00edsticas e Benef\u00edcios:<\/strong><\/p>\n<ul style=\"color: rgb(34, 34, 34); font-family: Arial, Helvetica, sans-serif; font-size: small;\">\n<li><strong>D Power (opcional):<\/strong>&nbsp;Unidade de controle bivalente para 12\/24Vdc &#8211; 100-240Vac 50\/60Hz.<\/li>\n<li><strong>Al\u00e7as (padr\u00e3o):<\/strong>&nbsp;Equipado com al\u00e7as de transporte para f\u00e1cil manuseio.<\/li>\n<li><strong>Cesta de Armazenamento (padr\u00e3o):<\/strong>&nbsp;Inclui uma pr\u00e1tica cesta de arame de a\u00e7o.<\/li>\n<li><strong>Suporte (padr\u00e3o):<\/strong>&nbsp;Um suporte de fixa\u00e7\u00e3o segura o refrigerador ao seu local de instala\u00e7\u00e3o.<\/li>\n<li><strong>Cabo de Bateria (padr\u00e3o):<\/strong>&nbsp;Acompanha um cabo para bateria com um soquete universal para isqueiro.<\/li>\n<li><strong>Termostato Digital:<\/strong>&nbsp;Permite configura\u00e7\u00f5es precisas de temperatura com base em suas necessidades.<\/li>\n<li><strong>Luz LED (padr\u00e3o):<\/strong>&nbsp;Eficiente em termos de energia e de baixo consumo.<\/li>\n<\/ul>\n","protected":false},"excerpt":{"rendered":"<p>Frigor\u00edfico Port\u00e1til Vitrifrigo C41D &#8211; Refrigerador e Freezer Port\u00e1til&nbsp;Vitrifrigo C41D Este refrigerador e freezer port\u00e1til apresenta um termostato digital e<\/p>\n","protected":false},"featured_media":5946562,"comment_status":"open","ping_status":"closed","template":"","meta":[],"product_brand":[3527],"product_cat":[1933,2038],"product_tag":[],"class_list":{"0":"post-751174","1":"product","2":"type-product","3":"status-publish","4":"has-post-thumbnail","6":"product_brand-vitrifrigo-pt","7":"product_cat-caixas-termicas","8":"product_cat-frigorificos-e-congeladores","10":"first","11":"instock","12":"shipping-taxable","13":"purchasable","14":"product-type-simple"},"_links":{"self":[{"href":"https:\/\/stoic-curie.212-227-153-4.plesk.page\/pt\/wp-json\/wp\/v2\/product\/751174","targetHints":{"allow":["GET"]}}],"collection":[{"href":"https:\/\/stoic-curie.212-227-153-4.plesk.page\/pt\/wp-json\/wp\/v2\/product"}],"about":[{"href":"https:\/\/stoic-curie.212-227-153-4.plesk.page\/pt\/wp-json\/wp\/v2\/types\/product"}],"replies":[{"embeddable":true,"href":"https:\/\/stoic-curie.212-227-153-4.plesk.page\/pt\/wp-json\/wp\/v2\/comments?post=751174"}],"version-history":[{"count":0,"href":"https:\/\/stoic-curie.212-227-153-4.plesk.page\/pt\/wp-json\/wp\/v2\/product\/751174\/revisions"}],"wp:featuredmedia":[{"embeddable":true,"href":"https:\/\/stoic-curie.212-227-153-4.plesk.page\/pt\/wp-json\/wp\/v2\/media\/5946562"}],"wp:attachment":[{"href":"https:\/\/stoic-curie.212-227-153-4.plesk.page\/pt\/wp-json\/wp\/v2\/media?parent=751174"}],"wp:term":[{"taxonomy":"product_brand","embeddable":true,"href":"https:\/\/stoic-curie.212-227-153-4.plesk.page\/pt\/wp-json\/wp\/v2\/product_brand?post=751174"},{"taxonomy":"product_cat","embeddable":true,"href":"https:\/\/stoic-curie.212-227-153-4.plesk.page\/pt\/wp-json\/wp\/v2\/product_cat?post=751174"},{"taxonomy":"product_tag","embeddable":true,"href":"https:\/\/stoic-curie.212-227-153-4.plesk.page\/pt\/wp-json\/wp\/v2\/product_tag?post=751174"}],"curies":[{"name":"wp","href":"https:\/\/api.w.org\/{rel}","templated":true}]}}