{"id":751175,"date":"2025-03-04T00:07:00","date_gmt":"2025-03-03T23:07:00","guid":{"rendered":"https:\/\/stoic-curie.212-227-153-4.plesk.page\/producto\/vitrifrigo-dcw62-20-garrafas-12-24-220v\/"},"modified":"2026-02-25T00:28:18","modified_gmt":"2026-02-25T00:28:18","slug":"vitrifrigo-dcw62-20-garrafas-12-24-220v","status":"publish","type":"product","link":"https:\/\/stoic-curie.212-227-153-4.plesk.page\/pt\/product\/vitrifrigo-dcw62-20-garrafas-12-24-220v\/","title":{"rendered":"Geladeira Vitrifrigo DCW62"},"content":{"rendered":"<p>Geladeira Vitrifrigo DCW62 &#8211; <\/p>\n<p style=\"color: rgb(34, 34, 34); font-family: Arial, Helvetica, sans-serif; font-size: small;\"><strong>Adega de Vinhos para Navega\u00e7\u00e3o: DCW62 da Vitrifrigo<\/strong><\/p>\n<p style=\"color: rgb(34, 34, 34); font-family: Arial, Helvetica, sans-serif; font-size: small;\">A Adega DCW62, parte da cole\u00e7\u00e3o de Adegas de Vinhos, oferece uma capacidade total de 62 litros, permitindo o armazenamento de at\u00e9 18 garrafas padr\u00e3o, cada uma com 76mm de di\u00e2metro e 315mm de altura. Esta adega apresenta um exterior em a\u00e7o inoxid\u00e1vel escovado e opera com um sistema de refrigera\u00e7\u00e3o interno Danfoss de 12\/24\/220V, tornando-a perfeita para manter tanto vinhos quanto champanhes em temperaturas ideais. Cont\u00e9m um term\u00f3stato digital que permite ajustar a temperatura entre +4\u00b0C e +18\u00b0C, enquanto o vidro tintado protege contra os raios UV prejudiciais.<\/p>\n<p style=\"color: rgb(34, 34, 34); font-family: Arial, Helvetica, sans-serif; font-size: small;\">O elegante acabamento em a\u00e7o inox escovado e o vidro tintado n\u00e3o apenas melhoram seu apelo est\u00e9tico, mas tamb\u00e9m protegem seu vinho da exposi\u00e7\u00e3o a UV prejudicial.<\/p>\n<p style=\"color: rgb(34, 34, 34); font-family: Arial, Helvetica, sans-serif; font-size: small;\">Com o term\u00f3stato digital, ajustar a temperatura interna \u00e9 simples, garantindo que cada tipo de vinho seja armazenado em condi\u00e7\u00f5es ideais.<\/p>\n<p style=\"color: rgb(34, 34, 34); font-family: Arial, Helvetica, sans-serif; font-size: small;\">Al\u00e9m disso, a adega DCW62, projetada especificamente para ambientes marinhos, inclui um pino de seguran\u00e7a &#8220;Pin Lock&#8221;. Este mecanismo de bloqueio aumenta a seguran\u00e7a da porta, evitando que ela se abra acidentalmente durante viagens de barco.<\/p>\n<p style=\"color: rgb(34, 34, 34); font-family: Arial, Helvetica, sans-serif; font-size: small;\"><strong>Especifica\u00e7\u00f5es:<\/strong><\/p>\n<ul style=\"color: rgb(34, 34, 34); font-family: Arial, Helvetica, sans-serif; font-size: small;\">\n<li><strong>Acabamento da Porta:<\/strong>&nbsp;Vidro<\/li>\n<li><strong>Capacidade:<\/strong>&nbsp;62 litros<\/li>\n<li><strong>Altura:<\/strong>&nbsp;670 mm<\/li>\n<li><strong>Comprimento:<\/strong>&nbsp;430 mm<\/li>\n<li><strong>Profundidade:<\/strong>&nbsp;470 mm<\/li>\n<li><strong>Peso:<\/strong>&nbsp;21 kg<\/li>\n<li><strong>S\u00e9rie:<\/strong>&nbsp;Adegas de Vinhos<\/li>\n<li><strong>Porta Revers\u00edvel:<\/strong>&nbsp;N\u00e3o<\/li>\n<li><strong>Term\u00f3stato:<\/strong>&nbsp;Digital<\/li>\n<li><strong>Tecnologia de Refrigera\u00e7\u00e3o:<\/strong>&nbsp;Compressor<\/li>\n<li><strong>Unidade de Resfriamento:<\/strong>&nbsp;Interna<\/li>\n<li><strong>Abertura da Porta:<\/strong>&nbsp;Uma porta frontal<\/li>\n<li><strong>Voltagem:<\/strong>&nbsp;12\/24 VDC &#8211; 100\/240 VAC<\/li>\n<\/ul>\n","protected":false},"excerpt":{"rendered":"<p>Geladeira Vitrifrigo DCW62 &#8211; Adega de Vinhos para Navega\u00e7\u00e3o: DCW62 da Vitrifrigo A Adega DCW62, parte da cole\u00e7\u00e3o de Adegas<\/p>\n","protected":false},"featured_media":5946565,"comment_status":"open","ping_status":"closed","template":"","meta":[],"product_brand":[3527],"product_cat":[2038],"product_tag":[],"class_list":{"0":"post-751175","1":"product","2":"type-product","3":"status-publish","4":"has-post-thumbnail","6":"product_brand-vitrifrigo-pt","7":"product_cat-frigorificos-e-congeladores","9":"first","10":"instock","11":"shipping-taxable","12":"purchasable","13":"product-type-simple"},"_links":{"self":[{"href":"https:\/\/stoic-curie.212-227-153-4.plesk.page\/pt\/wp-json\/wp\/v2\/product\/751175","targetHints":{"allow":["GET"]}}],"collection":[{"href":"https:\/\/stoic-curie.212-227-153-4.plesk.page\/pt\/wp-json\/wp\/v2\/product"}],"about":[{"href":"https:\/\/stoic-curie.212-227-153-4.plesk.page\/pt\/wp-json\/wp\/v2\/types\/product"}],"replies":[{"embeddable":true,"href":"https:\/\/stoic-curie.212-227-153-4.plesk.page\/pt\/wp-json\/wp\/v2\/comments?post=751175"}],"version-history":[{"count":0,"href":"https:\/\/stoic-curie.212-227-153-4.plesk.page\/pt\/wp-json\/wp\/v2\/product\/751175\/revisions"}],"wp:featuredmedia":[{"embeddable":true,"href":"https:\/\/stoic-curie.212-227-153-4.plesk.page\/pt\/wp-json\/wp\/v2\/media\/5946565"}],"wp:attachment":[{"href":"https:\/\/stoic-curie.212-227-153-4.plesk.page\/pt\/wp-json\/wp\/v2\/media?parent=751175"}],"wp:term":[{"taxonomy":"product_brand","embeddable":true,"href":"https:\/\/stoic-curie.212-227-153-4.plesk.page\/pt\/wp-json\/wp\/v2\/product_brand?post=751175"},{"taxonomy":"product_cat","embeddable":true,"href":"https:\/\/stoic-curie.212-227-153-4.plesk.page\/pt\/wp-json\/wp\/v2\/product_cat?post=751175"},{"taxonomy":"product_tag","embeddable":true,"href":"https:\/\/stoic-curie.212-227-153-4.plesk.page\/pt\/wp-json\/wp\/v2\/product_tag?post=751175"}],"curies":[{"name":"wp","href":"https:\/\/api.w.org\/{rel}","templated":true}]}}