{"id":751176,"date":"2025-03-04T00:07:00","date_gmt":"2025-03-03T23:07:00","guid":{"rendered":"https:\/\/stoic-curie.212-227-153-4.plesk.page\/producto\/kit-de-instalacao-vitrifrigo-macs-12000\/"},"modified":"2026-02-25T00:28:18","modified_gmt":"2026-02-25T00:28:18","slug":"kit-de-instalacao-vitrifrigo-macs-12000","status":"publish","type":"product","link":"https:\/\/stoic-curie.212-227-153-4.plesk.page\/pt\/product\/kit-de-instalacao-vitrifrigo-macs-12000\/","title":{"rendered":"Kit de Instala\u00e7\u00e3o Vitrifrigo Macs 12000"},"content":{"rendered":"<p>Kit de Instala\u00e7\u00e3o Vitrifrigo Macs 12000 &#8211; <\/p>\n<p style=\"color: rgb(34, 34, 34); font-family: Arial, Helvetica, sans-serif; font-size: small;\">Kit de Acess\u00f3rios para Ar Condicionado de 12000 BTU\/h, Vitrifrigo<\/p>\n<p style=\"color: rgb(34, 34, 34); font-family: Arial, Helvetica, sans-serif; font-size: small;\">O kit de acess\u00f3rios projetado para o sistema de ar condicionado monobloco MACS 12000 consiste nas seguintes pe\u00e7as:<\/p>\n<ul style=\"color: rgb(34, 34, 34); font-family: Arial, Helvetica, sans-serif; font-size: small;\">\n<li>Entrada de \u00c1gua do Mar (C\u00f3digo: WP519504)<\/li>\n<li>Sa\u00edda de \u00c1gua do Mar (C\u00f3digo: WP519544)<\/li>\n<li>V\u00e1lvula de Bola (C\u00f3digo: WP519724)<\/li>\n<li>Filtro de \u00c1gua do Mar (C\u00f3digo: WP519444)<\/li>\n<li>Porto de Mangueira (C\u00f3digo: 7699-0016)<\/li>\n<li>Bomba de \u00c1gua do Mar (C\u00f3digo: WPPMD421.230\/50)<\/li>\n<li>Mangueira de \u00c1gua (C\u00f3digo: WP519912)<\/li>\n<li>Duto de PVC Isolado (C\u00f3digo: 0702-0013)<\/li>\n<li>Grades de Suc\u00e7\u00e3o (C\u00f3digo: 0702-0006)<\/li>\n<li>Grade de Sa\u00edda (C\u00f3digo: 0702-0007)<\/li>\n<\/ul>\n<p style=\"color: rgb(34, 34, 34); font-family: Arial, Helvetica, sans-serif; font-size: small;\">Este kit de acess\u00f3rios \u00e9 crucial para o funcionamento adequado da unidade de ar condicionado MACS 12000. Ele inclui:<\/p>\n<ul style=\"color: rgb(34, 34, 34); font-family: Arial, Helvetica, sans-serif; font-size: small;\">\n<li>Quarteto de conectores de tubo para mangueira de 20 mm, entrada de \u00e1gua do mar e uma v\u00e1lvula de bola, todos fabricados em lat\u00e3o com rosca de 3\/4 polegadas<\/li>\n<li>Um fitting thru-hull cromado de lat\u00e3o de 3\/4 polegadas<\/li>\n<li>Um filtro de \u00e1gua do mar com conex\u00f5es de 3\/4 polegadas<\/li>\n<li>Uma bomba de \u00e1gua do mar de 220V\/40W\/0.4A equipada com duas conex\u00f5es de 20 mm<\/li>\n<li>Uma mangueira de \u00e1gua espiralada de 10 metros (20 mm)<\/li>\n<li>Um duto de ar flex\u00edvel de 5 metros (152 mm)<\/li>\n<li>Uma grade de retorno de ar com tamanho de quadro de 335 x 335 mm e um orif\u00edcio embutido de 300 x 300 mm<\/li>\n<li>Uma grade de suprimento com tamanho de quadro de 280 x 155 mm e um orif\u00edcio embutido de 250 x 120 mm<\/li>\n<\/ul>\n<p style=\"color: rgb(34, 34, 34); font-family: Arial, Helvetica, sans-serif; font-size: small;\">Peso: 23,00 kg<br \/>S\u00e9rie: MACS 12000<\/p>\n","protected":false},"excerpt":{"rendered":"<p>Kit de Instala\u00e7\u00e3o Vitrifrigo Macs 12000 &#8211; Kit de Acess\u00f3rios para Ar Condicionado de 12000 BTU\/h, Vitrifrigo O kit de<\/p>\n","protected":false},"featured_media":5946261,"comment_status":"open","ping_status":"closed","template":"","meta":[],"product_brand":[3527],"product_cat":[1934],"product_tag":[],"class_list":{"0":"post-751176","1":"product","2":"type-product","3":"status-publish","4":"has-post-thumbnail","6":"product_brand-vitrifrigo-pt","7":"product_cat-eletrodomesticos","9":"first","10":"instock","11":"shipping-taxable","12":"purchasable","13":"product-type-simple"},"_links":{"self":[{"href":"https:\/\/stoic-curie.212-227-153-4.plesk.page\/pt\/wp-json\/wp\/v2\/product\/751176","targetHints":{"allow":["GET"]}}],"collection":[{"href":"https:\/\/stoic-curie.212-227-153-4.plesk.page\/pt\/wp-json\/wp\/v2\/product"}],"about":[{"href":"https:\/\/stoic-curie.212-227-153-4.plesk.page\/pt\/wp-json\/wp\/v2\/types\/product"}],"replies":[{"embeddable":true,"href":"https:\/\/stoic-curie.212-227-153-4.plesk.page\/pt\/wp-json\/wp\/v2\/comments?post=751176"}],"version-history":[{"count":0,"href":"https:\/\/stoic-curie.212-227-153-4.plesk.page\/pt\/wp-json\/wp\/v2\/product\/751176\/revisions"}],"wp:featuredmedia":[{"embeddable":true,"href":"https:\/\/stoic-curie.212-227-153-4.plesk.page\/pt\/wp-json\/wp\/v2\/media\/5946261"}],"wp:attachment":[{"href":"https:\/\/stoic-curie.212-227-153-4.plesk.page\/pt\/wp-json\/wp\/v2\/media?parent=751176"}],"wp:term":[{"taxonomy":"product_brand","embeddable":true,"href":"https:\/\/stoic-curie.212-227-153-4.plesk.page\/pt\/wp-json\/wp\/v2\/product_brand?post=751176"},{"taxonomy":"product_cat","embeddable":true,"href":"https:\/\/stoic-curie.212-227-153-4.plesk.page\/pt\/wp-json\/wp\/v2\/product_cat?post=751176"},{"taxonomy":"product_tag","embeddable":true,"href":"https:\/\/stoic-curie.212-227-153-4.plesk.page\/pt\/wp-json\/wp\/v2\/product_tag?post=751176"}],"curies":[{"name":"wp","href":"https:\/\/api.w.org\/{rel}","templated":true}]}}