{"id":751181,"date":"2025-03-04T00:07:02","date_gmt":"2025-03-03T23:07:02","guid":{"rendered":"https:\/\/stoic-curie.212-227-153-4.plesk.page\/producto\/tanque-de-combustivel-can-sb-oem-406lt-1550-x-800-x-380mm\/"},"modified":"2026-02-25T00:28:18","modified_gmt":"2026-02-25T00:28:18","slug":"tanque-de-combustivel-can-sb-oem-406lt-1550-x-800-x-380mm","status":"publish","type":"product","link":"https:\/\/stoic-curie.212-227-153-4.plesk.page\/pt\/product\/tanque-de-combustivel-can-sb-oem-406lt-1550-x-800-x-380mm\/","title":{"rendered":"Tanque de Combust\u00edvel Can-SB OEM 406lt (1550 x 800 x 380mm)"},"content":{"rendered":"<p>Tanque de Combust\u00edvel Can-SB OEM 406lt (1550 x 800 x 380mm) &#8211; <\/p>\n<p style=\"color: rgb(34, 34, 34); font-family: Arial, Helvetica, sans-serif; font-size: small;\">Nossos tanques de combust\u00edvel de polietileno reticulado s\u00e3o meticulosamente projetados com uma forma de casco inferior que apoia de forma otimizada sua instala\u00e7\u00e3o em diversas aplica\u00e7\u00f5es marinhas. Esses tanques v\u00eam equipados com conex\u00f5es pr\u00e9-moldadas, o que os torna excepcionalmente adequados para instala\u00e7\u00f5es de fabricantes de equipamentos originais (OEM). Cada tanque \u00e9 cuidadosamente projetado com um olho de inspe\u00e7\u00e3o que possui uma ventila\u00e7\u00e3o de 17\/19 mm, um tubo de mergulho de combust\u00edvel de 12 mm e uma tampa de rosca segura. Essa aten\u00e7\u00e3o aos detalhes garante que os usu\u00e1rios possam monitorar facilmente os n\u00edveis de combust\u00edvel e manter a integridade do tanque. Al\u00e9m disso, nossos tanques s\u00e3o vers\u00e1teis o suficiente para acomodar entradas de 38\/50\/60 mm, atendendo a uma ampla variedade de necessidades de transfer\u00eancia de combust\u00edvel.<\/p>\n<p style=\"color: rgb(34, 34, 34); font-family: Arial, Helvetica, sans-serif; font-size: small;\">Esses tanques de polietileno reticulado s\u00e3o especificamente projetados para propriet\u00e1rios de barcos que precisam da capacidade de transportar quantidades substanciais de gasolina ou diesel a bordo. Para aprimorar a usabilidade, oferecemos esses tanques em formas retangulares e irregulares, permitindo uma posi\u00e7\u00e3o ideal no casco da sua embarca\u00e7\u00e3o. Essa flexibilidade de design \u00e9 complementada por op\u00e7\u00f5es de ventila\u00e7\u00e3o e disposi\u00e7\u00f5es para conex\u00f5es de 38 mm e 50 mm, garantindo que a instala\u00e7\u00e3o seja simples e eficiente.<\/p>\n<p style=\"color: rgb(34, 34, 34); font-family: Arial, Helvetica, sans-serif; font-size: small;\">Certos modelos de nossos tanques de combust\u00edvel s\u00e3o equipados com um flutuador de lat\u00e3o cromado, que n\u00e3o apenas acrescenta \u00e0 durabilidade do produto, mas tamb\u00e9m permite a instala\u00e7\u00e3o de um flutuador adicional, se necess\u00e1rio. Para aqueles que utilizam gasolina especificamente, fornecemos tanques que v\u00eam equipados com um indicador de n\u00edvel capacitivo, permitindo o monitoramento preciso dos n\u00edveis de combust\u00edvel. \u00c9 importante observar que todos os nossos tanques de combust\u00edvel para barcos possuem aprova\u00e7\u00f5es RINA e CE, o que garante que atendam a rigorosos padr\u00f5es de seguran\u00e7a e qualidade, proporcionando tranquilidade aos nossos clientes.<\/p>\n<p style=\"color: rgb(34, 34, 34); font-family: Arial, Helvetica, sans-serif; font-size: small;\">Os tanques de combust\u00edvel exibidos em nosso site s\u00e3o alguns dos tanques de combust\u00edvel de pl\u00e1stico de mais alta qualidade dispon\u00edveis no mercado hoje. Ao contr\u00e1rio dos tanques met\u00e1licos tradicionais, nossas op\u00e7\u00f5es de polietileno s\u00e3o inerentemente resistentes \u00e0 corros\u00e3o, o que \u00e9 uma vantagem significativa no ambiente marinho, onde a exposi\u00e7\u00e3o \u00e0 \u00e1gua do mar e a outros elementos corrosivos \u00e9 comum. Al\u00e9m disso, nossos tanques s\u00e3o cerca de 30% mais leves do que tanques met\u00e1licos de tamanho equivalente, o que pode contribuir para a melhoria da efici\u00eancia de combust\u00edvel e o desempenho geral da sua embarca\u00e7\u00e3o.<\/p>\n<p style=\"color: rgb(34, 34, 34); font-family: Arial, Helvetica, sans-serif; font-size: small;\">Constru\u00eddos a partir de polietileno reticulado, esses tanques s\u00e3o totalmente resistentes tanto \u00e0 gasolina quanto ao diesel, garantindo que n\u00e3o se degradem ou comprometam a qualidade do combust\u00edvel que armazenam. Cada tanque passa por rigorosos testes e processos de certifica\u00e7\u00e3o para garantir confiabilidade e desempenho, para que voc\u00ea possa confiar que est\u00e1 investindo em um produto que lhe servir\u00e1 bem por muitos anos. Nosso compromisso com a qualidade e a satisfa\u00e7\u00e3o do cliente \u00e9 inabal\u00e1vel, e estamos dedicados a fornecer aos propriet\u00e1rios de barcos os melhores equipamentos e acess\u00f3rios dispon\u00edveis.<\/p>\n","protected":false},"excerpt":{"rendered":"<p>Tanque de Combust\u00edvel Can-SB OEM 406lt (1550 x 800 x 380mm) &#8211; Nossos tanques de combust\u00edvel de polietileno reticulado s\u00e3o<\/p>\n","protected":false},"featured_media":5946579,"comment_status":"open","ping_status":"closed","template":"","meta":[],"product_brand":[2857],"product_cat":[2087],"product_tag":[],"class_list":{"0":"post-751181","1":"product","2":"type-product","3":"status-publish","4":"has-post-thumbnail","6":"product_brand-can-marine-pt","7":"product_cat-tanques-de-combustivel","9":"first","10":"instock","11":"shipping-taxable","12":"purchasable","13":"product-type-simple"},"_links":{"self":[{"href":"https:\/\/stoic-curie.212-227-153-4.plesk.page\/pt\/wp-json\/wp\/v2\/product\/751181","targetHints":{"allow":["GET"]}}],"collection":[{"href":"https:\/\/stoic-curie.212-227-153-4.plesk.page\/pt\/wp-json\/wp\/v2\/product"}],"about":[{"href":"https:\/\/stoic-curie.212-227-153-4.plesk.page\/pt\/wp-json\/wp\/v2\/types\/product"}],"replies":[{"embeddable":true,"href":"https:\/\/stoic-curie.212-227-153-4.plesk.page\/pt\/wp-json\/wp\/v2\/comments?post=751181"}],"version-history":[{"count":0,"href":"https:\/\/stoic-curie.212-227-153-4.plesk.page\/pt\/wp-json\/wp\/v2\/product\/751181\/revisions"}],"wp:featuredmedia":[{"embeddable":true,"href":"https:\/\/stoic-curie.212-227-153-4.plesk.page\/pt\/wp-json\/wp\/v2\/media\/5946579"}],"wp:attachment":[{"href":"https:\/\/stoic-curie.212-227-153-4.plesk.page\/pt\/wp-json\/wp\/v2\/media?parent=751181"}],"wp:term":[{"taxonomy":"product_brand","embeddable":true,"href":"https:\/\/stoic-curie.212-227-153-4.plesk.page\/pt\/wp-json\/wp\/v2\/product_brand?post=751181"},{"taxonomy":"product_cat","embeddable":true,"href":"https:\/\/stoic-curie.212-227-153-4.plesk.page\/pt\/wp-json\/wp\/v2\/product_cat?post=751181"},{"taxonomy":"product_tag","embeddable":true,"href":"https:\/\/stoic-curie.212-227-153-4.plesk.page\/pt\/wp-json\/wp\/v2\/product_tag?post=751181"}],"curies":[{"name":"wp","href":"https:\/\/api.w.org\/{rel}","templated":true}]}}