{"id":751185,"date":"2025-03-04T00:07:03","date_gmt":"2025-03-03T23:07:03","guid":{"rendered":"https:\/\/stoic-curie.212-227-153-4.plesk.page\/producto\/pedestal-fixo-garelick-h610mm\/"},"modified":"2026-02-25T00:28:18","modified_gmt":"2026-02-25T00:28:18","slug":"pedestal-fixo-garelick-h610mm","status":"publish","type":"product","link":"https:\/\/stoic-curie.212-227-153-4.plesk.page\/pt\/product\/pedestal-fixo-garelick-h610mm\/","title":{"rendered":"Pedestal Fixo Garelick H610mm"},"content":{"rendered":"<p>Pedestal Fixo Garelick H610mm &#8211; <\/p>\n<p>Pedestal de assento Garelick de alum\u00ednio anodizado de altura fixa. Pode ser complementado com um topo padr\u00e3o ou com um topo deslizante para frente e para tr\u00e1s. Ambos os topos s\u00e3o equipados com um rolamento de Delrin que elimina a fric\u00e7\u00e3o e proporciona uma rota\u00e7\u00e3o perfeita. Di\u00e2metro do pedestal 73 mm, di\u00e2metro da base 235 mm.<\/p>\n","protected":false},"excerpt":{"rendered":"<p>Pedestal Fixo Garelick H610mm &#8211; Pedestal de assento Garelick de alum\u00ednio anodizado de altura fixa. Pode ser complementado com um<\/p>\n","protected":false},"featured_media":5946593,"comment_status":"open","ping_status":"closed","template":"","meta":[],"product_brand":[2967],"product_cat":[1965,1985],"product_tag":[],"class_list":{"0":"post-751185","1":"product","2":"type-product","3":"status-publish","4":"has-post-thumbnail","6":"product_brand-garelick-pt","7":"product_cat-assentos","8":"product_cat-pedestais-de-assento","10":"first","11":"instock","12":"shipping-taxable","13":"purchasable","14":"product-type-simple"},"_links":{"self":[{"href":"https:\/\/stoic-curie.212-227-153-4.plesk.page\/pt\/wp-json\/wp\/v2\/product\/751185","targetHints":{"allow":["GET"]}}],"collection":[{"href":"https:\/\/stoic-curie.212-227-153-4.plesk.page\/pt\/wp-json\/wp\/v2\/product"}],"about":[{"href":"https:\/\/stoic-curie.212-227-153-4.plesk.page\/pt\/wp-json\/wp\/v2\/types\/product"}],"replies":[{"embeddable":true,"href":"https:\/\/stoic-curie.212-227-153-4.plesk.page\/pt\/wp-json\/wp\/v2\/comments?post=751185"}],"version-history":[{"count":0,"href":"https:\/\/stoic-curie.212-227-153-4.plesk.page\/pt\/wp-json\/wp\/v2\/product\/751185\/revisions"}],"wp:featuredmedia":[{"embeddable":true,"href":"https:\/\/stoic-curie.212-227-153-4.plesk.page\/pt\/wp-json\/wp\/v2\/media\/5946593"}],"wp:attachment":[{"href":"https:\/\/stoic-curie.212-227-153-4.plesk.page\/pt\/wp-json\/wp\/v2\/media?parent=751185"}],"wp:term":[{"taxonomy":"product_brand","embeddable":true,"href":"https:\/\/stoic-curie.212-227-153-4.plesk.page\/pt\/wp-json\/wp\/v2\/product_brand?post=751185"},{"taxonomy":"product_cat","embeddable":true,"href":"https:\/\/stoic-curie.212-227-153-4.plesk.page\/pt\/wp-json\/wp\/v2\/product_cat?post=751185"},{"taxonomy":"product_tag","embeddable":true,"href":"https:\/\/stoic-curie.212-227-153-4.plesk.page\/pt\/wp-json\/wp\/v2\/product_tag?post=751185"}],"curies":[{"name":"wp","href":"https:\/\/api.w.org\/{rel}","templated":true}]}}