{"id":751188,"date":"2025-03-04T00:11:38","date_gmt":"2025-03-03T23:11:38","guid":{"rendered":"https:\/\/stoic-curie.212-227-153-4.plesk.page\/producto\/pedestal-ajustavel-com-base-garelick-h300-430mm\/"},"modified":"2026-02-25T00:28:18","modified_gmt":"2026-02-25T00:28:18","slug":"pedestal-ajustavel-com-base-garelick-h300-430mm","status":"publish","type":"product","link":"https:\/\/stoic-curie.212-227-153-4.plesk.page\/pt\/product\/pedestal-ajustavel-com-base-garelick-h300-430mm\/","title":{"rendered":"Pedestal Ajust\u00e1vel com Base Garelick H300-430mm"},"content":{"rendered":"<p>Pedestal Ajust\u00e1vel com Base Garelick H300-430mm &#8211; <\/p>\n<p>Pedestal de assento Garelick em alum\u00ednio anodizado com altura ajust\u00e1vel e pino de snap. Pode ser completado com uma parte superior padr\u00e3o ou com uma parte superior deslizante de assento para frente e para tr\u00e1s. Ambas as partes superiores est\u00e3o equipadas com um rolamento de Delrin que elimina o atrito e proporciona uma rota\u00e7\u00e3o perfeita. Di\u00e2metro do pedestal 73 mm, di\u00e2metro da base 235 mm.<\/p>\n","protected":false},"excerpt":{"rendered":"<p>Pedestal Ajust\u00e1vel com Base Garelick H300-430mm &#8211; Pedestal de assento Garelick em alum\u00ednio anodizado com altura ajust\u00e1vel e pino de<\/p>\n","protected":false},"featured_media":5946603,"comment_status":"open","ping_status":"closed","template":"","meta":[],"product_brand":[2967],"product_cat":[1965,1985],"product_tag":[],"class_list":{"0":"post-751188","1":"product","2":"type-product","3":"status-publish","4":"has-post-thumbnail","6":"product_brand-garelick-pt","7":"product_cat-assentos","8":"product_cat-pedestais-de-assento","10":"first","11":"instock","12":"shipping-taxable","13":"purchasable","14":"product-type-simple"},"_links":{"self":[{"href":"https:\/\/stoic-curie.212-227-153-4.plesk.page\/pt\/wp-json\/wp\/v2\/product\/751188","targetHints":{"allow":["GET"]}}],"collection":[{"href":"https:\/\/stoic-curie.212-227-153-4.plesk.page\/pt\/wp-json\/wp\/v2\/product"}],"about":[{"href":"https:\/\/stoic-curie.212-227-153-4.plesk.page\/pt\/wp-json\/wp\/v2\/types\/product"}],"replies":[{"embeddable":true,"href":"https:\/\/stoic-curie.212-227-153-4.plesk.page\/pt\/wp-json\/wp\/v2\/comments?post=751188"}],"version-history":[{"count":0,"href":"https:\/\/stoic-curie.212-227-153-4.plesk.page\/pt\/wp-json\/wp\/v2\/product\/751188\/revisions"}],"wp:featuredmedia":[{"embeddable":true,"href":"https:\/\/stoic-curie.212-227-153-4.plesk.page\/pt\/wp-json\/wp\/v2\/media\/5946603"}],"wp:attachment":[{"href":"https:\/\/stoic-curie.212-227-153-4.plesk.page\/pt\/wp-json\/wp\/v2\/media?parent=751188"}],"wp:term":[{"taxonomy":"product_brand","embeddable":true,"href":"https:\/\/stoic-curie.212-227-153-4.plesk.page\/pt\/wp-json\/wp\/v2\/product_brand?post=751188"},{"taxonomy":"product_cat","embeddable":true,"href":"https:\/\/stoic-curie.212-227-153-4.plesk.page\/pt\/wp-json\/wp\/v2\/product_cat?post=751188"},{"taxonomy":"product_tag","embeddable":true,"href":"https:\/\/stoic-curie.212-227-153-4.plesk.page\/pt\/wp-json\/wp\/v2\/product_tag?post=751188"}],"curies":[{"name":"wp","href":"https:\/\/api.w.org\/{rel}","templated":true}]}}