{"id":751189,"date":"2025-03-04T00:11:40","date_gmt":"2025-03-03T23:11:40","guid":{"rendered":"https:\/\/stoic-curie.212-227-153-4.plesk.page\/producto\/pedestal-ajustavel-com-base-garelick-h460-580mm\/"},"modified":"2026-02-25T00:28:18","modified_gmt":"2026-02-25T00:28:18","slug":"pedestal-ajustavel-com-base-garelick-h460-580mm","status":"publish","type":"product","link":"https:\/\/stoic-curie.212-227-153-4.plesk.page\/pt\/product\/pedestal-ajustavel-com-base-garelick-h460-580mm\/","title":{"rendered":"Pedestal Ajust\u00e1vel com Base Garelick H460-580mm"},"content":{"rendered":"<p>Pedestal Ajust\u00e1vel com Base Garelick H460-580mm &#8211; <\/p>\n<p>Pedestal de assento Garelick de alum\u00ednio anodizado com altura ajust\u00e1vel e pino de travamento. Deve ser completado com um topo padr\u00e3o ou com um topo deslizante dianteiro-traseiro. Ambos os topos s\u00e3o equipados com um rolamento de Delrin, que cancela o atrito e proporciona uma rota\u00e7\u00e3o perfeita. O di\u00e2metro do pedestal \u00e9 de 73 mm, e o di\u00e2metro da base \u00e9 de 235 mm.<\/p>\n","protected":false},"excerpt":{"rendered":"<p>Pedestal Ajust\u00e1vel com Base Garelick H460-580mm &#8211; Pedestal de assento Garelick de alum\u00ednio anodizado com altura ajust\u00e1vel e pino de<\/p>\n","protected":false},"featured_media":5946603,"comment_status":"open","ping_status":"closed","template":"","meta":[],"product_brand":[2967],"product_cat":[1965,1985],"product_tag":[],"class_list":{"0":"post-751189","1":"product","2":"type-product","3":"status-publish","4":"has-post-thumbnail","6":"product_brand-garelick-pt","7":"product_cat-assentos","8":"product_cat-pedestais-de-assento","10":"first","11":"instock","12":"shipping-taxable","13":"purchasable","14":"product-type-simple"},"_links":{"self":[{"href":"https:\/\/stoic-curie.212-227-153-4.plesk.page\/pt\/wp-json\/wp\/v2\/product\/751189","targetHints":{"allow":["GET"]}}],"collection":[{"href":"https:\/\/stoic-curie.212-227-153-4.plesk.page\/pt\/wp-json\/wp\/v2\/product"}],"about":[{"href":"https:\/\/stoic-curie.212-227-153-4.plesk.page\/pt\/wp-json\/wp\/v2\/types\/product"}],"replies":[{"embeddable":true,"href":"https:\/\/stoic-curie.212-227-153-4.plesk.page\/pt\/wp-json\/wp\/v2\/comments?post=751189"}],"version-history":[{"count":0,"href":"https:\/\/stoic-curie.212-227-153-4.plesk.page\/pt\/wp-json\/wp\/v2\/product\/751189\/revisions"}],"wp:featuredmedia":[{"embeddable":true,"href":"https:\/\/stoic-curie.212-227-153-4.plesk.page\/pt\/wp-json\/wp\/v2\/media\/5946603"}],"wp:attachment":[{"href":"https:\/\/stoic-curie.212-227-153-4.plesk.page\/pt\/wp-json\/wp\/v2\/media?parent=751189"}],"wp:term":[{"taxonomy":"product_brand","embeddable":true,"href":"https:\/\/stoic-curie.212-227-153-4.plesk.page\/pt\/wp-json\/wp\/v2\/product_brand?post=751189"},{"taxonomy":"product_cat","embeddable":true,"href":"https:\/\/stoic-curie.212-227-153-4.plesk.page\/pt\/wp-json\/wp\/v2\/product_cat?post=751189"},{"taxonomy":"product_tag","embeddable":true,"href":"https:\/\/stoic-curie.212-227-153-4.plesk.page\/pt\/wp-json\/wp\/v2\/product_tag?post=751189"}],"curies":[{"name":"wp","href":"https:\/\/api.w.org\/{rel}","templated":true}]}}