{"id":751191,"date":"2025-03-04T00:11:40","date_gmt":"2025-03-03T23:11:40","guid":{"rendered":"https:\/\/stoic-curie.212-227-153-4.plesk.page\/producto\/pedestal-de-aluminio-garelick-de-bloqueio-rapido-h690-mm\/"},"modified":"2026-02-25T00:28:19","modified_gmt":"2026-02-25T00:28:19","slug":"pedestal-de-aluminio-garelick-de-bloqueio-rapido-h690-mm","status":"publish","type":"product","link":"https:\/\/stoic-curie.212-227-153-4.plesk.page\/pt\/product\/pedestal-de-aluminio-garelick-de-bloqueio-rapido-h690-mm\/","title":{"rendered":"Pedestal de Alum\u00ednio Garelick de bloqueio r\u00e1pido H690 mm"},"content":{"rendered":"<p>Pedestal de Alum\u00ednio Garelick de bloqueio r\u00e1pido H690 mm &#8211; <\/p>\n<p>Pedestal de mesa de alum\u00ednio anodizado em satin com bases de pol\u00edmero marinho resistente \u00e0 corros\u00e3o. O sistema Twist-Lock permite fixar ou remover o suporte da base nivelada, mantendo o conv\u00e9s livre e sem a necessidade de furar buracos para instala\u00e7\u00e3o. Di\u00e2metro do tubo 60 mm, base superior 180 mm, base inferior 170 mm.<\/p>\n","protected":false},"excerpt":{"rendered":"<p>Pedestal de Alum\u00ednio Garelick de bloqueio r\u00e1pido H690 mm &#8211; Pedestal de mesa de alum\u00ednio anodizado em satin com bases<\/p>\n","protected":false},"featured_media":5946604,"comment_status":"open","ping_status":"closed","template":"","meta":[],"product_brand":[2967],"product_cat":[1929],"product_tag":[],"class_list":{"0":"post-751191","1":"product","2":"type-product","3":"status-publish","4":"has-post-thumbnail","6":"product_brand-garelick-pt","7":"product_cat-mesas-e-cadeiras","9":"first","10":"instock","11":"shipping-taxable","12":"purchasable","13":"product-type-simple"},"_links":{"self":[{"href":"https:\/\/stoic-curie.212-227-153-4.plesk.page\/pt\/wp-json\/wp\/v2\/product\/751191","targetHints":{"allow":["GET"]}}],"collection":[{"href":"https:\/\/stoic-curie.212-227-153-4.plesk.page\/pt\/wp-json\/wp\/v2\/product"}],"about":[{"href":"https:\/\/stoic-curie.212-227-153-4.plesk.page\/pt\/wp-json\/wp\/v2\/types\/product"}],"replies":[{"embeddable":true,"href":"https:\/\/stoic-curie.212-227-153-4.plesk.page\/pt\/wp-json\/wp\/v2\/comments?post=751191"}],"version-history":[{"count":0,"href":"https:\/\/stoic-curie.212-227-153-4.plesk.page\/pt\/wp-json\/wp\/v2\/product\/751191\/revisions"}],"wp:featuredmedia":[{"embeddable":true,"href":"https:\/\/stoic-curie.212-227-153-4.plesk.page\/pt\/wp-json\/wp\/v2\/media\/5946604"}],"wp:attachment":[{"href":"https:\/\/stoic-curie.212-227-153-4.plesk.page\/pt\/wp-json\/wp\/v2\/media?parent=751191"}],"wp:term":[{"taxonomy":"product_brand","embeddable":true,"href":"https:\/\/stoic-curie.212-227-153-4.plesk.page\/pt\/wp-json\/wp\/v2\/product_brand?post=751191"},{"taxonomy":"product_cat","embeddable":true,"href":"https:\/\/stoic-curie.212-227-153-4.plesk.page\/pt\/wp-json\/wp\/v2\/product_cat?post=751191"},{"taxonomy":"product_tag","embeddable":true,"href":"https:\/\/stoic-curie.212-227-153-4.plesk.page\/pt\/wp-json\/wp\/v2\/product_tag?post=751191"}],"curies":[{"name":"wp","href":"https:\/\/api.w.org\/{rel}","templated":true}]}}