{"id":751193,"date":"2025-03-04T00:11:41","date_gmt":"2025-03-03T23:11:41","guid":{"rendered":"https:\/\/stoic-curie.212-227-153-4.plesk.page\/producto\/pedestal-ajustavel-garelick-370-780mm\/"},"modified":"2026-02-25T00:28:19","modified_gmt":"2026-02-25T00:28:19","slug":"pedestal-ajustavel-garelick-370-780mm","status":"publish","type":"product","link":"https:\/\/stoic-curie.212-227-153-4.plesk.page\/pt\/product\/pedestal-ajustavel-garelick-370-780mm\/","title":{"rendered":"Pedestal Ajust\u00e1vel Garelick 370-780mm"},"content":{"rendered":"<p>Pedestal Ajust\u00e1vel Garelick 370-780mm &#8211; <\/p>\n<p>P\u00e9 de mesa de alum\u00ednio anodizado marinho com acabamento acetinado e altura ajust\u00e1vel manualmente com pino. Di\u00e2metro do tubo 70 mm, di\u00e2metro da base 230 mm.<\/p>\n","protected":false},"excerpt":{"rendered":"<p>Pedestal Ajust\u00e1vel Garelick 370-780mm &#8211; P\u00e9 de mesa de alum\u00ednio anodizado marinho com acabamento acetinado e altura ajust\u00e1vel manualmente com<\/p>\n","protected":false},"featured_media":5946610,"comment_status":"open","ping_status":"closed","template":"","meta":[],"product_brand":[2967],"product_cat":[1929],"product_tag":[],"class_list":{"0":"post-751193","1":"product","2":"type-product","3":"status-publish","4":"has-post-thumbnail","6":"product_brand-garelick-pt","7":"product_cat-mesas-e-cadeiras","9":"first","10":"instock","11":"shipping-taxable","12":"purchasable","13":"product-type-simple"},"_links":{"self":[{"href":"https:\/\/stoic-curie.212-227-153-4.plesk.page\/pt\/wp-json\/wp\/v2\/product\/751193","targetHints":{"allow":["GET"]}}],"collection":[{"href":"https:\/\/stoic-curie.212-227-153-4.plesk.page\/pt\/wp-json\/wp\/v2\/product"}],"about":[{"href":"https:\/\/stoic-curie.212-227-153-4.plesk.page\/pt\/wp-json\/wp\/v2\/types\/product"}],"replies":[{"embeddable":true,"href":"https:\/\/stoic-curie.212-227-153-4.plesk.page\/pt\/wp-json\/wp\/v2\/comments?post=751193"}],"version-history":[{"count":0,"href":"https:\/\/stoic-curie.212-227-153-4.plesk.page\/pt\/wp-json\/wp\/v2\/product\/751193\/revisions"}],"wp:featuredmedia":[{"embeddable":true,"href":"https:\/\/stoic-curie.212-227-153-4.plesk.page\/pt\/wp-json\/wp\/v2\/media\/5946610"}],"wp:attachment":[{"href":"https:\/\/stoic-curie.212-227-153-4.plesk.page\/pt\/wp-json\/wp\/v2\/media?parent=751193"}],"wp:term":[{"taxonomy":"product_brand","embeddable":true,"href":"https:\/\/stoic-curie.212-227-153-4.plesk.page\/pt\/wp-json\/wp\/v2\/product_brand?post=751193"},{"taxonomy":"product_cat","embeddable":true,"href":"https:\/\/stoic-curie.212-227-153-4.plesk.page\/pt\/wp-json\/wp\/v2\/product_cat?post=751193"},{"taxonomy":"product_tag","embeddable":true,"href":"https:\/\/stoic-curie.212-227-153-4.plesk.page\/pt\/wp-json\/wp\/v2\/product_tag?post=751193"}],"curies":[{"name":"wp","href":"https:\/\/api.w.org\/{rel}","templated":true}]}}