{"id":751198,"date":"2025-03-04T00:11:43","date_gmt":"2025-03-03T23:11:43","guid":{"rendered":"https:\/\/stoic-curie.212-227-153-4.plesk.page\/producto\/vitrifrigo-dcw46-12-garrafas-12-24-220v\/"},"modified":"2026-02-25T00:28:19","modified_gmt":"2026-02-25T00:28:19","slug":"vitrifrigo-dcw46-12-garrafas-12-24-220v","status":"publish","type":"product","link":"https:\/\/stoic-curie.212-227-153-4.plesk.page\/pt\/product\/vitrifrigo-dcw46-12-garrafas-12-24-220v\/","title":{"rendered":"Geladeira Vitrifrigo DCW46"},"content":{"rendered":"<p>Geladeira Vitrifrigo DCW46 &#8211; <\/p>\n<p style=\"color: rgb(34, 34, 34); font-family: Arial, Helvetica, sans-serif; font-size: small;\"><strong>Adega de Barco, DCW46, Vitrifrigo<\/strong><\/p>\n<p style=\"color: rgb(34, 34, 34); font-family: Arial, Helvetica, sans-serif; font-size: small;\">As adegas de vinho Vitrifrigo apresentam um elegante acabamento em a\u00e7o inoxid\u00e1vel escovado e uma confi\u00e1vel unidade de refrigera\u00e7\u00e3o interna Danfoss que funciona em 12\/24\/220V. Essas adegas s\u00e3o perfeitas para armazenar tanto vinho quanto champanhe. O modelo DCW46, parte da s\u00e9rie Adegas, possui uma capacidade total de 46 litros, permitindo o armazenamento de at\u00e9 10 garrafas padr\u00e3o, cada uma com di\u00e2metro de 76mm e altura de 315mm.<\/p>\n<p style=\"color: rgb(34, 34, 34); font-family: Arial, Helvetica, sans-serif; font-size: small;\">Esta adega n\u00e3o s\u00f3 tem uma apar\u00eancia elegante com seu acabamento em a\u00e7o inoxid\u00e1vel escovado e vidro tonalizado, mas tamb\u00e9m protege efetivamente seu vinho de raios UV prejudiciais.<\/p>\n<p style=\"color: rgb(34, 34, 34); font-family: Arial, Helvetica, sans-serif; font-size: small;\">Com o termostato digital, voc\u00ea pode ajustar facilmente a temperatura interna entre +4\u00b0C e +18\u00b0C, garantindo que cada tipo de vinho seja mantido nas melhores condi\u00e7\u00f5es poss\u00edveis.<\/p>\n<p style=\"color: rgb(34, 34, 34); font-family: Arial, Helvetica, sans-serif; font-size: small;\">Al\u00e9m disso, a adega DCW46 \u00e9 projetada para uso em mar e inclui um pino de seguran\u00e7a &#8220;Pin Lock&#8221;. Este sistema de fecho proporciona seguran\u00e7a adicional \u00e0 porta, evitando que ela se abra durante viagens de barco.<\/p>\n<p style=\"color: rgb(34, 34, 34); font-family: Arial, Helvetica, sans-serif; font-size: small;\"><strong>Especifica\u00e7\u00f5es:<\/strong><\/p>\n<ul style=\"color: rgb(34, 34, 34); font-family: Arial, Helvetica, sans-serif; font-size: small;\">\n<li><strong>Acabamento da Porta:<\/strong>&nbsp;Vidro<\/li>\n<li><strong>Capacidade:<\/strong>&nbsp;46 litros<\/li>\n<li><strong>Altura:<\/strong>&nbsp;535 mm<\/li>\n<li><strong>Comprimento:<\/strong>&nbsp;430 mm<\/li>\n<li><strong>Profundidade:<\/strong>&nbsp;470 mm<\/li>\n<li><strong>Peso:<\/strong>&nbsp;18 kg<\/li>\n<li><strong>S\u00e9rie:<\/strong>&nbsp;Adegas<\/li>\n<li><strong>Porta Revers\u00edvel:<\/strong>&nbsp;N\u00e3o<\/li>\n<li><strong>Termostato:<\/strong>&nbsp;Digital<\/li>\n<li><strong>Tecnologia de Refrigera\u00e7\u00e3o:<\/strong>&nbsp;Compressor<\/li>\n<li><strong>Unidade de Refrigera\u00e7\u00e3o:<\/strong>&nbsp;Interna<\/li>\n<li><strong>Abertura da Porta:<\/strong>&nbsp;Porta frontal \u00fanica<\/li>\n<li><strong>Voltagem:<\/strong>&nbsp;12\/24 VDC &#8211; 100\/240 VAC<\/li>\n<\/ul>\n","protected":false},"excerpt":{"rendered":"<p>Geladeira Vitrifrigo DCW46 &#8211; Adega de Barco, DCW46, Vitrifrigo As adegas de vinho Vitrifrigo apresentam um elegante acabamento em a\u00e7o<\/p>\n","protected":false},"featured_media":5946614,"comment_status":"open","ping_status":"closed","template":"","meta":[],"product_brand":[3527],"product_cat":[2038],"product_tag":[],"class_list":{"0":"post-751198","1":"product","2":"type-product","3":"status-publish","4":"has-post-thumbnail","6":"product_brand-vitrifrigo-pt","7":"product_cat-frigorificos-e-congeladores","9":"first","10":"instock","11":"shipping-taxable","12":"purchasable","13":"product-type-simple"},"_links":{"self":[{"href":"https:\/\/stoic-curie.212-227-153-4.plesk.page\/pt\/wp-json\/wp\/v2\/product\/751198","targetHints":{"allow":["GET"]}}],"collection":[{"href":"https:\/\/stoic-curie.212-227-153-4.plesk.page\/pt\/wp-json\/wp\/v2\/product"}],"about":[{"href":"https:\/\/stoic-curie.212-227-153-4.plesk.page\/pt\/wp-json\/wp\/v2\/types\/product"}],"replies":[{"embeddable":true,"href":"https:\/\/stoic-curie.212-227-153-4.plesk.page\/pt\/wp-json\/wp\/v2\/comments?post=751198"}],"version-history":[{"count":0,"href":"https:\/\/stoic-curie.212-227-153-4.plesk.page\/pt\/wp-json\/wp\/v2\/product\/751198\/revisions"}],"wp:featuredmedia":[{"embeddable":true,"href":"https:\/\/stoic-curie.212-227-153-4.plesk.page\/pt\/wp-json\/wp\/v2\/media\/5946614"}],"wp:attachment":[{"href":"https:\/\/stoic-curie.212-227-153-4.plesk.page\/pt\/wp-json\/wp\/v2\/media?parent=751198"}],"wp:term":[{"taxonomy":"product_brand","embeddable":true,"href":"https:\/\/stoic-curie.212-227-153-4.plesk.page\/pt\/wp-json\/wp\/v2\/product_brand?post=751198"},{"taxonomy":"product_cat","embeddable":true,"href":"https:\/\/stoic-curie.212-227-153-4.plesk.page\/pt\/wp-json\/wp\/v2\/product_cat?post=751198"},{"taxonomy":"product_tag","embeddable":true,"href":"https:\/\/stoic-curie.212-227-153-4.plesk.page\/pt\/wp-json\/wp\/v2\/product_tag?post=751198"}],"curies":[{"name":"wp","href":"https:\/\/api.w.org\/{rel}","templated":true}]}}