{"id":751200,"date":"2025-03-04T00:11:43","date_gmt":"2025-03-03T23:11:43","guid":{"rendered":"https:\/\/stoic-curie.212-227-153-4.plesk.page\/producto\/bomba-de-embraiagem-manual-ifm-256lt-por-minuto\/"},"modified":"2026-02-25T00:28:19","modified_gmt":"2026-02-25T00:28:19","slug":"bomba-de-embraiagem-manual-ifm-256lt-por-minuto","status":"publish","type":"product","link":"https:\/\/stoic-curie.212-227-153-4.plesk.page\/pt\/product\/bomba-de-embraiagem-manual-ifm-256lt-por-minuto\/","title":{"rendered":"Bomba de Embreagem Manual Tellarini IFM 40"},"content":{"rendered":"<p>Bomba de Embreagem Manual Tellarini IFM 40 &#8211; <\/p>\n<p style=\"color: rgb(34, 34, 34); font-family: Arial, Helvetica, sans-serif; font-size: small;\">Apresentamos a solu\u00e7\u00e3o ideal para suc\u00e7\u00e3o e transfer\u00eancia de l\u00edquidos, com capacidades excepcionais de auto-aspira\u00e7\u00e3o. Esta bomba opera de forma eficaz, mesmo quando o fornecimento de l\u00edquido \u00e9 intermitente, e permite fluxo revers\u00edvel. A s\u00e9rie IFM \u00e9 constru\u00edda em lat\u00e3o dur\u00e1vel CB754S com um eixo em a\u00e7o inoxid\u00e1vel. Este modelo inclui um suporte e uma polia para f\u00e1cil acoplamento do motor. Um embreagem mec\u00e2nica entre a polia e o eixo permite conectar a bomba a um motor em funcionamento e controlar seu engate e desengate com uma simples alavanca. \u00c9 essencial verificar a compatibilidade e escolher os vedantes apropriados para cada aplica\u00e7\u00e3o.<\/p>\n<p style=\"color: rgb(34, 34, 34); font-family: Arial, Helvetica, sans-serif; font-size: small;\">Este produto \u00e9 particularmente adequado para:<\/p>\n<ul style=\"color: rgb(34, 34, 34); font-family: Arial, Helvetica, sans-serif; font-size: small;\">\n<li>A aplica\u00e7\u00f5es n\u00e1uticas (por\u00e3o, servi\u00e7os, resfriamento, lavagem, \u00e1gua do mar)<\/li>\n<li>A agricultura (fungicidas, fertilizantes l\u00edquidos, componentes de maquin\u00e1rio agr\u00edcola, irriga\u00e7\u00e3o)<\/li>\n<li>A transporte (petroleiros, m\u00e1quinas de estrada, sistemas de \u00e1gua a bordo)<\/li>\n<\/ul>\n<p style=\"color: rgb(34, 34, 34); font-family: Arial, Helvetica, sans-serif; font-size: small;\"><strong>Especifica\u00e7\u00f5es Hidr\u00e1ulicas:<\/strong><\/p>\n<ul style=\"color: rgb(34, 34, 34); font-family: Arial, Helvetica, sans-serif; font-size: small;\">\n<li>Capacidade m\u00e1xima: 258 litros\/minuto<\/li>\n<li>Altura m\u00e1xima: 65 metros<\/li>\n<li>Veda\u00e7\u00e3o do eixo: Sim<\/li>\n<li>Altura m\u00e1xima de auto-aspira\u00e7\u00e3o: 6 metros<\/li>\n<li>Portas roscadas: 1\u00bd polegadas<\/li>\n<li>Densidade l\u00edquida m\u00e1xima: 1.1 g\/cm\u00b3 (livre de part\u00edculas duras)<\/li>\n<li>Temperatura m\u00e1xima: 90\u00b0C<\/li>\n<li>N\u00e3o adequado para l\u00edquidos agressivos que possam danificar os materiais da bomba e os vedantes (consulte as especifica\u00e7\u00f5es t\u00e9cnicas)<\/li>\n<li>N\u00e3o destinado ao transporte de gasolina, solventes ou uso em ambientes explosivos ou inflam\u00e1veis<\/li>\n<li>Fluxo de bombeamento revers\u00edvel<\/li>\n<li>Inclui um par de conectores de mangueira de lat\u00e3o para tubos de 40 mm (um reto e um curvo)<\/li>\n<li>Pode operar por curtos per\u00edodos com tubos fechados<\/li>\n<li>A bomba deve ser preenchida com l\u00edquido durante a instala\u00e7\u00e3o; esse passo n\u00e3o \u00e9 necess\u00e1rio depois.<\/li>\n<\/ul>\n<p style=\"color: rgb(34, 34, 34); font-family: Arial, Helvetica, sans-serif; font-size: small;\"><strong>Especifica\u00e7\u00f5es T\u00e9cnicas:<\/strong><\/p>\n<ul style=\"color: rgb(34, 34, 34); font-family: Arial, Helvetica, sans-serif; font-size: small;\">\n<li>Projetada para conex\u00e3o via polia 1A100<\/li>\n<li>Uma embreagem mec\u00e2nica est\u00e1 posicionada entre a polia e o eixo, permitindo f\u00e1cil controle da opera\u00e7\u00e3o da bomba com uma alavanca.<\/li>\n<\/ul>\n<p style=\"color: rgb(34, 34, 34); font-family: Arial, Helvetica, sans-serif; font-size: small;\"><strong>Materiais:<\/strong><\/p>\n<ul style=\"color: rgb(34, 34, 34); font-family: Arial, Helvetica, sans-serif; font-size: small;\">\n<li>Partes da Bomba: Lat\u00e3o<\/li>\n<li>Eixo: AISI 304 a\u00e7o inoxid\u00e1vel<\/li>\n<li>Impulsor: Lat\u00e3o<\/li>\n<li>Vedantes: NBR<\/li>\n<\/ul>\n<p style=\"color: rgb(34, 34, 34); font-family: Arial, Helvetica, sans-serif; font-size: small;\"><strong>Caracter\u00edsticas da Bomba:<\/strong><\/p>\n<ul style=\"color: rgb(34, 34, 34); font-family: Arial, Helvetica, sans-serif; font-size: small;\">\n<li>Portas: 1\u00bd polegadas<\/li>\n<li>Conector de mangueira: 40 mm<\/li>\n<li>Capacidade de auto-aspira\u00e7\u00e3o: 6 metros<\/li>\n<li>Taxa de fluxo m\u00e1xima: 258 litros\/minuto<\/li>\n<li>Altura m\u00e1xima: 65 metros<\/li>\n<\/ul>\n<p style=\"color: rgb(34, 34, 34); font-family: Arial, Helvetica, sans-serif; font-size: small;\"><strong>Dimens\u00f5es Gerais:<\/strong><\/p>\n<ul style=\"color: rgb(34, 34, 34); font-family: Arial, Helvetica, sans-serif; font-size: small;\">\n<li>Largura: 350 mm<\/li>\n<li>Comprimento: 158 mm<\/li>\n<li>Altura: 180 mm<\/li>\n<li>Peso: 10,7 kg<\/li>\n<\/ul>\n","protected":false},"excerpt":{"rendered":"<p>Bomba de Embreagem Manual Tellarini IFM 40 &#8211; Apresentamos a solu\u00e7\u00e3o ideal para suc\u00e7\u00e3o e transfer\u00eancia de l\u00edquidos, com capacidades<\/p>\n","protected":false},"featured_media":5946617,"comment_status":"open","ping_status":"closed","template":"","meta":[],"product_brand":[2977],"product_cat":[2096],"product_tag":[],"class_list":{"0":"post-751200","1":"product","2":"type-product","3":"status-publish","4":"has-post-thumbnail","6":"product_brand-gianneschi-pt","7":"product_cat-bombas-de-arrefecimento-do-motor","9":"first","10":"instock","11":"shipping-taxable","12":"purchasable","13":"product-type-simple"},"_links":{"self":[{"href":"https:\/\/stoic-curie.212-227-153-4.plesk.page\/pt\/wp-json\/wp\/v2\/product\/751200","targetHints":{"allow":["GET"]}}],"collection":[{"href":"https:\/\/stoic-curie.212-227-153-4.plesk.page\/pt\/wp-json\/wp\/v2\/product"}],"about":[{"href":"https:\/\/stoic-curie.212-227-153-4.plesk.page\/pt\/wp-json\/wp\/v2\/types\/product"}],"replies":[{"embeddable":true,"href":"https:\/\/stoic-curie.212-227-153-4.plesk.page\/pt\/wp-json\/wp\/v2\/comments?post=751200"}],"version-history":[{"count":0,"href":"https:\/\/stoic-curie.212-227-153-4.plesk.page\/pt\/wp-json\/wp\/v2\/product\/751200\/revisions"}],"wp:featuredmedia":[{"embeddable":true,"href":"https:\/\/stoic-curie.212-227-153-4.plesk.page\/pt\/wp-json\/wp\/v2\/media\/5946617"}],"wp:attachment":[{"href":"https:\/\/stoic-curie.212-227-153-4.plesk.page\/pt\/wp-json\/wp\/v2\/media?parent=751200"}],"wp:term":[{"taxonomy":"product_brand","embeddable":true,"href":"https:\/\/stoic-curie.212-227-153-4.plesk.page\/pt\/wp-json\/wp\/v2\/product_brand?post=751200"},{"taxonomy":"product_cat","embeddable":true,"href":"https:\/\/stoic-curie.212-227-153-4.plesk.page\/pt\/wp-json\/wp\/v2\/product_cat?post=751200"},{"taxonomy":"product_tag","embeddable":true,"href":"https:\/\/stoic-curie.212-227-153-4.plesk.page\/pt\/wp-json\/wp\/v2\/product_tag?post=751200"}],"curies":[{"name":"wp","href":"https:\/\/api.w.org\/{rel}","templated":true}]}}