{"id":751205,"date":"2025-03-04T00:16:25","date_gmt":"2025-03-03T23:16:25","guid":{"rendered":"https:\/\/stoic-curie.212-227-153-4.plesk.page\/producto\/pantografo-ajustavel-roca-w50-preto-1020-1200mm\/"},"modified":"2026-02-25T00:28:19","modified_gmt":"2026-02-25T00:28:19","slug":"pantografo-ajustavel-roca-w50-preto-1020-1200mm","status":"publish","type":"product","link":"https:\/\/stoic-curie.212-227-153-4.plesk.page\/pt\/product\/pantografo-ajustavel-roca-w50-preto-1020-1200mm\/","title":{"rendered":"Pant\u00f3grafo Ajust\u00e1vel Roca W50 Preto 1020-1200mm"},"content":{"rendered":"<p>Pant\u00f3grafo Ajust\u00e1vel Roca W50 Preto 1020-1200mm &#8211; <\/p>\n<p>Parabarros Roca W50 de qualidade superior para barcos de m\u00e9dio e grande porte. Tamb\u00e9m para uso profissional em barcos de trabalho. Motor de 50 Nm com 30 ou 47 varridas por minuto, estacionamento autom\u00e1tico para a esquerda ou direita e \u00e2ngulo de varrido ajust\u00e1vel de 45\u00b0 a 110\u00b0. Consumo de 6A em repouso e 10A a plena carga a 12V. <br \/> Deve ser complementado com bra\u00e7o pant\u00f3grafo e l\u00e2mina. O bra\u00e7o pant\u00f3grafo \u00e9 equipado com bico de pulveriza\u00e7\u00e3o com mangueira de 1,1 metro e pode ser cortado at\u00e9 370 mm.<\/p>\n","protected":false},"excerpt":{"rendered":"<p>Pant\u00f3grafo Ajust\u00e1vel Roca W50 Preto 1020-1200mm &#8211; Parabarros Roca W50 de qualidade superior para barcos de m\u00e9dio e grande porte.<\/p>\n","protected":false},"featured_media":5946621,"comment_status":"open","ping_status":"closed","template":"","meta":[],"product_brand":[3317],"product_cat":[2022],"product_tag":[],"class_list":{"0":"post-751205","1":"product","2":"type-product","3":"status-publish","4":"has-post-thumbnail","6":"product_brand-roca-marine-pt","7":"product_cat-limpa-para-brisas","9":"first","10":"instock","11":"shipping-taxable","12":"purchasable","13":"product-type-simple"},"_links":{"self":[{"href":"https:\/\/stoic-curie.212-227-153-4.plesk.page\/pt\/wp-json\/wp\/v2\/product\/751205","targetHints":{"allow":["GET"]}}],"collection":[{"href":"https:\/\/stoic-curie.212-227-153-4.plesk.page\/pt\/wp-json\/wp\/v2\/product"}],"about":[{"href":"https:\/\/stoic-curie.212-227-153-4.plesk.page\/pt\/wp-json\/wp\/v2\/types\/product"}],"replies":[{"embeddable":true,"href":"https:\/\/stoic-curie.212-227-153-4.plesk.page\/pt\/wp-json\/wp\/v2\/comments?post=751205"}],"version-history":[{"count":0,"href":"https:\/\/stoic-curie.212-227-153-4.plesk.page\/pt\/wp-json\/wp\/v2\/product\/751205\/revisions"}],"wp:featuredmedia":[{"embeddable":true,"href":"https:\/\/stoic-curie.212-227-153-4.plesk.page\/pt\/wp-json\/wp\/v2\/media\/5946621"}],"wp:attachment":[{"href":"https:\/\/stoic-curie.212-227-153-4.plesk.page\/pt\/wp-json\/wp\/v2\/media?parent=751205"}],"wp:term":[{"taxonomy":"product_brand","embeddable":true,"href":"https:\/\/stoic-curie.212-227-153-4.plesk.page\/pt\/wp-json\/wp\/v2\/product_brand?post=751205"},{"taxonomy":"product_cat","embeddable":true,"href":"https:\/\/stoic-curie.212-227-153-4.plesk.page\/pt\/wp-json\/wp\/v2\/product_cat?post=751205"},{"taxonomy":"product_tag","embeddable":true,"href":"https:\/\/stoic-curie.212-227-153-4.plesk.page\/pt\/wp-json\/wp\/v2\/product_tag?post=751205"}],"curies":[{"name":"wp","href":"https:\/\/api.w.org\/{rel}","templated":true}]}}