{"id":751206,"date":"2025-03-04T00:16:25","date_gmt":"2025-03-03T23:16:25","guid":{"rendered":"https:\/\/stoic-curie.212-227-153-4.plesk.page\/producto\/painel-tatil-para-sistema-de-controlo-roca\/"},"modified":"2026-02-25T00:28:19","modified_gmt":"2026-02-25T00:28:19","slug":"painel-tatil-para-sistema-de-controlo-roca","status":"publish","type":"product","link":"https:\/\/stoic-curie.212-227-153-4.plesk.page\/pt\/product\/painel-tatil-para-sistema-de-controlo-roca\/","title":{"rendered":"Painel T\u00e1til para Sistema de Controlo Roca"},"content":{"rendered":"<p>Painel T\u00e1til para Sistema de Controlo Roca &#8211; <\/p>\n<p>Sistema universal Roca que controla e sincroniza at\u00e9 3 motores de limpadores de baixo consumo de qualquer pot\u00eancia. Permite a sele\u00e7\u00e3o de cada motor individual, controla a velocidade dos movimentos de varredura e o sistema de lavagem do para-brisa. Fonte de alimenta\u00e7\u00e3o universal 12\/24V. Deve ser complementado com um interruptor Carling ou um painel t\u00e1ctil. O interruptor Carling vem completo com um cabo de 1,5 metros e conector. O painel t\u00e1ctil gerencia todos os comandos juntamente com at\u00e9 3 motores de limpadores.<\/p>\n","protected":false},"excerpt":{"rendered":"<p>Painel T\u00e1til para Sistema de Controlo Roca &#8211; Sistema universal Roca que controla e sincroniza at\u00e9 3 motores de limpadores<\/p>\n","protected":false},"featured_media":5939212,"comment_status":"open","ping_status":"closed","template":"","meta":[],"product_brand":[3317],"product_cat":[2022],"product_tag":[],"class_list":{"0":"post-751206","1":"product","2":"type-product","3":"status-publish","4":"has-post-thumbnail","6":"product_brand-roca-marine-pt","7":"product_cat-limpa-para-brisas","9":"first","10":"instock","11":"shipping-taxable","12":"purchasable","13":"product-type-simple"},"_links":{"self":[{"href":"https:\/\/stoic-curie.212-227-153-4.plesk.page\/pt\/wp-json\/wp\/v2\/product\/751206","targetHints":{"allow":["GET"]}}],"collection":[{"href":"https:\/\/stoic-curie.212-227-153-4.plesk.page\/pt\/wp-json\/wp\/v2\/product"}],"about":[{"href":"https:\/\/stoic-curie.212-227-153-4.plesk.page\/pt\/wp-json\/wp\/v2\/types\/product"}],"replies":[{"embeddable":true,"href":"https:\/\/stoic-curie.212-227-153-4.plesk.page\/pt\/wp-json\/wp\/v2\/comments?post=751206"}],"version-history":[{"count":0,"href":"https:\/\/stoic-curie.212-227-153-4.plesk.page\/pt\/wp-json\/wp\/v2\/product\/751206\/revisions"}],"wp:featuredmedia":[{"embeddable":true,"href":"https:\/\/stoic-curie.212-227-153-4.plesk.page\/pt\/wp-json\/wp\/v2\/media\/5939212"}],"wp:attachment":[{"href":"https:\/\/stoic-curie.212-227-153-4.plesk.page\/pt\/wp-json\/wp\/v2\/media?parent=751206"}],"wp:term":[{"taxonomy":"product_brand","embeddable":true,"href":"https:\/\/stoic-curie.212-227-153-4.plesk.page\/pt\/wp-json\/wp\/v2\/product_brand?post=751206"},{"taxonomy":"product_cat","embeddable":true,"href":"https:\/\/stoic-curie.212-227-153-4.plesk.page\/pt\/wp-json\/wp\/v2\/product_cat?post=751206"},{"taxonomy":"product_tag","embeddable":true,"href":"https:\/\/stoic-curie.212-227-153-4.plesk.page\/pt\/wp-json\/wp\/v2\/product_tag?post=751206"}],"curies":[{"name":"wp","href":"https:\/\/api.w.org\/{rel}","templated":true}]}}