{"id":751207,"date":"2025-03-04T00:16:25","date_gmt":"2025-03-03T23:16:25","guid":{"rendered":"https:\/\/stoic-curie.212-227-153-4.plesk.page\/producto\/luz-subaquatica-led-wk-branca-e-azul-93-x-16mm\/"},"modified":"2026-02-25T00:28:19","modified_gmt":"2026-02-25T00:28:19","slug":"luz-subaquatica-led-wk-branca-e-azul-93-x-16mm","status":"publish","type":"product","link":"https:\/\/stoic-curie.212-227-153-4.plesk.page\/pt\/product\/luz-subaquatica-led-wk-branca-e-azul-93-x-16mm\/","title":{"rendered":"Luz Subaqu\u00e1tica LED WK Branca e Azul 93 x 16mm"},"content":{"rendered":"<p>Luz Subaqu\u00e1tica LED WK Branca e Azul 93 x 16mm &#8211; <\/p>\n<p>Luz LED subaqu\u00e1tico de dupla cor 9-32V de alta luminosidade. Caixa IP68 \u00e0 prova d&#8217;\u00e1gua em a\u00e7o inoxid\u00e1vel 316 com eletr\u00f4nica selada em gel de silicone. Com driver embutido e prote\u00e7\u00e3o contra superaquecimento. Cabo de alimenta\u00e7\u00e3o de 1,5 m. 5 modos de luz selecion\u00e1veis: branco e azul ondulante, azul est\u00e1vel, branco est\u00e1vel, branco e azul est\u00e1vel, pisca-pisca branco e azul. Painel de interruptores 12\/24V, IP65.<\/p>\n","protected":false},"excerpt":{"rendered":"<p>Luz Subaqu\u00e1tica LED WK Branca e Azul 93 x 16mm &#8211; Luz LED subaqu\u00e1tico de dupla cor 9-32V de alta<\/p>\n","protected":false},"featured_media":5946628,"comment_status":"open","ping_status":"closed","template":"","meta":[],"product_brand":[3222],"product_cat":[2018],"product_tag":[],"class_list":{"0":"post-751207","1":"product","2":"type-product","3":"status-publish","4":"has-post-thumbnail","6":"product_brand-oceanled-pt","7":"product_cat-luzes-led-submersiveis","9":"first","10":"instock","11":"shipping-taxable","12":"purchasable","13":"product-type-simple"},"_links":{"self":[{"href":"https:\/\/stoic-curie.212-227-153-4.plesk.page\/pt\/wp-json\/wp\/v2\/product\/751207","targetHints":{"allow":["GET"]}}],"collection":[{"href":"https:\/\/stoic-curie.212-227-153-4.plesk.page\/pt\/wp-json\/wp\/v2\/product"}],"about":[{"href":"https:\/\/stoic-curie.212-227-153-4.plesk.page\/pt\/wp-json\/wp\/v2\/types\/product"}],"replies":[{"embeddable":true,"href":"https:\/\/stoic-curie.212-227-153-4.plesk.page\/pt\/wp-json\/wp\/v2\/comments?post=751207"}],"version-history":[{"count":0,"href":"https:\/\/stoic-curie.212-227-153-4.plesk.page\/pt\/wp-json\/wp\/v2\/product\/751207\/revisions"}],"wp:featuredmedia":[{"embeddable":true,"href":"https:\/\/stoic-curie.212-227-153-4.plesk.page\/pt\/wp-json\/wp\/v2\/media\/5946628"}],"wp:attachment":[{"href":"https:\/\/stoic-curie.212-227-153-4.plesk.page\/pt\/wp-json\/wp\/v2\/media?parent=751207"}],"wp:term":[{"taxonomy":"product_brand","embeddable":true,"href":"https:\/\/stoic-curie.212-227-153-4.plesk.page\/pt\/wp-json\/wp\/v2\/product_brand?post=751207"},{"taxonomy":"product_cat","embeddable":true,"href":"https:\/\/stoic-curie.212-227-153-4.plesk.page\/pt\/wp-json\/wp\/v2\/product_cat?post=751207"},{"taxonomy":"product_tag","embeddable":true,"href":"https:\/\/stoic-curie.212-227-153-4.plesk.page\/pt\/wp-json\/wp\/v2\/product_tag?post=751207"}],"curies":[{"name":"wp","href":"https:\/\/api.w.org\/{rel}","templated":true}]}}