{"id":751219,"date":"2025-03-04T00:21:14","date_gmt":"2025-03-03T23:21:14","guid":{"rendered":"https:\/\/stoic-curie.212-227-153-4.plesk.page\/producto\/medidor-digital-vdo-veratron-vmh35\/"},"modified":"2026-02-25T00:28:19","modified_gmt":"2026-02-25T00:28:19","slug":"medidor-digital-vdo-veratron-vmh35","status":"publish","type":"product","link":"https:\/\/stoic-curie.212-227-153-4.plesk.page\/pt\/product\/medidor-digital-vdo-veratron-vmh35\/","title":{"rendered":"Medidor Digital VDO Veratron VMH35"},"content":{"rendered":"<p>Medidor Digital VDO Veratron VMH35 &#8211; <\/p>\n<p>Display colorido h\u00edbrido digital TFT multifuncional com vidro mineral preto e base de a\u00e7o inoxid\u00e1vel. Equipado com conectividade NMEA2000 e veloc\u00edmetro com antena GPS integrada. Duas entradas anal\u00f3gicas e uma entrada de frequ\u00eancia para veloc\u00edmetros n\u00e3o compat\u00edveis com NMEA, podendo ser configuradas para serem compat\u00edveis com qualquer sensor. Fornecido como padr\u00e3o em motores Honda\/Selva, compat\u00edvel com qualquer outro motor anal\u00f3gico e eletr\u00f4nico de 12V.<\/p>\n","protected":false},"excerpt":{"rendered":"<p>Medidor Digital VDO Veratron VMH35 &#8211; Display colorido h\u00edbrido digital TFT multifuncional com vidro mineral preto e base de a\u00e7o<\/p>\n","protected":false},"featured_media":5946645,"comment_status":"open","ping_status":"closed","template":"","meta":[],"product_brand":[3512],"product_cat":[2072],"product_tag":[],"class_list":{"0":"post-751219","1":"product","2":"type-product","3":"status-publish","4":"has-post-thumbnail","6":"product_brand-vdo-veratron-pt","7":"product_cat-manometros-vdo","9":"first","10":"instock","11":"shipping-taxable","12":"purchasable","13":"product-type-simple"},"_links":{"self":[{"href":"https:\/\/stoic-curie.212-227-153-4.plesk.page\/pt\/wp-json\/wp\/v2\/product\/751219","targetHints":{"allow":["GET"]}}],"collection":[{"href":"https:\/\/stoic-curie.212-227-153-4.plesk.page\/pt\/wp-json\/wp\/v2\/product"}],"about":[{"href":"https:\/\/stoic-curie.212-227-153-4.plesk.page\/pt\/wp-json\/wp\/v2\/types\/product"}],"replies":[{"embeddable":true,"href":"https:\/\/stoic-curie.212-227-153-4.plesk.page\/pt\/wp-json\/wp\/v2\/comments?post=751219"}],"version-history":[{"count":0,"href":"https:\/\/stoic-curie.212-227-153-4.plesk.page\/pt\/wp-json\/wp\/v2\/product\/751219\/revisions"}],"wp:featuredmedia":[{"embeddable":true,"href":"https:\/\/stoic-curie.212-227-153-4.plesk.page\/pt\/wp-json\/wp\/v2\/media\/5946645"}],"wp:attachment":[{"href":"https:\/\/stoic-curie.212-227-153-4.plesk.page\/pt\/wp-json\/wp\/v2\/media?parent=751219"}],"wp:term":[{"taxonomy":"product_brand","embeddable":true,"href":"https:\/\/stoic-curie.212-227-153-4.plesk.page\/pt\/wp-json\/wp\/v2\/product_brand?post=751219"},{"taxonomy":"product_cat","embeddable":true,"href":"https:\/\/stoic-curie.212-227-153-4.plesk.page\/pt\/wp-json\/wp\/v2\/product_cat?post=751219"},{"taxonomy":"product_tag","embeddable":true,"href":"https:\/\/stoic-curie.212-227-153-4.plesk.page\/pt\/wp-json\/wp\/v2\/product_tag?post=751219"}],"curies":[{"name":"wp","href":"https:\/\/api.w.org\/{rel}","templated":true}]}}