{"id":751222,"date":"2025-03-04T00:21:15","date_gmt":"2025-03-03T23:21:15","guid":{"rendered":"https:\/\/stoic-curie.212-227-153-4.plesk.page\/producto\/caixa-sem-fio-icom-ct-m500\/"},"modified":"2026-02-25T00:28:19","modified_gmt":"2026-02-25T00:28:19","slug":"caixa-sem-fio-icom-ct-m500","status":"publish","type":"product","link":"https:\/\/stoic-curie.212-227-153-4.plesk.page\/pt\/product\/caixa-sem-fio-icom-ct-m500\/","title":{"rendered":"Caixa Sem Fio Icom CT-M500"},"content":{"rendered":"<p>Caixa Sem Fio Icom CT-M500 &#8211; <\/p>\n<p>Montagem fixa ICOM IC-M510E 12V classe D DSC VHF com microfone e GPS externo. Com a interface sem fio opcional CT-M500, pode ser controlado a partir de uma esta\u00e7\u00e3o remota ou smartphone atrav\u00e9s de um aplicativo dedicado gratuito. A vers\u00e3o AIS permite ver, selecionar e chamar todos os alvos diretamente a partir da tela. Display LCD TFT colorido de 4,3&#8243;, caixa \u00e0 prova d&#8217;\u00e1gua IP68, conectividade NMEA0183 (NMEA2000 WLAN com caixa sem fio), fun\u00e7\u00f5es de navega\u00e7\u00e3o com waypoints, sirene anti-neblina, fun\u00e7\u00e3o de vigil\u00e2ncia dupla\/tripla, acesso instant\u00e2neo ao canal 16, cancelador de ru\u00eddo ativo (ANC), TAG e AquaQuake para drenagem de \u00e1gua. O microfone opcional Commandmic HM-229B permite controlar todas as fun\u00e7\u00f5es VHF de outro local. Tamb\u00e9m pode ser usado como intercomunicador ou para fazer chamadas DSC. Inclui antena GPS e cabo de 10 m, suporte de montagem, cabo de alimenta\u00e7\u00e3o e manual do usu\u00e1rio. Dimens\u00f5es: 175 x 71 x H110 mm.<\/p>\n","protected":false},"excerpt":{"rendered":"<p>Caixa Sem Fio Icom CT-M500 &#8211; Montagem fixa ICOM IC-M510E 12V classe D DSC VHF com microfone e GPS externo.<\/p>\n","protected":false},"featured_media":5946653,"comment_status":"open","ping_status":"closed","template":"","meta":[],"product_brand":[3012],"product_cat":[2031],"product_tag":[],"class_list":{"0":"post-751222","1":"product","2":"type-product","3":"status-publish","4":"has-post-thumbnail","6":"product_brand-icom-marine-pt","7":"product_cat-equipamento-eletronico","9":"first","10":"instock","11":"shipping-taxable","12":"purchasable","13":"product-type-simple"},"_links":{"self":[{"href":"https:\/\/stoic-curie.212-227-153-4.plesk.page\/pt\/wp-json\/wp\/v2\/product\/751222","targetHints":{"allow":["GET"]}}],"collection":[{"href":"https:\/\/stoic-curie.212-227-153-4.plesk.page\/pt\/wp-json\/wp\/v2\/product"}],"about":[{"href":"https:\/\/stoic-curie.212-227-153-4.plesk.page\/pt\/wp-json\/wp\/v2\/types\/product"}],"replies":[{"embeddable":true,"href":"https:\/\/stoic-curie.212-227-153-4.plesk.page\/pt\/wp-json\/wp\/v2\/comments?post=751222"}],"version-history":[{"count":0,"href":"https:\/\/stoic-curie.212-227-153-4.plesk.page\/pt\/wp-json\/wp\/v2\/product\/751222\/revisions"}],"wp:featuredmedia":[{"embeddable":true,"href":"https:\/\/stoic-curie.212-227-153-4.plesk.page\/pt\/wp-json\/wp\/v2\/media\/5946653"}],"wp:attachment":[{"href":"https:\/\/stoic-curie.212-227-153-4.plesk.page\/pt\/wp-json\/wp\/v2\/media?parent=751222"}],"wp:term":[{"taxonomy":"product_brand","embeddable":true,"href":"https:\/\/stoic-curie.212-227-153-4.plesk.page\/pt\/wp-json\/wp\/v2\/product_brand?post=751222"},{"taxonomy":"product_cat","embeddable":true,"href":"https:\/\/stoic-curie.212-227-153-4.plesk.page\/pt\/wp-json\/wp\/v2\/product_cat?post=751222"},{"taxonomy":"product_tag","embeddable":true,"href":"https:\/\/stoic-curie.212-227-153-4.plesk.page\/pt\/wp-json\/wp\/v2\/product_tag?post=751222"}],"curies":[{"name":"wp","href":"https:\/\/api.w.org\/{rel}","templated":true}]}}