{"id":751224,"date":"2025-03-04T00:21:16","date_gmt":"2025-03-03T23:21:16","guid":{"rendered":"https:\/\/stoic-curie.212-227-153-4.plesk.page\/producto\/fusion-ms-ra60-rds-bluetooth\/"},"modified":"2026-02-25T00:28:19","modified_gmt":"2026-02-25T00:28:19","slug":"fusion-ms-ra60-rds-bluetooth","status":"publish","type":"product","link":"https:\/\/stoic-curie.212-227-153-4.plesk.page\/pt\/product\/fusion-ms-ra60-rds-bluetooth\/","title":{"rendered":"Fusion MS-RA60 RDS \/ BLUETOOTH"},"content":{"rendered":"<p>Fusion MS-RA60 RDS \/ BLUETOOTH &#8211; <\/p>\n<p>Fusion MS-RA60 est\u00e9reo marinho \u00e0 prova d&#8217;\u00e1gua IPx7 com tela LCD retroiluminada. R\u00e1dio pronto para RDS FM\/AM DAB, entrada AUX traseira e Bluetooth embutido para streaming de \u00e1udio de smartphones e dispositivos compat\u00edveis. Equipado com a fun\u00e7\u00e3o de controle remoto Fusion-Link, que permite controlar o est\u00e9reo com um rel\u00f3gio Garmin ou dispositivos multifuncionais compat\u00edveis com NMEA2000. Controle independente de configura\u00e7\u00f5es de multi-zona para duas zonas de \u00e1udio separadas. O kit de retrofit adapta o est\u00e9reo aos furos existentes de r\u00e1dios de painel do tipo DIN padr\u00e3o. D=profundidade<\/p>\n","protected":false},"excerpt":{"rendered":"<p>Fusion MS-RA60 RDS \/ BLUETOOTH &#8211; Fusion MS-RA60 est\u00e9reo marinho \u00e0 prova d&#8217;\u00e1gua IPx7 com tela LCD retroiluminada. R\u00e1dio pronto<\/p>\n","protected":false},"featured_media":5946654,"comment_status":"open","ping_status":"closed","template":"","meta":[],"product_brand":[2962],"product_cat":[2020],"product_tag":[],"class_list":{"0":"post-751224","1":"product","2":"type-product","3":"status-publish","4":"has-post-thumbnail","6":"product_brand-fusion-pt","7":"product_cat-equipamento-de-som-e-colunas","9":"first","10":"instock","11":"shipping-taxable","12":"purchasable","13":"product-type-simple"},"_links":{"self":[{"href":"https:\/\/stoic-curie.212-227-153-4.plesk.page\/pt\/wp-json\/wp\/v2\/product\/751224","targetHints":{"allow":["GET"]}}],"collection":[{"href":"https:\/\/stoic-curie.212-227-153-4.plesk.page\/pt\/wp-json\/wp\/v2\/product"}],"about":[{"href":"https:\/\/stoic-curie.212-227-153-4.plesk.page\/pt\/wp-json\/wp\/v2\/types\/product"}],"replies":[{"embeddable":true,"href":"https:\/\/stoic-curie.212-227-153-4.plesk.page\/pt\/wp-json\/wp\/v2\/comments?post=751224"}],"version-history":[{"count":0,"href":"https:\/\/stoic-curie.212-227-153-4.plesk.page\/pt\/wp-json\/wp\/v2\/product\/751224\/revisions"}],"wp:featuredmedia":[{"embeddable":true,"href":"https:\/\/stoic-curie.212-227-153-4.plesk.page\/pt\/wp-json\/wp\/v2\/media\/5946654"}],"wp:attachment":[{"href":"https:\/\/stoic-curie.212-227-153-4.plesk.page\/pt\/wp-json\/wp\/v2\/media?parent=751224"}],"wp:term":[{"taxonomy":"product_brand","embeddable":true,"href":"https:\/\/stoic-curie.212-227-153-4.plesk.page\/pt\/wp-json\/wp\/v2\/product_brand?post=751224"},{"taxonomy":"product_cat","embeddable":true,"href":"https:\/\/stoic-curie.212-227-153-4.plesk.page\/pt\/wp-json\/wp\/v2\/product_cat?post=751224"},{"taxonomy":"product_tag","embeddable":true,"href":"https:\/\/stoic-curie.212-227-153-4.plesk.page\/pt\/wp-json\/wp\/v2\/product_tag?post=751224"}],"curies":[{"name":"wp","href":"https:\/\/api.w.org\/{rel}","templated":true}]}}