{"id":751225,"date":"2025-03-04T00:21:16","date_gmt":"2025-03-03T23:21:16","guid":{"rendered":"https:\/\/stoic-curie.212-227-153-4.plesk.page\/producto\/jobe-boia-rebocavel-droplet-134cm\/"},"modified":"2026-02-25T00:28:19","modified_gmt":"2026-02-25T00:28:19","slug":"jobe-boia-rebocavel-droplet-134cm","status":"publish","type":"product","link":"https:\/\/stoic-curie.212-227-153-4.plesk.page\/pt\/product\/jobe-boia-rebocavel-droplet-134cm\/","title":{"rendered":"Jobe B\u00f3ia Reboc\u00e1vel Droplet 134cm"},"content":{"rendered":"<p>Jobe B\u00f3ia Reboc\u00e1vel Droplet 134cm &#8211; <\/p>\n<p>Reboque feito de resistente PVC 24G com camada de prote\u00e7\u00e3o de nylon 420D. Anel de reboque refor\u00e7ado, v\u00e1lvula Boston, 4 al\u00e7as acolchoadas com prote\u00e7\u00f5es de n\u00f3s em neoprene e assento acolchoado com duas al\u00e7as adicionais de neoprene. Com 3 anos de garantia ap\u00f3s registro no site da Jobe.<\/p>\n","protected":false},"excerpt":{"rendered":"<p>Jobe B\u00f3ia Reboc\u00e1vel Droplet 134cm &#8211; Reboque feito de resistente PVC 24G com camada de prote\u00e7\u00e3o de nylon 420D. Anel<\/p>\n","protected":false},"featured_media":5946657,"comment_status":"open","ping_status":"closed","template":"","meta":[],"product_brand":[3042],"product_cat":[2133],"product_tag":[],"class_list":{"0":"post-751225","1":"product","2":"type-product","3":"status-publish","4":"has-post-thumbnail","6":"product_brand-jobe-sports-pt","7":"product_cat-acessorios-para-esqui-aquatico","9":"first","10":"instock","11":"shipping-taxable","12":"purchasable","13":"product-type-simple"},"_links":{"self":[{"href":"https:\/\/stoic-curie.212-227-153-4.plesk.page\/pt\/wp-json\/wp\/v2\/product\/751225","targetHints":{"allow":["GET"]}}],"collection":[{"href":"https:\/\/stoic-curie.212-227-153-4.plesk.page\/pt\/wp-json\/wp\/v2\/product"}],"about":[{"href":"https:\/\/stoic-curie.212-227-153-4.plesk.page\/pt\/wp-json\/wp\/v2\/types\/product"}],"replies":[{"embeddable":true,"href":"https:\/\/stoic-curie.212-227-153-4.plesk.page\/pt\/wp-json\/wp\/v2\/comments?post=751225"}],"version-history":[{"count":0,"href":"https:\/\/stoic-curie.212-227-153-4.plesk.page\/pt\/wp-json\/wp\/v2\/product\/751225\/revisions"}],"wp:featuredmedia":[{"embeddable":true,"href":"https:\/\/stoic-curie.212-227-153-4.plesk.page\/pt\/wp-json\/wp\/v2\/media\/5946657"}],"wp:attachment":[{"href":"https:\/\/stoic-curie.212-227-153-4.plesk.page\/pt\/wp-json\/wp\/v2\/media?parent=751225"}],"wp:term":[{"taxonomy":"product_brand","embeddable":true,"href":"https:\/\/stoic-curie.212-227-153-4.plesk.page\/pt\/wp-json\/wp\/v2\/product_brand?post=751225"},{"taxonomy":"product_cat","embeddable":true,"href":"https:\/\/stoic-curie.212-227-153-4.plesk.page\/pt\/wp-json\/wp\/v2\/product_cat?post=751225"},{"taxonomy":"product_tag","embeddable":true,"href":"https:\/\/stoic-curie.212-227-153-4.plesk.page\/pt\/wp-json\/wp\/v2\/product_tag?post=751225"}],"curies":[{"name":"wp","href":"https:\/\/api.w.org\/{rel}","templated":true}]}}