{"id":751608,"date":"2025-03-04T00:53:39","date_gmt":"2025-03-03T23:53:39","guid":{"rendered":"https:\/\/stoic-curie.212-227-153-4.plesk.page\/producto\/tessilmare-radial-30-cinza-16mt\/"},"modified":"2026-02-25T00:28:21","modified_gmt":"2026-02-25T00:28:21","slug":"tessilmare-radial-30-cinza-16mt","status":"publish","type":"product","link":"https:\/\/stoic-curie.212-227-153-4.plesk.page\/pt\/product\/tessilmare-radial-30-cinza-16mt\/","title":{"rendered":"Tessilmare Radial 30 Cinza 16mt"},"content":{"rendered":"<p>Tessilmare Radial 30 Cinza 16mt &#8211; <\/p>\n<p style=\"color: rgb(34, 34, 34); font-family: Arial, Helvetica, sans-serif; font-size: small;\">Este sistema de fendering patenteado consiste em dois elementos principais:<\/p>\n<ol style=\"color: rgb(34, 34, 34); font-family: Arial, Helvetica, sans-serif; font-size: small;\">\n<li>Uma barra robusta que pode ser firmemente fixada \u00e0 embarca\u00e7\u00e3o usando parafusos ou rebites, eliminando a necessidade de ferramentas especializadas.<\/li>\n<li>Um perfil de borracha flex\u00edvel que se conecta \u00e0 base. Este inserto cont\u00ednuo \u00e9 oferecido em bobinas cortadas sob medida, reduzindo o desperd\u00edcio. Os trilhos de PVC Radial podem ser dobrados em qualquer dire\u00e7\u00e3o sem a necessidade de aquecimento, resultando em uma diminui\u00e7\u00e3o de 70% no tempo de montagem, economia de custos, facilidade de reparo e refit mais r\u00e1pido.<\/li>\n<\/ol>\n<p style=\"color: rgb(34, 34, 34); font-family: Arial, Helvetica, sans-serif; font-size: small;\">O Trilho Radial \u00e9 not\u00e1vel por seu processo de instala\u00e7\u00e3o f\u00e1cil, que n\u00e3o requer ferramentas especializadas. Sua capa de PVC adapt\u00e1vel permite um ajuste simples, mesmo em climas mais frios, eliminando assim a necessidade de aquecimento. Ap\u00f3s a instala\u00e7\u00e3o, os segmentos do trilho ficam discretamente escondidos sob a capa, oferecendo um visual polido e elegante.<\/p>\n<p style=\"color: rgb(34, 34, 34); font-family: Arial, Helvetica, sans-serif; font-size: small;\">O kit vem com todos os componentes necess\u00e1rios: um rolo cont\u00ednuo de capa de borracha macia, o n\u00famero necess\u00e1rio de se\u00e7\u00f5es de trilho de montagem em vinil semi-r\u00edgido, dois tamp\u00f5es de vinil e uma capa de jun\u00e7\u00e3o em vinil. A instala\u00e7\u00e3o deste perfil de fendering \u00e9 uma tarefa simples. Basta fixar a barra de duraleno usando parafusos ou adesivo Sika, e depois deslizar o perfil de fendering sobre a barra.<\/p>\n<p style=\"color: rgb(34, 34, 34); font-family: Arial, Helvetica, sans-serif; font-size: small;\">Este perfil de fendering n\u00e3o s\u00f3 melhora a est\u00e9tica da sua embarca\u00e7\u00e3o, mas tamb\u00e9m aumenta sua funcionalidade. Os designs patenteados da Tessilmare combinam efetivamente durabilidade de alto impacto com estilo e acessibilidade, modernizando com sucesso a apar\u00eancia tradicional dos trilhos de borracha. Os perfis de fendering Radial oferecem uma solu\u00e7\u00e3o coesa e esteticamente agrad\u00e1vel, livre de juntas vis\u00edveis ou bordas afiadas, resultando em um acabamento mais limpo e atraente em compara\u00e7\u00e3o com os trilhos multipe\u00e7as padr\u00e3o.<\/p>\n<p style=\"color: rgb(34, 34, 34); font-family: Arial, Helvetica, sans-serif; font-size: small;\">Especificamente projetado para o setor mar\u00edtimo, o Radial da Tessilmare pode ser montado em apenas alguns minutos. O processo de instala\u00e7\u00e3o \u00e9 simples: anexe os segmentos do trilho ao casco do barco e fixe a capa externa sobre o trilho. A capa se desenrola convenientemente de uma bobina grande, e os tamp\u00f5es inclu\u00eddos finalizam a instala\u00e7\u00e3o.<\/p>\n","protected":false},"excerpt":{"rendered":"<p>Tessilmare Radial 30 Cinza 16mt &#8211; Este sistema de fendering patenteado consiste em dois elementos principais: Uma barra robusta que<\/p>\n","protected":false},"featured_media":5945170,"comment_status":"open","ping_status":"closed","template":"","meta":[],"product_brand":[3482],"product_cat":[2139],"product_tag":[],"class_list":{"0":"post-751608","1":"product","2":"type-product","3":"status-publish","4":"has-post-thumbnail","6":"product_brand-tessilmare-pt","7":"product_cat-batentes-de-defensas","9":"first","10":"instock","11":"shipping-taxable","12":"purchasable","13":"product-type-simple"},"_links":{"self":[{"href":"https:\/\/stoic-curie.212-227-153-4.plesk.page\/pt\/wp-json\/wp\/v2\/product\/751608","targetHints":{"allow":["GET"]}}],"collection":[{"href":"https:\/\/stoic-curie.212-227-153-4.plesk.page\/pt\/wp-json\/wp\/v2\/product"}],"about":[{"href":"https:\/\/stoic-curie.212-227-153-4.plesk.page\/pt\/wp-json\/wp\/v2\/types\/product"}],"replies":[{"embeddable":true,"href":"https:\/\/stoic-curie.212-227-153-4.plesk.page\/pt\/wp-json\/wp\/v2\/comments?post=751608"}],"version-history":[{"count":0,"href":"https:\/\/stoic-curie.212-227-153-4.plesk.page\/pt\/wp-json\/wp\/v2\/product\/751608\/revisions"}],"wp:featuredmedia":[{"embeddable":true,"href":"https:\/\/stoic-curie.212-227-153-4.plesk.page\/pt\/wp-json\/wp\/v2\/media\/5945170"}],"wp:attachment":[{"href":"https:\/\/stoic-curie.212-227-153-4.plesk.page\/pt\/wp-json\/wp\/v2\/media?parent=751608"}],"wp:term":[{"taxonomy":"product_brand","embeddable":true,"href":"https:\/\/stoic-curie.212-227-153-4.plesk.page\/pt\/wp-json\/wp\/v2\/product_brand?post=751608"},{"taxonomy":"product_cat","embeddable":true,"href":"https:\/\/stoic-curie.212-227-153-4.plesk.page\/pt\/wp-json\/wp\/v2\/product_cat?post=751608"},{"taxonomy":"product_tag","embeddable":true,"href":"https:\/\/stoic-curie.212-227-153-4.plesk.page\/pt\/wp-json\/wp\/v2\/product_tag?post=751608"}],"curies":[{"name":"wp","href":"https:\/\/api.w.org\/{rel}","templated":true}]}}