{"id":751613,"date":"2025-03-04T00:58:08","date_gmt":"2025-03-03T23:58:08","guid":{"rendered":"https:\/\/stoic-curie.212-227-153-4.plesk.page\/producto\/base-para-tessilmare-radial-52-65-2-metros\/"},"modified":"2026-02-25T00:28:21","modified_gmt":"2026-02-25T00:28:21","slug":"base-para-tessilmare-radial-52-65-2-metros","status":"publish","type":"product","link":"https:\/\/stoic-curie.212-227-153-4.plesk.page\/pt\/product\/base-para-tessilmare-radial-52-65-2-metros\/","title":{"rendered":"Base para Tessilmare Radial 52-65"},"content":{"rendered":"<p>Base para Tessilmare Radial 52-65 &#8211; <\/p>\n<p>As barras de suporte r\u00edgidas radiais da Tessilmare est\u00e3o dispon\u00edveis em comprimentos de 2 metros. Essas robustas barras podem ser facilmente fixadas ao seu barco usando parafusos ou rebites, o que significa que voc\u00ea n\u00e3o precisar\u00e1 de ferramentas especializadas. O perfil de fendering da Tessilmare n\u00e3o apenas melhora a apar\u00eancia visual da sua embarca\u00e7\u00e3o, mas tamb\u00e9m aumenta sua funcionalidade. Com designs patenteados, a Tessilmare combina durabilidade de alto impacto com estilo e acessibilidade, oferecendo uma interpreta\u00e7\u00e3o moderna das tradicionais barras de prote\u00e7\u00e3o. Os perfis de fendering radiais oferecem uma solu\u00e7\u00e3o elegante e esteticamente agrad\u00e1vel, livres de juntas vis\u00edveis ou bordas afiadas, resultando em um acabamento mais limpo e atraente em compara\u00e7\u00e3o com as barras de prote\u00e7\u00e3o multi-pe\u00e7as convencionais.<\/p>\n<p>Projetado especificamente para a ind\u00fastria n\u00e1utica, o Radial da Tessilmare pode ser montado em apenas alguns minutos. A instala\u00e7\u00e3o \u00e9 simples: basta fixar os segmentos da barra ao casco do barco e assegurar a cobertura externa sobre a base.<\/p>\n","protected":false},"excerpt":{"rendered":"<p>Base para Tessilmare Radial 52-65 &#8211; As barras de suporte r\u00edgidas radiais da Tessilmare est\u00e3o dispon\u00edveis em comprimentos de 2<\/p>\n","protected":false},"featured_media":5947083,"comment_status":"open","ping_status":"closed","template":"","meta":[],"product_brand":[3482],"product_cat":[2139],"product_tag":[],"class_list":{"0":"post-751613","1":"product","2":"type-product","3":"status-publish","4":"has-post-thumbnail","6":"product_brand-tessilmare-pt","7":"product_cat-batentes-de-defensas","9":"first","10":"instock","11":"shipping-taxable","12":"purchasable","13":"product-type-simple"},"_links":{"self":[{"href":"https:\/\/stoic-curie.212-227-153-4.plesk.page\/pt\/wp-json\/wp\/v2\/product\/751613","targetHints":{"allow":["GET"]}}],"collection":[{"href":"https:\/\/stoic-curie.212-227-153-4.plesk.page\/pt\/wp-json\/wp\/v2\/product"}],"about":[{"href":"https:\/\/stoic-curie.212-227-153-4.plesk.page\/pt\/wp-json\/wp\/v2\/types\/product"}],"replies":[{"embeddable":true,"href":"https:\/\/stoic-curie.212-227-153-4.plesk.page\/pt\/wp-json\/wp\/v2\/comments?post=751613"}],"version-history":[{"count":0,"href":"https:\/\/stoic-curie.212-227-153-4.plesk.page\/pt\/wp-json\/wp\/v2\/product\/751613\/revisions"}],"wp:featuredmedia":[{"embeddable":true,"href":"https:\/\/stoic-curie.212-227-153-4.plesk.page\/pt\/wp-json\/wp\/v2\/media\/5947083"}],"wp:attachment":[{"href":"https:\/\/stoic-curie.212-227-153-4.plesk.page\/pt\/wp-json\/wp\/v2\/media?parent=751613"}],"wp:term":[{"taxonomy":"product_brand","embeddable":true,"href":"https:\/\/stoic-curie.212-227-153-4.plesk.page\/pt\/wp-json\/wp\/v2\/product_brand?post=751613"},{"taxonomy":"product_cat","embeddable":true,"href":"https:\/\/stoic-curie.212-227-153-4.plesk.page\/pt\/wp-json\/wp\/v2\/product_cat?post=751613"},{"taxonomy":"product_tag","embeddable":true,"href":"https:\/\/stoic-curie.212-227-153-4.plesk.page\/pt\/wp-json\/wp\/v2\/product_tag?post=751613"}],"curies":[{"name":"wp","href":"https:\/\/api.w.org\/{rel}","templated":true}]}}