{"id":751614,"date":"2025-03-04T00:58:08","date_gmt":"2025-03-03T23:58:08","guid":{"rendered":"https:\/\/stoic-curie.212-227-153-4.plesk.page\/producto\/tessilmare-radial-52-branco-16-metros\/"},"modified":"2026-02-25T00:28:21","modified_gmt":"2026-02-25T00:28:21","slug":"tessilmare-radial-52-branco-16-metros","status":"publish","type":"product","link":"https:\/\/stoic-curie.212-227-153-4.plesk.page\/pt\/product\/tessilmare-radial-52-branco-16-metros\/","title":{"rendered":"Tessilmare Radial 52 Branco 16 metros"},"content":{"rendered":"<p>Tessilmare Radial 52 Branco 16 metros &#8211; <\/p>\n<p style=\"color: rgb(34, 34, 34); font-family: Arial, Helvetica, sans-serif; font-size: small;\">O Radial Tessilmare foi projetado meticulosamente para o setor marinho, permitindo a montagem em apenas alguns minutos. O procedimento de instala\u00e7\u00e3o \u00e9 bastante simples; consiste em fixar os segmentos de trilho ao casco do barco e prender a capa externa sobre o trilho. A capa pode ser convenientemente desenrolada a partir de uma bobina, e os tamp\u00f5es fornecidos completam o processo de instala\u00e7\u00e3o.<\/p>\n<p style=\"color: rgb(34, 34, 34); font-family: Arial, Helvetica, sans-serif; font-size: small;\">Uma vantagem significativa do Radial Rub Rail \u00e9 sua f\u00e1cil instala\u00e7\u00e3o, que n\u00e3o exige ferramentas especializadas. Sua capa de PVC flex\u00edvel permite uma instala\u00e7\u00e3o sem esfor\u00e7o, mesmo em climas mais frios, eliminando a necessidade de aquecimento. Uma vez finalizada a instala\u00e7\u00e3o, os segmentos de trilho ficam completamente ocultos sob a capa, resultando em um visual elegante e refinado. O kit inclui todos os componentes essenciais: um rolo cont\u00ednuo da capa macia do rub rail, o n\u00famero necess\u00e1rio de se\u00e7\u00f5es de trilho de montagem em vinil semi-r\u00edgido, dois tamp\u00f5es de vinil e uma capa de junta de vinil.<\/p>\n<p style=\"color: rgb(34, 34, 34); font-family: Arial, Helvetica, sans-serif; font-size: small;\">Este sistema de fendering patenteado compreende dois elementos principais:<\/p>\n<ol style=\"color: rgb(34, 34, 34); font-family: Arial, Helvetica, sans-serif; font-size: small;\">\n<li>Uma barra robusta que pode ser fixada ao barco usando parafusos ou rebites, sem a necessidade de ferramentas especializadas.<\/li>\n<li>Um perfil de borracha flex\u00edvel que se conecta \u00e0 base. Este encaixe cont\u00ednuo est\u00e1 dispon\u00edvel em bobinas cortadas sob medida para minimizar desperd\u00edcios. Os rub rails de PVC Radial podem ser dobrados manualmente em qualquer dire\u00e7\u00e3o sem exigir aquecimento. Eles s\u00e3o 70% mais r\u00e1pidos de montar, econ\u00f4micos, f\u00e1ceis de reparar e r\u00e1pidos para reformar.<\/li>\n<\/ol>\n<p style=\"color: rgb(34, 34, 34); font-family: Arial, Helvetica, sans-serif; font-size: small;\">Os tamp\u00f5es e capuch\u00f5es est\u00e3o dispon\u00edveis em dois materiais: PVC e a\u00e7o inoxid\u00e1vel. O Radial \u00e9 apropriado para todas as aplica\u00e7\u00f5es marinhas, incluindo barcos e iates com jun\u00e7\u00f5es box.<\/p>\n<p style=\"color: rgb(34, 34, 34); font-family: Arial, Helvetica, sans-serif; font-size: small;\">Para a instala\u00e7\u00e3o, basta fixar a barra de duralene usando parafusos ou adesivo Sika e, em seguida, deslizar o perfil de fendering sobre a barra. O perfil de fendering de um barco pode incorporar tanto est\u00e9tica quanto praticidade. Os perfis de fendering patenteados da Tessilmare combinam alta resist\u00eancia ao impacto com sofistica\u00e7\u00e3o e acessibilidade. Seus designs inovadores revolucionaram a apar\u00eancia dos rub rails tradicionais. Os perfis de fendering Radial oferecem uma solu\u00e7\u00e3o cont\u00ednua e visualmente atraente, sem juntas vis\u00edveis ou bordas afiadas, resultando em um acabamento mais limpo e atraente em compara\u00e7\u00e3o com os rub rails padr\u00e3o de v\u00e1rias pe\u00e7as.<\/p>\n","protected":false},"excerpt":{"rendered":"<p>Tessilmare Radial 52 Branco 16 metros &#8211; O Radial Tessilmare foi projetado meticulosamente para o setor marinho, permitindo a montagem<\/p>\n","protected":false},"featured_media":5945169,"comment_status":"open","ping_status":"closed","template":"","meta":[],"product_brand":[3482],"product_cat":[2139],"product_tag":[],"class_list":{"0":"post-751614","1":"product","2":"type-product","3":"status-publish","4":"has-post-thumbnail","6":"product_brand-tessilmare-pt","7":"product_cat-batentes-de-defensas","9":"first","10":"instock","11":"shipping-taxable","12":"purchasable","13":"product-type-simple"},"_links":{"self":[{"href":"https:\/\/stoic-curie.212-227-153-4.plesk.page\/pt\/wp-json\/wp\/v2\/product\/751614","targetHints":{"allow":["GET"]}}],"collection":[{"href":"https:\/\/stoic-curie.212-227-153-4.plesk.page\/pt\/wp-json\/wp\/v2\/product"}],"about":[{"href":"https:\/\/stoic-curie.212-227-153-4.plesk.page\/pt\/wp-json\/wp\/v2\/types\/product"}],"replies":[{"embeddable":true,"href":"https:\/\/stoic-curie.212-227-153-4.plesk.page\/pt\/wp-json\/wp\/v2\/comments?post=751614"}],"version-history":[{"count":0,"href":"https:\/\/stoic-curie.212-227-153-4.plesk.page\/pt\/wp-json\/wp\/v2\/product\/751614\/revisions"}],"wp:featuredmedia":[{"embeddable":true,"href":"https:\/\/stoic-curie.212-227-153-4.plesk.page\/pt\/wp-json\/wp\/v2\/media\/5945169"}],"wp:attachment":[{"href":"https:\/\/stoic-curie.212-227-153-4.plesk.page\/pt\/wp-json\/wp\/v2\/media?parent=751614"}],"wp:term":[{"taxonomy":"product_brand","embeddable":true,"href":"https:\/\/stoic-curie.212-227-153-4.plesk.page\/pt\/wp-json\/wp\/v2\/product_brand?post=751614"},{"taxonomy":"product_cat","embeddable":true,"href":"https:\/\/stoic-curie.212-227-153-4.plesk.page\/pt\/wp-json\/wp\/v2\/product_cat?post=751614"},{"taxonomy":"product_tag","embeddable":true,"href":"https:\/\/stoic-curie.212-227-153-4.plesk.page\/pt\/wp-json\/wp\/v2\/product_tag?post=751614"}],"curies":[{"name":"wp","href":"https:\/\/api.w.org\/{rel}","templated":true}]}}