{"id":751615,"date":"2025-03-04T00:58:08","date_gmt":"2025-03-03T23:58:08","guid":{"rendered":"https:\/\/stoic-curie.212-227-153-4.plesk.page\/producto\/tessilmare-radial-52-branco-24-metros\/"},"modified":"2026-02-25T00:28:21","modified_gmt":"2026-02-25T00:28:21","slug":"tessilmare-radial-52-branco-24-metros","status":"publish","type":"product","link":"https:\/\/stoic-curie.212-227-153-4.plesk.page\/pt\/product\/tessilmare-radial-52-branco-24-metros\/","title":{"rendered":"Tessilmare Radial 52 Branco 24 metros"},"content":{"rendered":"<p>Tessilmare Radial 52 Branco 24 metros &#8211; <\/p>\n<p style=\"color: rgb(34, 34, 34); font-family: Arial, Helvetica, sans-serif; font-size: small;\">O Tessilmare Radial foi meticulosamente projetado para a ind\u00fastria n\u00e1utica e pode ser montado em quest\u00e3o de minutos. O processo de instala\u00e7\u00e3o \u00e9 simples; consiste em fixar os segmentos de trilho ao casco e garantir a cobertura externa sobre o trilho. A cobertura pode ser convenientemente desenrolada de uma bobina, e as tampas de extremidade inclu\u00eddas finalizam a instala\u00e7\u00e3o.<\/p>\n<p style=\"color: rgb(34, 34, 34); font-family: Arial, Helvetica, sans-serif; font-size: small;\">Uma vantagem significativa do Radial Rub Rail \u00e9 a sua facilidade de instala\u00e7\u00e3o, que n\u00e3o requer ferramentas especializadas. Sua capa de PVC flex\u00edvel facilita o ajuste mesmo em temperaturas mais frias, eliminando a necessidade de aquecimento. Ap\u00f3s a conclus\u00e3o da instala\u00e7\u00e3o, os segmentos de trilho ficam completamente ocultos pela cobertura, resultando em uma apar\u00eancia elegante e refinada. O kit inclui todos os componentes essenciais: um rolo cont\u00ednuo de cobertura macia para o rub rail, o n\u00famero necess\u00e1rio de se\u00e7\u00f5es de trilho de montagem em vinil semi-r\u00edgido, duas tampas de extremidade de vinil e uma tampa de junta de vinil.<\/p>\n<p style=\"color: rgb(34, 34, 34); font-family: Arial, Helvetica, sans-serif; font-size: small;\">Este sistema de prote\u00e7\u00e3o patenteado consiste em dois componentes principais:<\/p>\n<ol style=\"color: rgb(34, 34, 34); font-family: Arial, Helvetica, sans-serif; font-size: small;\">\n<li>Uma barra robusta que pode ser fixada com seguran\u00e7a ao barco usando parafusos ou rebites, sem a necessidade de ferramentas especializadas.<\/li>\n<li>Um perfil de borracha flex\u00edvel que se conecta \u00e0 base. Este inserto cont\u00ednuo est\u00e1 dispon\u00edvel em rolos cortados sob medida para minimizar o desperd\u00edcio. Os rub rails de PVC Radial podem ser dobrados manualmente em qualquer dire\u00e7\u00e3o sem a necessidade de aquecimento. Eles s\u00e3o 70% mais r\u00e1pidos de montar, econ\u00f4micos, f\u00e1ceis de reparar e r\u00e1pidos de reinstalar.<\/li>\n<\/ol>\n<p style=\"color: rgb(34, 34, 34); font-family: Arial, Helvetica, sans-serif; font-size: small;\">Tampas de junta e extremidade est\u00e3o dispon\u00edveis em dois materiais: PVC e a\u00e7o inoxid\u00e1vel. O Radial \u00e9 adequado para todas as aplica\u00e7\u00f5es marinhas, incluindo barcos e iates com conex\u00f5es em caixa.<\/p>\n<p style=\"color: rgb(34, 34, 34); font-family: Arial, Helvetica, sans-serif; font-size: small;\">Para a instala\u00e7\u00e3o, basta fixar a barra de duralene usando parafusos ou adesivo Sika, e em seguida, deslizar o perfil de prote\u00e7\u00e3o na barra. O perfil de prote\u00e7\u00e3o de um barco pode unir estilo e funcionalidade. Os perfis de prote\u00e7\u00e3o patenteados da Tessilmare combinam alta resist\u00eancia ao impacto com eleg\u00e2ncia e acessibilidade. Seus designs inovadores redefiniram a apar\u00eancia dos tradicionais rub rails. Os perfis de prote\u00e7\u00e3o Radial oferecem uma solu\u00e7\u00e3o cont\u00ednua e esteticamente agrad\u00e1vel, sem juntas vis\u00edveis ou bordas afiadas, resultando em um acabamento mais limpo e atraente em compara\u00e7\u00e3o aos rub rails convencionais de m\u00faltiplas pe\u00e7as.<\/p>\n","protected":false},"excerpt":{"rendered":"<p>Tessilmare Radial 52 Branco 24 metros &#8211; O Tessilmare Radial foi meticulosamente projetado para a ind\u00fastria n\u00e1utica e pode ser<\/p>\n","protected":false},"featured_media":5945169,"comment_status":"open","ping_status":"closed","template":"","meta":[],"product_brand":[3482],"product_cat":[2139],"product_tag":[],"class_list":{"0":"post-751615","1":"product","2":"type-product","3":"status-publish","4":"has-post-thumbnail","6":"product_brand-tessilmare-pt","7":"product_cat-batentes-de-defensas","9":"first","10":"instock","11":"shipping-taxable","12":"purchasable","13":"product-type-simple"},"_links":{"self":[{"href":"https:\/\/stoic-curie.212-227-153-4.plesk.page\/pt\/wp-json\/wp\/v2\/product\/751615","targetHints":{"allow":["GET"]}}],"collection":[{"href":"https:\/\/stoic-curie.212-227-153-4.plesk.page\/pt\/wp-json\/wp\/v2\/product"}],"about":[{"href":"https:\/\/stoic-curie.212-227-153-4.plesk.page\/pt\/wp-json\/wp\/v2\/types\/product"}],"replies":[{"embeddable":true,"href":"https:\/\/stoic-curie.212-227-153-4.plesk.page\/pt\/wp-json\/wp\/v2\/comments?post=751615"}],"version-history":[{"count":0,"href":"https:\/\/stoic-curie.212-227-153-4.plesk.page\/pt\/wp-json\/wp\/v2\/product\/751615\/revisions"}],"wp:featuredmedia":[{"embeddable":true,"href":"https:\/\/stoic-curie.212-227-153-4.plesk.page\/pt\/wp-json\/wp\/v2\/media\/5945169"}],"wp:attachment":[{"href":"https:\/\/stoic-curie.212-227-153-4.plesk.page\/pt\/wp-json\/wp\/v2\/media?parent=751615"}],"wp:term":[{"taxonomy":"product_brand","embeddable":true,"href":"https:\/\/stoic-curie.212-227-153-4.plesk.page\/pt\/wp-json\/wp\/v2\/product_brand?post=751615"},{"taxonomy":"product_cat","embeddable":true,"href":"https:\/\/stoic-curie.212-227-153-4.plesk.page\/pt\/wp-json\/wp\/v2\/product_cat?post=751615"},{"taxonomy":"product_tag","embeddable":true,"href":"https:\/\/stoic-curie.212-227-153-4.plesk.page\/pt\/wp-json\/wp\/v2\/product_tag?post=751615"}],"curies":[{"name":"wp","href":"https:\/\/api.w.org\/{rel}","templated":true}]}}