{"id":751616,"date":"2025-03-04T00:58:09","date_gmt":"2025-03-03T23:58:09","guid":{"rendered":"https:\/\/stoic-curie.212-227-153-4.plesk.page\/producto\/tessilmare-radial-52-cinza-16-metros\/"},"modified":"2026-02-25T00:28:21","modified_gmt":"2026-02-25T00:28:21","slug":"tessilmare-radial-52-cinza-16-metros","status":"publish","type":"product","link":"https:\/\/stoic-curie.212-227-153-4.plesk.page\/pt\/product\/tessilmare-radial-52-cinza-16-metros\/","title":{"rendered":"Tessilmare Radial 52 Cinza 16 metros"},"content":{"rendered":"<p>Tessilmare Radial 52 Cinza 16 metros &#8211; <\/p>\n<p style=\"color: rgb(34, 34, 34); font-family: Arial, Helvetica, sans-serif; font-size: small;\">O Radial da Tessilmare foi cuidadosamente desenvolvido para a ind\u00fastria marina, permitindo a montagem em apenas alguns minutos. O processo de instala\u00e7\u00e3o \u00e9 bastante simples; envolve a fixa\u00e7\u00e3o de segmentos de trilho ao casco do barco e a fixa\u00e7\u00e3o da capa externa sobre o trilho. A capa pode ser facilmente desenrolada de uma bobina e os tamp\u00f5es de extremidade inclu\u00eddos finalizam a instala\u00e7\u00e3o.<\/p>\n<p style=\"color: rgb(34, 34, 34); font-family: Arial, Helvetica, sans-serif; font-size: small;\">Um dos principais benef\u00edcios do Radial Rub Rail \u00e9 sua instala\u00e7\u00e3o descomplicada, que n\u00e3o requer ferramentas especializadas. Sua capa de PVC flex\u00edvel permite um ajuste f\u00e1cil, mesmo em temperaturas mais frias, eliminando a necessidade de aquecimento. Ap\u00f3s a conclus\u00e3o da instala\u00e7\u00e3o, os segmentos de trilho ficam completamente ocultos sob a capa, resultando em uma apar\u00eancia elegante e polida. O kit inclui todos os componentes necess\u00e1rios: um rolo cont\u00ednuo de capa de rub rail macia, o n\u00famero apropriado de se\u00e7\u00f5es de trilho de montagem de vinil semi-r\u00edgido, dois tamp\u00f5es de vinil e uma tampa de junta de vinil.<\/p>\n<p style=\"color: rgb(34, 34, 34); font-family: Arial, Helvetica, sans-serif; font-size: small;\">Este sistema de prote\u00e7\u00e3o patenteado consiste em dois componentes principais:<\/p>\n<ol style=\"color: rgb(34, 34, 34); font-family: Arial, Helvetica, sans-serif; font-size: small;\">\n<li>Uma barra robusta que pode ser fixada com seguran\u00e7a ao barco utilizando parafusos ou rebites, sem a necessidade de ferramentas especializadas.<\/li>\n<li>Um perfil de borracha flex\u00edvel que se conecta \u00e0 base. Este inserto sem costura est\u00e1 dispon\u00edvel em bobinas cortadas sob medida para reduzir o desperd\u00edcio. Os rub rails de PVC Radial podem ser dobrados manualmente em qualquer dire\u00e7\u00e3o sem necessidade de aquecimento. Eles s\u00e3o 70% mais r\u00e1pidos de montar, econ\u00f4micos, f\u00e1ceis de reparar e r\u00e1pidos de refazer.<\/li>\n<\/ol>\n<p style=\"color: rgb(34, 34, 34); font-family: Arial, Helvetica, sans-serif; font-size: small;\">Os tamp\u00f5es de junta e extremidade s\u00e3o oferecidos em dois materiais: PVC e a\u00e7o inoxid\u00e1vel. O Radial \u00e9 adequado para todas as aplica\u00e7\u00f5es marinhas, incluindo barcos e iates com cruzamentos em caixa.<\/p>\n<p style=\"color: rgb(34, 34, 34); font-family: Arial, Helvetica, sans-serif; font-size: small;\">Para a instala\u00e7\u00e3o, basta fixar a barra de duraleno usando parafusos ou adesivo Sika, e em seguida deslizar o perfil de prote\u00e7\u00e3o sobre a barra. O perfil de prote\u00e7\u00e3o de um barco pode combinar est\u00e9tica e funcionalidade. Os perfis de prote\u00e7\u00e3o patenteados da Tessilmare misturam alta resist\u00eancia ao impacto com eleg\u00e2ncia e acessibilidade. Seus designs inovadores t\u00eam transformado a apar\u00eancia dos rub rails tradicionais. Os perfis de prote\u00e7\u00e3o Radial oferecem uma solu\u00e7\u00e3o cont\u00ednua e visualmente atraente, sem juntas vis\u00edveis ou bordas afiadas, resultando em um acabamento mais limpo e atractivo em compara\u00e7\u00e3o com os rub rails convencionais de v\u00e1rias pe\u00e7as.<\/p>\n","protected":false},"excerpt":{"rendered":"<p>Tessilmare Radial 52 Cinza 16 metros &#8211; O Radial da Tessilmare foi cuidadosamente desenvolvido para a ind\u00fastria marina, permitindo a<\/p>\n","protected":false},"featured_media":5945170,"comment_status":"open","ping_status":"closed","template":"","meta":[],"product_brand":[3482],"product_cat":[2139],"product_tag":[],"class_list":{"0":"post-751616","1":"product","2":"type-product","3":"status-publish","4":"has-post-thumbnail","6":"product_brand-tessilmare-pt","7":"product_cat-batentes-de-defensas","9":"first","10":"instock","11":"shipping-taxable","12":"purchasable","13":"product-type-simple"},"_links":{"self":[{"href":"https:\/\/stoic-curie.212-227-153-4.plesk.page\/pt\/wp-json\/wp\/v2\/product\/751616","targetHints":{"allow":["GET"]}}],"collection":[{"href":"https:\/\/stoic-curie.212-227-153-4.plesk.page\/pt\/wp-json\/wp\/v2\/product"}],"about":[{"href":"https:\/\/stoic-curie.212-227-153-4.plesk.page\/pt\/wp-json\/wp\/v2\/types\/product"}],"replies":[{"embeddable":true,"href":"https:\/\/stoic-curie.212-227-153-4.plesk.page\/pt\/wp-json\/wp\/v2\/comments?post=751616"}],"version-history":[{"count":0,"href":"https:\/\/stoic-curie.212-227-153-4.plesk.page\/pt\/wp-json\/wp\/v2\/product\/751616\/revisions"}],"wp:featuredmedia":[{"embeddable":true,"href":"https:\/\/stoic-curie.212-227-153-4.plesk.page\/pt\/wp-json\/wp\/v2\/media\/5945170"}],"wp:attachment":[{"href":"https:\/\/stoic-curie.212-227-153-4.plesk.page\/pt\/wp-json\/wp\/v2\/media?parent=751616"}],"wp:term":[{"taxonomy":"product_brand","embeddable":true,"href":"https:\/\/stoic-curie.212-227-153-4.plesk.page\/pt\/wp-json\/wp\/v2\/product_brand?post=751616"},{"taxonomy":"product_cat","embeddable":true,"href":"https:\/\/stoic-curie.212-227-153-4.plesk.page\/pt\/wp-json\/wp\/v2\/product_cat?post=751616"},{"taxonomy":"product_tag","embeddable":true,"href":"https:\/\/stoic-curie.212-227-153-4.plesk.page\/pt\/wp-json\/wp\/v2\/product_tag?post=751616"}],"curies":[{"name":"wp","href":"https:\/\/api.w.org\/{rel}","templated":true}]}}