{"id":751617,"date":"2025-03-04T00:58:09","date_gmt":"2025-03-03T23:58:09","guid":{"rendered":"https:\/\/stoic-curie.212-227-153-4.plesk.page\/producto\/base-para-tessilmare-radial-85-2-metros\/"},"modified":"2026-02-25T00:28:21","modified_gmt":"2026-02-25T00:28:21","slug":"base-para-tessilmare-radial-85-2-metros","status":"publish","type":"product","link":"https:\/\/stoic-curie.212-227-153-4.plesk.page\/pt\/product\/base-para-tessilmare-radial-85-2-metros\/","title":{"rendered":"Base para Tessilmare Radial 85"},"content":{"rendered":"<p>Base para Tessilmare Radial 85 &#8211; <\/p>\n<p>As barras de suporte r\u00edgido radial Tessilmare t\u00eam 2 metros de comprimento. Essas barras robustas podem ser facilmente fixadas em sua embarca\u00e7\u00e3o usando parafusos ou rebites, eliminando a necessidade de ferramentas especializadas. O perfil de defesa Tessilmare n\u00e3o apenas melhora a est\u00e9tica do seu barco, mas tamb\u00e9m aumenta sua funcionalidade. Com designs patenteados, a Tessilmare combina resist\u00eancia a impactos elevados com estilo e custo-benef\u00edcio, oferecendo uma abordagem contempor\u00e2nea aos tradicionais trilhos de borracha. Os perfis de defesa radial proporcionam uma solu\u00e7\u00e3o suave e visualmente agrad\u00e1vel, isenta de juntas vis\u00edveis ou bordas afiadas, resultando em um acabamento mais limpo e atraente em compara\u00e7\u00e3o com os trilhos de borracha multi-pe\u00e7as padr\u00e3o.<\/p>\n<p>Desenvolvido especificamente para o setor n\u00e1utico, o Tessilmare Radial pode ser montado em apenas alguns minutos. O processo de instala\u00e7\u00e3o \u00e9 simples: basta prender os segmentos da barra ao casco do barco e fixar a capa externa sobre a base.<\/p>\n<p><br style=\"color: rgb(34, 34, 34); font-family: Arial, Helvetica, sans-serif; font-size: small;\"><\/p>\n","protected":false},"excerpt":{"rendered":"<p>Base para Tessilmare Radial 85 &#8211; As barras de suporte r\u00edgido radial Tessilmare t\u00eam 2 metros de comprimento. Essas barras<\/p>\n","protected":false},"featured_media":5947087,"comment_status":"open","ping_status":"closed","template":"","meta":[],"product_brand":[3482],"product_cat":[2139],"product_tag":[],"class_list":{"0":"post-751617","1":"product","2":"type-product","3":"status-publish","4":"has-post-thumbnail","6":"product_brand-tessilmare-pt","7":"product_cat-batentes-de-defensas","9":"first","10":"instock","11":"shipping-taxable","12":"purchasable","13":"product-type-simple"},"_links":{"self":[{"href":"https:\/\/stoic-curie.212-227-153-4.plesk.page\/pt\/wp-json\/wp\/v2\/product\/751617","targetHints":{"allow":["GET"]}}],"collection":[{"href":"https:\/\/stoic-curie.212-227-153-4.plesk.page\/pt\/wp-json\/wp\/v2\/product"}],"about":[{"href":"https:\/\/stoic-curie.212-227-153-4.plesk.page\/pt\/wp-json\/wp\/v2\/types\/product"}],"replies":[{"embeddable":true,"href":"https:\/\/stoic-curie.212-227-153-4.plesk.page\/pt\/wp-json\/wp\/v2\/comments?post=751617"}],"version-history":[{"count":0,"href":"https:\/\/stoic-curie.212-227-153-4.plesk.page\/pt\/wp-json\/wp\/v2\/product\/751617\/revisions"}],"wp:featuredmedia":[{"embeddable":true,"href":"https:\/\/stoic-curie.212-227-153-4.plesk.page\/pt\/wp-json\/wp\/v2\/media\/5947087"}],"wp:attachment":[{"href":"https:\/\/stoic-curie.212-227-153-4.plesk.page\/pt\/wp-json\/wp\/v2\/media?parent=751617"}],"wp:term":[{"taxonomy":"product_brand","embeddable":true,"href":"https:\/\/stoic-curie.212-227-153-4.plesk.page\/pt\/wp-json\/wp\/v2\/product_brand?post=751617"},{"taxonomy":"product_cat","embeddable":true,"href":"https:\/\/stoic-curie.212-227-153-4.plesk.page\/pt\/wp-json\/wp\/v2\/product_cat?post=751617"},{"taxonomy":"product_tag","embeddable":true,"href":"https:\/\/stoic-curie.212-227-153-4.plesk.page\/pt\/wp-json\/wp\/v2\/product_tag?post=751617"}],"curies":[{"name":"wp","href":"https:\/\/api.w.org\/{rel}","templated":true}]}}