{"id":751620,"date":"2025-03-04T00:58:10","date_gmt":"2025-03-03T23:58:10","guid":{"rendered":"https:\/\/stoic-curie.212-227-153-4.plesk.page\/producto\/fecho-de-porta-em-aco-inoxidavel-mao-esquerda\/"},"modified":"2026-02-25T00:28:21","modified_gmt":"2026-02-25T00:28:21","slug":"fecho-de-porta-em-aco-inoxidavel-mao-esquerda","status":"publish","type":"product","link":"https:\/\/stoic-curie.212-227-153-4.plesk.page\/pt\/product\/fecho-de-porta-em-aco-inoxidavel-mao-esquerda\/","title":{"rendered":"Fecho de Porta em A\u00e7o Inoxid\u00e1vel M\u00e3o Esquerda"},"content":{"rendered":"<p>Fecho de Porta em A\u00e7o Inoxid\u00e1vel M\u00e3o Esquerda &#8211; <\/p>\n<p>Fechadura de privacidade com chaves, ideal para portas, tampas e arm\u00e1rios. Completa com um fecho interno de privacidade. Corpo e componentes em a\u00e7o inoxid\u00e1vel 316 e nylon. O encaixe deve ser adquirido separadamente. Espessura da porta 1722 mm.<\/p>\n","protected":false},"excerpt":{"rendered":"<p>Fecho de Porta em A\u00e7o Inoxid\u00e1vel M\u00e3o Esquerda &#8211; Fechadura de privacidade com chaves, ideal para portas, tampas e arm\u00e1rios.<\/p>\n","protected":false},"featured_media":5947174,"comment_status":"open","ping_status":"closed","template":"","meta":[],"product_brand":[2947],"product_cat":[1995],"product_tag":[],"class_list":{"0":"post-751620","1":"product","2":"type-product","3":"status-publish","4":"has-post-thumbnail","6":"product_brand-foresti-suardi-pt","7":"product_cat-fechaduras","9":"first","10":"instock","11":"shipping-taxable","12":"purchasable","13":"product-type-simple"},"_links":{"self":[{"href":"https:\/\/stoic-curie.212-227-153-4.plesk.page\/pt\/wp-json\/wp\/v2\/product\/751620","targetHints":{"allow":["GET"]}}],"collection":[{"href":"https:\/\/stoic-curie.212-227-153-4.plesk.page\/pt\/wp-json\/wp\/v2\/product"}],"about":[{"href":"https:\/\/stoic-curie.212-227-153-4.plesk.page\/pt\/wp-json\/wp\/v2\/types\/product"}],"replies":[{"embeddable":true,"href":"https:\/\/stoic-curie.212-227-153-4.plesk.page\/pt\/wp-json\/wp\/v2\/comments?post=751620"}],"version-history":[{"count":0,"href":"https:\/\/stoic-curie.212-227-153-4.plesk.page\/pt\/wp-json\/wp\/v2\/product\/751620\/revisions"}],"wp:featuredmedia":[{"embeddable":true,"href":"https:\/\/stoic-curie.212-227-153-4.plesk.page\/pt\/wp-json\/wp\/v2\/media\/5947174"}],"wp:attachment":[{"href":"https:\/\/stoic-curie.212-227-153-4.plesk.page\/pt\/wp-json\/wp\/v2\/media?parent=751620"}],"wp:term":[{"taxonomy":"product_brand","embeddable":true,"href":"https:\/\/stoic-curie.212-227-153-4.plesk.page\/pt\/wp-json\/wp\/v2\/product_brand?post=751620"},{"taxonomy":"product_cat","embeddable":true,"href":"https:\/\/stoic-curie.212-227-153-4.plesk.page\/pt\/wp-json\/wp\/v2\/product_cat?post=751620"},{"taxonomy":"product_tag","embeddable":true,"href":"https:\/\/stoic-curie.212-227-153-4.plesk.page\/pt\/wp-json\/wp\/v2\/product_tag?post=751620"}],"curies":[{"name":"wp","href":"https:\/\/api.w.org\/{rel}","templated":true}]}}