{"id":751622,"date":"2025-03-04T00:58:11","date_gmt":"2025-03-03T23:58:11","guid":{"rendered":"https:\/\/stoic-curie.212-227-153-4.plesk.page\/producto\/fechadura-de-embutir-158-x-87-x-a20mm\/"},"modified":"2026-02-25T00:28:21","modified_gmt":"2026-02-25T00:28:21","slug":"fechadura-de-embutir-158-x-87-x-a20mm","status":"publish","type":"product","link":"https:\/\/stoic-curie.212-227-153-4.plesk.page\/pt\/product\/fechadura-de-embutir-158-x-87-x-a20mm\/","title":{"rendered":"Fechadura de Embutir 158 x 87 x A20mm"},"content":{"rendered":"<p>Fechadura de Embutir 158 x 87 x A20mm &#8211; <\/p>\n<p>Fechadura de embutir para porta deslizante com al\u00e7as embutidas, lingueta plana, chaves e placas de a\u00e7o inox. Materiais \u00e0 prova de ferrugem. Espessura m\u00ednima da porta de 20 mm. Fechadura universal R\/L.<\/p>\n","protected":false},"excerpt":{"rendered":"<p>Fechadura de Embutir 158 x 87 x A20mm &#8211; Fechadura de embutir para porta deslizante com al\u00e7as embutidas, lingueta plana,<\/p>\n","protected":false},"featured_media":5947181,"comment_status":"open","ping_status":"closed","template":"","meta":[],"product_brand":[2947],"product_cat":[1995],"product_tag":[],"class_list":{"0":"post-751622","1":"product","2":"type-product","3":"status-publish","4":"has-post-thumbnail","6":"product_brand-foresti-suardi-pt","7":"product_cat-fechaduras","9":"first","10":"instock","11":"shipping-taxable","12":"purchasable","13":"product-type-simple"},"_links":{"self":[{"href":"https:\/\/stoic-curie.212-227-153-4.plesk.page\/pt\/wp-json\/wp\/v2\/product\/751622","targetHints":{"allow":["GET"]}}],"collection":[{"href":"https:\/\/stoic-curie.212-227-153-4.plesk.page\/pt\/wp-json\/wp\/v2\/product"}],"about":[{"href":"https:\/\/stoic-curie.212-227-153-4.plesk.page\/pt\/wp-json\/wp\/v2\/types\/product"}],"replies":[{"embeddable":true,"href":"https:\/\/stoic-curie.212-227-153-4.plesk.page\/pt\/wp-json\/wp\/v2\/comments?post=751622"}],"version-history":[{"count":0,"href":"https:\/\/stoic-curie.212-227-153-4.plesk.page\/pt\/wp-json\/wp\/v2\/product\/751622\/revisions"}],"wp:featuredmedia":[{"embeddable":true,"href":"https:\/\/stoic-curie.212-227-153-4.plesk.page\/pt\/wp-json\/wp\/v2\/media\/5947181"}],"wp:attachment":[{"href":"https:\/\/stoic-curie.212-227-153-4.plesk.page\/pt\/wp-json\/wp\/v2\/media?parent=751622"}],"wp:term":[{"taxonomy":"product_brand","embeddable":true,"href":"https:\/\/stoic-curie.212-227-153-4.plesk.page\/pt\/wp-json\/wp\/v2\/product_brand?post=751622"},{"taxonomy":"product_cat","embeddable":true,"href":"https:\/\/stoic-curie.212-227-153-4.plesk.page\/pt\/wp-json\/wp\/v2\/product_cat?post=751622"},{"taxonomy":"product_tag","embeddable":true,"href":"https:\/\/stoic-curie.212-227-153-4.plesk.page\/pt\/wp-json\/wp\/v2\/product_tag?post=751622"}],"curies":[{"name":"wp","href":"https:\/\/api.w.org\/{rel}","templated":true}]}}