{"id":751623,"date":"2025-03-04T00:58:11","date_gmt":"2025-03-03T23:58:11","guid":{"rendered":"https:\/\/stoic-curie.212-227-153-4.plesk.page\/producto\/dobradica-de-friccao-tipo-butt-76x50\/"},"modified":"2026-02-25T00:28:21","modified_gmt":"2026-02-25T00:28:21","slug":"dobradica-de-friccao-tipo-butt-76x50","status":"publish","type":"product","link":"https:\/\/stoic-curie.212-227-153-4.plesk.page\/pt\/product\/dobradica-de-friccao-tipo-butt-76x50\/","title":{"rendered":"Dobradi\u00e7a de Fric\u00e7\u00e3o tipo &#8220;Butt&#8221; 76&#215;50"},"content":{"rendered":"<p>Dobradi\u00e7a de Fric\u00e7\u00e3o tipo &#8220;Butt&#8221; 76&#215;50 &#8211; <\/p>\n<p>Hinge de fric\u00e7\u00e3o em a\u00e7o inoxid\u00e1vel Roca com rolamentos de bronze GEM. Projetado para ambientes marinhos, permite abrir e fechar portas, escotilhas e arm\u00e1rios sem impacto e danos causados por jogo final ou rajadas de vento. O momento de fric\u00e7\u00e3o pode ser ajustado com uma chave Allen no pino, aumentando sua efic\u00e1cia.<\/p>\n","protected":false},"excerpt":{"rendered":"<p>Dobradi\u00e7a de Fric\u00e7\u00e3o tipo &#8220;Butt&#8221; 76&#215;50 &#8211; Hinge de fric\u00e7\u00e3o em a\u00e7o inoxid\u00e1vel Roca com rolamentos de bronze GEM. Projetado<\/p>\n","protected":false},"featured_media":5947202,"comment_status":"open","ping_status":"closed","template":"","meta":[],"product_brand":[3237],"product_cat":[1998],"product_tag":[],"class_list":{"0":"post-751623","1":"product","2":"type-product","3":"status-publish","4":"has-post-thumbnail","6":"product_brand-osculati-pt","7":"product_cat-dobradicas","9":"first","10":"instock","11":"shipping-taxable","12":"purchasable","13":"product-type-simple"},"_links":{"self":[{"href":"https:\/\/stoic-curie.212-227-153-4.plesk.page\/pt\/wp-json\/wp\/v2\/product\/751623","targetHints":{"allow":["GET"]}}],"collection":[{"href":"https:\/\/stoic-curie.212-227-153-4.plesk.page\/pt\/wp-json\/wp\/v2\/product"}],"about":[{"href":"https:\/\/stoic-curie.212-227-153-4.plesk.page\/pt\/wp-json\/wp\/v2\/types\/product"}],"replies":[{"embeddable":true,"href":"https:\/\/stoic-curie.212-227-153-4.plesk.page\/pt\/wp-json\/wp\/v2\/comments?post=751623"}],"version-history":[{"count":0,"href":"https:\/\/stoic-curie.212-227-153-4.plesk.page\/pt\/wp-json\/wp\/v2\/product\/751623\/revisions"}],"wp:featuredmedia":[{"embeddable":true,"href":"https:\/\/stoic-curie.212-227-153-4.plesk.page\/pt\/wp-json\/wp\/v2\/media\/5947202"}],"wp:attachment":[{"href":"https:\/\/stoic-curie.212-227-153-4.plesk.page\/pt\/wp-json\/wp\/v2\/media?parent=751623"}],"wp:term":[{"taxonomy":"product_brand","embeddable":true,"href":"https:\/\/stoic-curie.212-227-153-4.plesk.page\/pt\/wp-json\/wp\/v2\/product_brand?post=751623"},{"taxonomy":"product_cat","embeddable":true,"href":"https:\/\/stoic-curie.212-227-153-4.plesk.page\/pt\/wp-json\/wp\/v2\/product_cat?post=751623"},{"taxonomy":"product_tag","embeddable":true,"href":"https:\/\/stoic-curie.212-227-153-4.plesk.page\/pt\/wp-json\/wp\/v2\/product_tag?post=751623"}],"curies":[{"name":"wp","href":"https:\/\/api.w.org\/{rel}","templated":true}]}}