{"id":751625,"date":"2025-03-04T00:58:12","date_gmt":"2025-03-03T23:58:12","guid":{"rendered":"https:\/\/stoic-curie.212-227-153-4.plesk.page\/producto\/dobradica-de-friccao-em-aco-inoxidavel-123-x-285mm\/"},"modified":"2026-02-25T00:28:21","modified_gmt":"2026-02-25T00:28:21","slug":"dobradica-de-friccao-em-aco-inoxidavel-123-x-285mm","status":"publish","type":"product","link":"https:\/\/stoic-curie.212-227-153-4.plesk.page\/pt\/product\/dobradica-de-friccao-em-aco-inoxidavel-123-x-285mm\/","title":{"rendered":"Dobradi\u00e7a de Fric\u00e7\u00e3o em A\u00e7o Inoxid\u00e1vel 123 x 28,5mm"},"content":{"rendered":"<p>Dobradi\u00e7a de Fric\u00e7\u00e3o em A\u00e7o Inoxid\u00e1vel 123 x 28,5mm &#8211; <\/p>\n<p>Hinge de fric\u00e7\u00e3o em a\u00e7o inoxid\u00e1vel A4 316 com um torque de 1,9 Nm e componentes antivibra\u00e7\u00e3o. Para abrir e fechar portas, tampas e arm\u00e1rios sem impacto e danos causados por folgas ou rajadas de vento.<\/p>\n","protected":false},"excerpt":{"rendered":"<p>Dobradi\u00e7a de Fric\u00e7\u00e3o em A\u00e7o Inoxid\u00e1vel 123 x 28,5mm &#8211; Hinge de fric\u00e7\u00e3o em a\u00e7o inoxid\u00e1vel A4 316 com um<\/p>\n","protected":false},"featured_media":5947216,"comment_status":"open","ping_status":"closed","template":"","meta":[],"product_brand":[3237],"product_cat":[1998],"product_tag":[],"class_list":{"0":"post-751625","1":"product","2":"type-product","3":"status-publish","4":"has-post-thumbnail","6":"product_brand-osculati-pt","7":"product_cat-dobradicas","9":"first","10":"instock","11":"shipping-taxable","12":"purchasable","13":"product-type-simple"},"_links":{"self":[{"href":"https:\/\/stoic-curie.212-227-153-4.plesk.page\/pt\/wp-json\/wp\/v2\/product\/751625","targetHints":{"allow":["GET"]}}],"collection":[{"href":"https:\/\/stoic-curie.212-227-153-4.plesk.page\/pt\/wp-json\/wp\/v2\/product"}],"about":[{"href":"https:\/\/stoic-curie.212-227-153-4.plesk.page\/pt\/wp-json\/wp\/v2\/types\/product"}],"replies":[{"embeddable":true,"href":"https:\/\/stoic-curie.212-227-153-4.plesk.page\/pt\/wp-json\/wp\/v2\/comments?post=751625"}],"version-history":[{"count":0,"href":"https:\/\/stoic-curie.212-227-153-4.plesk.page\/pt\/wp-json\/wp\/v2\/product\/751625\/revisions"}],"wp:featuredmedia":[{"embeddable":true,"href":"https:\/\/stoic-curie.212-227-153-4.plesk.page\/pt\/wp-json\/wp\/v2\/media\/5947216"}],"wp:attachment":[{"href":"https:\/\/stoic-curie.212-227-153-4.plesk.page\/pt\/wp-json\/wp\/v2\/media?parent=751625"}],"wp:term":[{"taxonomy":"product_brand","embeddable":true,"href":"https:\/\/stoic-curie.212-227-153-4.plesk.page\/pt\/wp-json\/wp\/v2\/product_brand?post=751625"},{"taxonomy":"product_cat","embeddable":true,"href":"https:\/\/stoic-curie.212-227-153-4.plesk.page\/pt\/wp-json\/wp\/v2\/product_cat?post=751625"},{"taxonomy":"product_tag","embeddable":true,"href":"https:\/\/stoic-curie.212-227-153-4.plesk.page\/pt\/wp-json\/wp\/v2\/product_tag?post=751625"}],"curies":[{"name":"wp","href":"https:\/\/api.w.org\/{rel}","templated":true}]}}