{"id":751627,"date":"2025-03-04T00:58:12","date_gmt":"2025-03-03T23:58:12","guid":{"rendered":"https:\/\/stoic-curie.212-227-153-4.plesk.page\/producto\/escada-de-aco-inoxidavel-4-degraus-h88cm-com-deslizante\/"},"modified":"2026-02-25T00:28:21","modified_gmt":"2026-02-25T00:28:21","slug":"escada-de-aco-inoxidavel-4-degraus-h88cm-com-deslizante","status":"publish","type":"product","link":"https:\/\/stoic-curie.212-227-153-4.plesk.page\/pt\/product\/escada-de-aco-inoxidavel-4-degraus-h88cm-com-deslizante\/","title":{"rendered":"Escada de A\u00e7o Inoxid\u00e1vel 4 Degraus H115cm com Deslizante"},"content":{"rendered":"<p>Escada de A\u00e7o Inoxid\u00e1vel 4 Degraus H115cm com Deslizante &#8211; <\/p>\n<p>Escadas de embarque telesc\u00f3picas em a\u00e7o inoxid\u00e1vel sob a plataforma. Completo com gaiola e trilhos guia. Degraus planos em pol\u00edmero para maior conforto.<\/p>\n","protected":false},"excerpt":{"rendered":"<p>Escada de A\u00e7o Inoxid\u00e1vel 4 Degraus H115cm com Deslizante &#8211; Escadas de embarque telesc\u00f3picas em a\u00e7o inoxid\u00e1vel sob a plataforma.<\/p>\n","protected":false},"featured_media":5947242,"comment_status":"open","ping_status":"closed","template":"","meta":[],"product_brand":[3492],"product_cat":[1905],"product_tag":[],"class_list":{"0":"post-751627","1":"product","2":"type-product","3":"status-publish","4":"has-post-thumbnail","6":"product_brand-trem-pt","7":"product_cat-escadas","9":"first","10":"instock","11":"shipping-taxable","12":"purchasable","13":"product-type-simple"},"_links":{"self":[{"href":"https:\/\/stoic-curie.212-227-153-4.plesk.page\/pt\/wp-json\/wp\/v2\/product\/751627","targetHints":{"allow":["GET"]}}],"collection":[{"href":"https:\/\/stoic-curie.212-227-153-4.plesk.page\/pt\/wp-json\/wp\/v2\/product"}],"about":[{"href":"https:\/\/stoic-curie.212-227-153-4.plesk.page\/pt\/wp-json\/wp\/v2\/types\/product"}],"replies":[{"embeddable":true,"href":"https:\/\/stoic-curie.212-227-153-4.plesk.page\/pt\/wp-json\/wp\/v2\/comments?post=751627"}],"version-history":[{"count":0,"href":"https:\/\/stoic-curie.212-227-153-4.plesk.page\/pt\/wp-json\/wp\/v2\/product\/751627\/revisions"}],"wp:featuredmedia":[{"embeddable":true,"href":"https:\/\/stoic-curie.212-227-153-4.plesk.page\/pt\/wp-json\/wp\/v2\/media\/5947242"}],"wp:attachment":[{"href":"https:\/\/stoic-curie.212-227-153-4.plesk.page\/pt\/wp-json\/wp\/v2\/media?parent=751627"}],"wp:term":[{"taxonomy":"product_brand","embeddable":true,"href":"https:\/\/stoic-curie.212-227-153-4.plesk.page\/pt\/wp-json\/wp\/v2\/product_brand?post=751627"},{"taxonomy":"product_cat","embeddable":true,"href":"https:\/\/stoic-curie.212-227-153-4.plesk.page\/pt\/wp-json\/wp\/v2\/product_cat?post=751627"},{"taxonomy":"product_tag","embeddable":true,"href":"https:\/\/stoic-curie.212-227-153-4.plesk.page\/pt\/wp-json\/wp\/v2\/product_tag?post=751627"}],"curies":[{"name":"wp","href":"https:\/\/api.w.org\/{rel}","templated":true}]}}