{"id":751629,"date":"2025-03-04T00:58:13","date_gmt":"2025-03-03T23:58:13","guid":{"rendered":"https:\/\/stoic-curie.212-227-153-4.plesk.page\/producto\/escada-embutida-de-aco-inoxidavel-3-degraus-87-x-25cm\/"},"modified":"2026-02-25T00:28:21","modified_gmt":"2026-02-25T00:28:21","slug":"escada-embutida-de-aco-inoxidavel-3-degraus-87-x-25cm","status":"publish","type":"product","link":"https:\/\/stoic-curie.212-227-153-4.plesk.page\/pt\/product\/escada-embutida-de-aco-inoxidavel-3-degraus-87-x-25cm\/","title":{"rendered":"Escada Embutida de A\u00e7o Inoxid\u00e1vel 3 degraus 87 x 25cm"},"content":{"rendered":"<p>Escada Embutida de A\u00e7o Inoxid\u00e1vel 3 degraus 87 x 25cm &#8211; <\/p>\n<p>Escadas telesc\u00f3picas de a\u00e7o inoxid\u00e1vel em caixa. Completo com caixa e trilhos guia. Montagem flush no transom. Dimens\u00f5es da caixa 33 x 47 x 4,6 cm (49 cm para a vers\u00e3o de 4 degraus).<\/p>\n","protected":false},"excerpt":{"rendered":"<p>Escada Embutida de A\u00e7o Inoxid\u00e1vel 3 degraus 87 x 25cm &#8211; Escadas telesc\u00f3picas de a\u00e7o inoxid\u00e1vel em caixa. Completo com<\/p>\n","protected":false},"featured_media":5945228,"comment_status":"open","ping_status":"closed","template":"","meta":[],"product_brand":[3492],"product_cat":[1905],"product_tag":[],"class_list":{"0":"post-751629","1":"product","2":"type-product","3":"status-publish","4":"has-post-thumbnail","6":"product_brand-trem-pt","7":"product_cat-escadas","9":"first","10":"instock","11":"shipping-taxable","12":"purchasable","13":"product-type-simple"},"_links":{"self":[{"href":"https:\/\/stoic-curie.212-227-153-4.plesk.page\/pt\/wp-json\/wp\/v2\/product\/751629","targetHints":{"allow":["GET"]}}],"collection":[{"href":"https:\/\/stoic-curie.212-227-153-4.plesk.page\/pt\/wp-json\/wp\/v2\/product"}],"about":[{"href":"https:\/\/stoic-curie.212-227-153-4.plesk.page\/pt\/wp-json\/wp\/v2\/types\/product"}],"replies":[{"embeddable":true,"href":"https:\/\/stoic-curie.212-227-153-4.plesk.page\/pt\/wp-json\/wp\/v2\/comments?post=751629"}],"version-history":[{"count":0,"href":"https:\/\/stoic-curie.212-227-153-4.plesk.page\/pt\/wp-json\/wp\/v2\/product\/751629\/revisions"}],"wp:featuredmedia":[{"embeddable":true,"href":"https:\/\/stoic-curie.212-227-153-4.plesk.page\/pt\/wp-json\/wp\/v2\/media\/5945228"}],"wp:attachment":[{"href":"https:\/\/stoic-curie.212-227-153-4.plesk.page\/pt\/wp-json\/wp\/v2\/media?parent=751629"}],"wp:term":[{"taxonomy":"product_brand","embeddable":true,"href":"https:\/\/stoic-curie.212-227-153-4.plesk.page\/pt\/wp-json\/wp\/v2\/product_brand?post=751629"},{"taxonomy":"product_cat","embeddable":true,"href":"https:\/\/stoic-curie.212-227-153-4.plesk.page\/pt\/wp-json\/wp\/v2\/product_cat?post=751629"},{"taxonomy":"product_tag","embeddable":true,"href":"https:\/\/stoic-curie.212-227-153-4.plesk.page\/pt\/wp-json\/wp\/v2\/product_tag?post=751629"}],"curies":[{"name":"wp","href":"https:\/\/api.w.org\/{rel}","templated":true}]}}