{"id":751633,"date":"2025-03-04T00:58:14","date_gmt":"2025-03-03T23:58:14","guid":{"rendered":"https:\/\/stoic-curie.212-227-153-4.plesk.page\/producto\/passadico-de-fibra-de-carbono-dobravel-260-x-45cm\/"},"modified":"2026-02-25T00:28:21","modified_gmt":"2026-02-25T00:28:21","slug":"passadico-de-fibra-de-carbono-dobravel-260-x-45cm","status":"publish","type":"product","link":"https:\/\/stoic-curie.212-227-153-4.plesk.page\/pt\/product\/passadico-de-fibra-de-carbono-dobravel-260-x-45cm\/","title":{"rendered":"Passadi\u00e7o de Fibra de Carbono Dobr\u00e1vel 260 x 45cm"},"content":{"rendered":"<p>Passadi\u00e7o de Fibra de Carbono Dobr\u00e1vel 260 x 45cm &#8211; <\/p>\n<p>Estamos felizes em apresentar um passadi\u00e7o excepcionalmente robusto, mas surpreendentemente leve, habilidosamente constru\u00eddo a partir de um material comp\u00f3sito que combina a durabilidade da fibra de carbono com pol\u00edmeros de ponta. Essa passarela de \u00faltima gera\u00e7\u00e3o foi projetada como uma unidade cont\u00ednua, eliminando efetivamente a necessidade de t\u00e9cnicas de liga\u00e7\u00e3o, o que refor\u00e7a sua resist\u00eancia estrutural e facilidade de uso. Para sua conveni\u00eancia, ela vem equipada com um pino e uma tomada embutida, permitindo uma f\u00e1cil instala\u00e7\u00e3o no seu barco.<\/p>\n<p>Uma caracter\u00edstica not\u00e1vel desse passadi\u00e7o \u00e9 sua flutuabilidade, garantindo que permane\u00e7a \u00e0 tona mesmo em condi\u00e7\u00f5es exigentes. Al\u00e9m disso, \u00e9 resistente \u00e0 corros\u00e3o, tornando-se uma excelente op\u00e7\u00e3o para ambientes marinhos, e \u00e9 imune a danos UV, o que ajuda a preservar sua est\u00e9tica e funcionalidade ao longo do tempo. O passadi\u00e7o possui uma superf\u00edcie antiderrapante, garantindo seguran\u00e7a e estabilidade durante o uso, e \u00e9 ainda mais aprimorado com fita protetora el\u00e1stica nas laterais para proteger contra arranh\u00f5es indesej\u00e1veis. Al\u00e9m disso, um kit de suporte est\u00e1 dispon\u00edvel como acess\u00f3rio (Refer\u00eancia 0607888) para melhorar ainda mais sua configura\u00e7\u00e3o.<\/p>\n","protected":false},"excerpt":{"rendered":"<p>Passadi\u00e7o de Fibra de Carbono Dobr\u00e1vel 260 x 45cm &#8211; Estamos felizes em apresentar um passadi\u00e7o excepcionalmente robusto, mas surpreendentemente<\/p>\n","protected":false},"featured_media":5947252,"comment_status":"open","ping_status":"closed","template":"","meta":[],"product_brand":[3492],"product_cat":[1899],"product_tag":[],"class_list":{"0":"post-751633","1":"product","2":"type-product","3":"status-publish","4":"has-post-thumbnail","6":"product_brand-trem-pt","7":"product_cat-pranchas-de-embarque","9":"first","10":"instock","11":"shipping-taxable","12":"purchasable","13":"product-type-simple"},"_links":{"self":[{"href":"https:\/\/stoic-curie.212-227-153-4.plesk.page\/pt\/wp-json\/wp\/v2\/product\/751633","targetHints":{"allow":["GET"]}}],"collection":[{"href":"https:\/\/stoic-curie.212-227-153-4.plesk.page\/pt\/wp-json\/wp\/v2\/product"}],"about":[{"href":"https:\/\/stoic-curie.212-227-153-4.plesk.page\/pt\/wp-json\/wp\/v2\/types\/product"}],"replies":[{"embeddable":true,"href":"https:\/\/stoic-curie.212-227-153-4.plesk.page\/pt\/wp-json\/wp\/v2\/comments?post=751633"}],"version-history":[{"count":0,"href":"https:\/\/stoic-curie.212-227-153-4.plesk.page\/pt\/wp-json\/wp\/v2\/product\/751633\/revisions"}],"wp:featuredmedia":[{"embeddable":true,"href":"https:\/\/stoic-curie.212-227-153-4.plesk.page\/pt\/wp-json\/wp\/v2\/media\/5947252"}],"wp:attachment":[{"href":"https:\/\/stoic-curie.212-227-153-4.plesk.page\/pt\/wp-json\/wp\/v2\/media?parent=751633"}],"wp:term":[{"taxonomy":"product_brand","embeddable":true,"href":"https:\/\/stoic-curie.212-227-153-4.plesk.page\/pt\/wp-json\/wp\/v2\/product_brand?post=751633"},{"taxonomy":"product_cat","embeddable":true,"href":"https:\/\/stoic-curie.212-227-153-4.plesk.page\/pt\/wp-json\/wp\/v2\/product_cat?post=751633"},{"taxonomy":"product_tag","embeddable":true,"href":"https:\/\/stoic-curie.212-227-153-4.plesk.page\/pt\/wp-json\/wp\/v2\/product_tag?post=751633"}],"curies":[{"name":"wp","href":"https:\/\/api.w.org\/{rel}","templated":true}]}}