{"id":751635,"date":"2025-03-04T00:58:15","date_gmt":"2025-03-03T23:58:15","guid":{"rendered":"https:\/\/stoic-curie.212-227-153-4.plesk.page\/producto\/almofada-inflavel-60-x-40-x-5cm\/"},"modified":"2026-02-25T00:28:21","modified_gmt":"2026-02-25T00:28:21","slug":"almofada-inflavel-60-x-40-x-5cm","status":"publish","type":"product","link":"https:\/\/stoic-curie.212-227-153-4.plesk.page\/pt\/product\/almofada-inflavel-60-x-40-x-5cm\/","title":{"rendered":"Almofada Infl\u00e1vel 60 x 40 x 5cm"},"content":{"rendered":"<p>Almofada Infl\u00e1vel 60 x 40 x 5cm &#8211; <\/p>\n<p>Travesseiro de assento infl\u00e1vel em malha de poli\u00e9ster Dropstitch revestido de PVC de alta resist\u00eancia. Composto por assento e encosto com fecho de velcro ajust\u00e1vel para trilhos laterais e parafil. Pode ser desinflado e armazenado rapidamente sem ocupar espa\u00e7o.<\/p>\n","protected":false},"excerpt":{"rendered":"<p>Almofada Infl\u00e1vel 60 x 40 x 5cm &#8211; Travesseiro de assento infl\u00e1vel em malha de poli\u00e9ster Dropstitch revestido de PVC<\/p>\n","protected":false},"featured_media":5947281,"comment_status":"open","ping_status":"closed","template":"","meta":[],"product_brand":[3207],"product_cat":[1965,1929],"product_tag":[],"class_list":{"0":"post-751635","1":"product","2":"type-product","3":"status-publish","4":"has-post-thumbnail","6":"product_brand-nova-argonautica-pt","7":"product_cat-assentos","8":"product_cat-mesas-e-cadeiras","10":"first","11":"instock","12":"shipping-taxable","13":"purchasable","14":"product-type-simple"},"_links":{"self":[{"href":"https:\/\/stoic-curie.212-227-153-4.plesk.page\/pt\/wp-json\/wp\/v2\/product\/751635","targetHints":{"allow":["GET"]}}],"collection":[{"href":"https:\/\/stoic-curie.212-227-153-4.plesk.page\/pt\/wp-json\/wp\/v2\/product"}],"about":[{"href":"https:\/\/stoic-curie.212-227-153-4.plesk.page\/pt\/wp-json\/wp\/v2\/types\/product"}],"replies":[{"embeddable":true,"href":"https:\/\/stoic-curie.212-227-153-4.plesk.page\/pt\/wp-json\/wp\/v2\/comments?post=751635"}],"version-history":[{"count":0,"href":"https:\/\/stoic-curie.212-227-153-4.plesk.page\/pt\/wp-json\/wp\/v2\/product\/751635\/revisions"}],"wp:featuredmedia":[{"embeddable":true,"href":"https:\/\/stoic-curie.212-227-153-4.plesk.page\/pt\/wp-json\/wp\/v2\/media\/5947281"}],"wp:attachment":[{"href":"https:\/\/stoic-curie.212-227-153-4.plesk.page\/pt\/wp-json\/wp\/v2\/media?parent=751635"}],"wp:term":[{"taxonomy":"product_brand","embeddable":true,"href":"https:\/\/stoic-curie.212-227-153-4.plesk.page\/pt\/wp-json\/wp\/v2\/product_brand?post=751635"},{"taxonomy":"product_cat","embeddable":true,"href":"https:\/\/stoic-curie.212-227-153-4.plesk.page\/pt\/wp-json\/wp\/v2\/product_cat?post=751635"},{"taxonomy":"product_tag","embeddable":true,"href":"https:\/\/stoic-curie.212-227-153-4.plesk.page\/pt\/wp-json\/wp\/v2\/product_tag?post=751635"}],"curies":[{"name":"wp","href":"https:\/\/api.w.org\/{rel}","templated":true}]}}