{"id":751639,"date":"2025-03-04T00:58:18","date_gmt":"2025-03-03T23:58:18","guid":{"rendered":"https:\/\/stoic-curie.212-227-153-4.plesk.page\/producto\/banquinho-de-teca-preto-mb-45-x-36-x-a46\/"},"modified":"2026-02-25T00:28:21","modified_gmt":"2026-02-25T00:28:21","slug":"banquinho-de-teca-preto-mb-45-x-36-x-a46","status":"publish","type":"product","link":"https:\/\/stoic-curie.212-227-153-4.plesk.page\/pt\/product\/banquinho-de-teca-preto-mb-45-x-36-x-a46\/","title":{"rendered":"Banquinho de Teca Preto MB 45 x 36 x A46"},"content":{"rendered":"<p>Banquinho de Teca Preto MB 45 x 36 x A46 &#8211; <\/p>\n<p>Assento dobr\u00e1vel de conv\u00e9s de teca de qualidade marinha, resistente a raios UV. Ferragens e parafusos em a\u00e7o inoxid\u00e1vel com dobradi\u00e7as embutidas. Tecido olefina resistente a rasgos que repele a \u00e1gua, resistente ao sol (n\u00e3o desbota) e tamb\u00e9m pode ser lavado com \u00e1gua sanit\u00e1ria. Tecido de reposi\u00e7\u00e3o dispon\u00edvel em 5 cores.<\/p>\n","protected":false},"excerpt":{"rendered":"<p>Banquinho de Teca Preto MB 45 x 36 x A46 &#8211; Assento dobr\u00e1vel de conv\u00e9s de teca de qualidade marinha,<\/p>\n","protected":false},"featured_media":5947295,"comment_status":"open","ping_status":"closed","template":"","meta":[],"product_brand":[3112],"product_cat":[1929],"product_tag":[],"class_list":{"0":"post-751639","1":"product","2":"type-product","3":"status-publish","4":"has-post-thumbnail","6":"product_brand-marine-business-mb-pt","7":"product_cat-mesas-e-cadeiras","9":"first","10":"instock","11":"shipping-taxable","12":"purchasable","13":"product-type-simple"},"_links":{"self":[{"href":"https:\/\/stoic-curie.212-227-153-4.plesk.page\/pt\/wp-json\/wp\/v2\/product\/751639","targetHints":{"allow":["GET"]}}],"collection":[{"href":"https:\/\/stoic-curie.212-227-153-4.plesk.page\/pt\/wp-json\/wp\/v2\/product"}],"about":[{"href":"https:\/\/stoic-curie.212-227-153-4.plesk.page\/pt\/wp-json\/wp\/v2\/types\/product"}],"replies":[{"embeddable":true,"href":"https:\/\/stoic-curie.212-227-153-4.plesk.page\/pt\/wp-json\/wp\/v2\/comments?post=751639"}],"version-history":[{"count":0,"href":"https:\/\/stoic-curie.212-227-153-4.plesk.page\/pt\/wp-json\/wp\/v2\/product\/751639\/revisions"}],"wp:featuredmedia":[{"embeddable":true,"href":"https:\/\/stoic-curie.212-227-153-4.plesk.page\/pt\/wp-json\/wp\/v2\/media\/5947295"}],"wp:attachment":[{"href":"https:\/\/stoic-curie.212-227-153-4.plesk.page\/pt\/wp-json\/wp\/v2\/media?parent=751639"}],"wp:term":[{"taxonomy":"product_brand","embeddable":true,"href":"https:\/\/stoic-curie.212-227-153-4.plesk.page\/pt\/wp-json\/wp\/v2\/product_brand?post=751639"},{"taxonomy":"product_cat","embeddable":true,"href":"https:\/\/stoic-curie.212-227-153-4.plesk.page\/pt\/wp-json\/wp\/v2\/product_cat?post=751639"},{"taxonomy":"product_tag","embeddable":true,"href":"https:\/\/stoic-curie.212-227-153-4.plesk.page\/pt\/wp-json\/wp\/v2\/product_tag?post=751639"}],"curies":[{"name":"wp","href":"https:\/\/api.w.org\/{rel}","templated":true}]}}