{"id":751646,"date":"2025-03-04T00:58:20","date_gmt":"2025-03-03T23:58:20","guid":{"rendered":"https:\/\/stoic-curie.212-227-153-4.plesk.page\/producto\/frigorifico-portatil-jazo-para-garrafas-h335-mm\/"},"modified":"2026-02-25T00:28:21","modified_gmt":"2026-02-25T00:28:21","slug":"frigorifico-portatil-jazo-para-garrafas-h335-mm","status":"publish","type":"product","link":"https:\/\/stoic-curie.212-227-153-4.plesk.page\/pt\/product\/frigorifico-portatil-jazo-para-garrafas-h335-mm\/","title":{"rendered":"Frigor\u00edfico Port\u00e1til Jazo para Garrafas H335 mm"},"content":{"rendered":"<p>Frigor\u00edfico Port\u00e1til Jazo para Garrafas H335 mm &#8211; <\/p>\n<p>Muito leves, refrigeradores port\u00e1teis de alto desempenho projetados para manter at\u00e9 5 garrafas na temperatura ideal. Constru\u00eddos com material EPS inovador que garante resist\u00eancia excepcional e isolamento a um custo reduzido. Com a adi\u00e7\u00e3o de blocos de gelo inclu\u00eddos na caixa t\u00e9rmica, \u00e9 poss\u00edvel manter a temperatura por 12 horas, perdendo apenas um grau. Completo com sistema de fechamento de gancho e la\u00e7o e al\u00e7a de ombro ajust\u00e1vel.<\/p>\n","protected":false},"excerpt":{"rendered":"<p>Frigor\u00edfico Port\u00e1til Jazo para Garrafas H335 mm &#8211; Muito leves, refrigeradores port\u00e1teis de alto desempenho projetados para manter at\u00e9 5<\/p>\n","protected":false},"featured_media":5947360,"comment_status":"open","ping_status":"closed","template":"","meta":[],"product_brand":[3237],"product_cat":[1933],"product_tag":[],"class_list":{"0":"post-751646","1":"product","2":"type-product","3":"status-publish","4":"has-post-thumbnail","6":"product_brand-osculati-pt","7":"product_cat-caixas-termicas","9":"first","10":"instock","11":"shipping-taxable","12":"purchasable","13":"product-type-simple"},"_links":{"self":[{"href":"https:\/\/stoic-curie.212-227-153-4.plesk.page\/pt\/wp-json\/wp\/v2\/product\/751646","targetHints":{"allow":["GET"]}}],"collection":[{"href":"https:\/\/stoic-curie.212-227-153-4.plesk.page\/pt\/wp-json\/wp\/v2\/product"}],"about":[{"href":"https:\/\/stoic-curie.212-227-153-4.plesk.page\/pt\/wp-json\/wp\/v2\/types\/product"}],"replies":[{"embeddable":true,"href":"https:\/\/stoic-curie.212-227-153-4.plesk.page\/pt\/wp-json\/wp\/v2\/comments?post=751646"}],"version-history":[{"count":0,"href":"https:\/\/stoic-curie.212-227-153-4.plesk.page\/pt\/wp-json\/wp\/v2\/product\/751646\/revisions"}],"wp:featuredmedia":[{"embeddable":true,"href":"https:\/\/stoic-curie.212-227-153-4.plesk.page\/pt\/wp-json\/wp\/v2\/media\/5947360"}],"wp:attachment":[{"href":"https:\/\/stoic-curie.212-227-153-4.plesk.page\/pt\/wp-json\/wp\/v2\/media?parent=751646"}],"wp:term":[{"taxonomy":"product_brand","embeddable":true,"href":"https:\/\/stoic-curie.212-227-153-4.plesk.page\/pt\/wp-json\/wp\/v2\/product_brand?post=751646"},{"taxonomy":"product_cat","embeddable":true,"href":"https:\/\/stoic-curie.212-227-153-4.plesk.page\/pt\/wp-json\/wp\/v2\/product_cat?post=751646"},{"taxonomy":"product_tag","embeddable":true,"href":"https:\/\/stoic-curie.212-227-153-4.plesk.page\/pt\/wp-json\/wp\/v2\/product_tag?post=751646"}],"curies":[{"name":"wp","href":"https:\/\/api.w.org\/{rel}","templated":true}]}}