{"id":751647,"date":"2025-03-04T00:58:20","date_gmt":"2025-03-03T23:58:20","guid":{"rendered":"https:\/\/stoic-curie.212-227-153-4.plesk.page\/producto\/dometic-frigorifico-crd50\/"},"modified":"2026-02-25T00:28:21","modified_gmt":"2026-02-25T00:28:21","slug":"dometic-frigorifico-crd50","status":"publish","type":"product","link":"https:\/\/stoic-curie.212-227-153-4.plesk.page\/pt\/product\/dometic-frigorifico-crd50\/","title":{"rendered":"Dometic Frigor\u00edfico CRD50"},"content":{"rendered":"<p>Dometic Frigor\u00edfico CRD50 &#8211; <\/p>\n<p style=\"color: rgb(34, 34, 34); font-family: Arial, Helvetica, sans-serif; font-size: small;\">Os refrigeradores em gaveta Dometic CoolMatic CRD funcionam com 12\/24V e est\u00e3o equipados com uma unidade de resfriamento externa (n\u00e3o remov\u00edvel) de velocidade vari\u00e1vel que reduz efetivamente o consumo de energia em 25%. O design incorpora um compartimento de congelamento remov\u00edvel, enquanto o painel de controle sens\u00edvel ao toque permite aos usu\u00e1rios escolher entre refrigera\u00e7\u00e3o, congelamento ou utilizar ambas as fun\u00e7\u00f5es simultaneamente. Uma luz LED integrada melhora a visibilidade dentro do refrigerador. Esta unidade \u00e9 oferecida com uma porta prateada e pode ser instalada usando um quadro de montagem padr\u00e3o ou embutido como acess\u00f3rio opcional.<\/p>\n<p style=\"color: rgb(34, 34, 34); font-family: Arial, Helvetica, sans-serif; font-size: small;\">O refrigerador de gaveta de 38,5 litros apresenta uma solu\u00e7\u00e3o pr\u00e1tica para gerenciar seus alimentos e suprimentos, mantendo garrafas seguras em seu lugar com um suporte dedicado. O compartimento de congelamento remov\u00edvel oferece espa\u00e7o adicional de refrigera\u00e7\u00e3o quando necess\u00e1rio, tornando-se uma excelente op\u00e7\u00e3o de resfriamento para embarca\u00e7\u00f5es menores. Os clientes t\u00eam a op\u00e7\u00e3o entre dois modelos: um com painel frontal de a\u00e7o inoxid\u00e1vel e outro com acabamento em prata fosca.<\/p>\n<p style=\"color: rgb(34, 34, 34); font-family: Arial, Helvetica, sans-serif; font-size: small;\"><strong>Poder Solar \u2013 Aproveitando a Energia do Sol<\/strong><br \/>O refrigerador \u00e9 projetado com uma luz interna azul fresca e \u00e9 apropriado para montagem embutida, permitindo que a unidade seja integrada \u00e0 parede para um design sofisticado e que economiza espa\u00e7o. Seu acabamento em a\u00e7o inoxid\u00e1vel e est\u00e9tica premium aumentam seu apelo visual, e o painel decorativo pode ser facilmente trocado.<\/p>\n<p style=\"color: rgb(34, 34, 34); font-family: Arial, Helvetica, sans-serif; font-size: small;\">O Dometic CoolMatic CRD 50 \u00e9 um elegante refrigerador retr\u00e1til com capacidade aproximada de 50 litros, que inclui um congelador de 4 litros. Oferece desempenho excepcional de resfriamento e possui recursos de energia solar, al\u00e9m de uma luz interna azul fresca. Este design premium \u00e9 ideal para aqueles que buscam uma solu\u00e7\u00e3o embutida e luxuosa.<\/p>\n<p style=\"color: rgb(34, 34, 34); font-family: Arial, Helvetica, sans-serif; font-size: small;\"><strong>Especifica\u00e7\u00f5es do Produto<\/strong><\/p>\n<ul style=\"color: rgb(34, 34, 34); font-family: Arial, Helvetica, sans-serif; font-size: small;\">\n<li>Capacidade interna bruta\/liquida: 47 litros<\/li>\n<li>Volume bruto\/liquido de armazenamento do congelador: 6 litros<\/li>\n<li>Dimens\u00f5es externas (mm LxPxA): 380 x 500 x 534<\/li>\n<li>Prateleiras\/Cestos: 1<\/li>\n<li>Gavetas: 1<\/li>\n<li>Painel de controle: Escala graduada<\/li>\n<li>Luz interna: Sim<\/li>\n<li>Descongelamento: Manual<\/li>\n<li>Tecnologia de refrigera\u00e7\u00e3o: Compressor<\/li>\n<li>Refrigerante: R134a<\/li>\n<\/ul>\n","protected":false},"excerpt":{"rendered":"<p>Dometic Frigor\u00edfico CRD50 &#8211; Os refrigeradores em gaveta Dometic CoolMatic CRD funcionam com 12\/24V e est\u00e3o equipados com uma unidade<\/p>\n","protected":false},"featured_media":5947362,"comment_status":"open","ping_status":"closed","template":"","meta":[],"product_brand":[2897],"product_cat":[2038],"product_tag":[],"class_list":{"0":"post-751647","1":"product","2":"type-product","3":"status-publish","4":"has-post-thumbnail","6":"product_brand-dometic-pt","7":"product_cat-frigorificos-e-congeladores","9":"first","10":"instock","11":"shipping-taxable","12":"purchasable","13":"product-type-simple"},"_links":{"self":[{"href":"https:\/\/stoic-curie.212-227-153-4.plesk.page\/pt\/wp-json\/wp\/v2\/product\/751647","targetHints":{"allow":["GET"]}}],"collection":[{"href":"https:\/\/stoic-curie.212-227-153-4.plesk.page\/pt\/wp-json\/wp\/v2\/product"}],"about":[{"href":"https:\/\/stoic-curie.212-227-153-4.plesk.page\/pt\/wp-json\/wp\/v2\/types\/product"}],"replies":[{"embeddable":true,"href":"https:\/\/stoic-curie.212-227-153-4.plesk.page\/pt\/wp-json\/wp\/v2\/comments?post=751647"}],"version-history":[{"count":0,"href":"https:\/\/stoic-curie.212-227-153-4.plesk.page\/pt\/wp-json\/wp\/v2\/product\/751647\/revisions"}],"wp:featuredmedia":[{"embeddable":true,"href":"https:\/\/stoic-curie.212-227-153-4.plesk.page\/pt\/wp-json\/wp\/v2\/media\/5947362"}],"wp:attachment":[{"href":"https:\/\/stoic-curie.212-227-153-4.plesk.page\/pt\/wp-json\/wp\/v2\/media?parent=751647"}],"wp:term":[{"taxonomy":"product_brand","embeddable":true,"href":"https:\/\/stoic-curie.212-227-153-4.plesk.page\/pt\/wp-json\/wp\/v2\/product_brand?post=751647"},{"taxonomy":"product_cat","embeddable":true,"href":"https:\/\/stoic-curie.212-227-153-4.plesk.page\/pt\/wp-json\/wp\/v2\/product_cat?post=751647"},{"taxonomy":"product_tag","embeddable":true,"href":"https:\/\/stoic-curie.212-227-153-4.plesk.page\/pt\/wp-json\/wp\/v2\/product_tag?post=751647"}],"curies":[{"name":"wp","href":"https:\/\/api.w.org\/{rel}","templated":true}]}}