{"id":751651,"date":"2025-03-04T00:58:21","date_gmt":"2025-03-03T23:58:21","guid":{"rendered":"https:\/\/stoic-curie.212-227-153-4.plesk.page\/producto\/sanita-manual-johnson-aquat-compacta\/"},"modified":"2026-02-25T00:28:21","modified_gmt":"2026-02-25T00:28:21","slug":"sanita-manual-johnson-aquat-compacta","status":"publish","type":"product","link":"https:\/\/stoic-curie.212-227-153-4.plesk.page\/pt\/product\/sanita-manual-johnson-aquat-compacta\/","title":{"rendered":"Sanita manual Johnson AquaT compacta"},"content":{"rendered":"<p>Sanita manual Johnson AquaT compacta &#8211; <\/p>\n<p>O banheiro Johnson AquaT conta com uma bomba manual autoescorvante de dupla a\u00e7\u00e3o projetada ergonomicamente, que pode ser montada \u00e0 direita ou \u00e0 esquerda. Funciona com \u00e1gua doce e salgada e pode ser montado acima ou abaixo da linha d&#8217;\u00e1gua.<br \/>Dispon\u00edvel em tr\u00eas modelos:<br \/>\u2022 Compacto \u2013 mais compacto para espa\u00e7os limitados com um assento redondo<br \/>\u2022 Conforto \u2013 maior e mais confort\u00e1vel com um assento oval<br \/>\u2022 Super Compacto \u2013 menor e mais leve com um assento redondo<br \/>Feito de porcelana vitrificada branca de qualidade excepcional para perfeita higiene. Pr\u00e1tico, silencioso e confi\u00e1vel. A\u00e7\u00e3o de redemoinho forte para descarga eficiente. Guia de haste de pist\u00e3o de lat\u00e3o para maior vida \u00fatil. Fecho da v\u00e1lvula superior com assist\u00eancia de mola para facilitar o prime. V\u00e1lvulas de reten\u00e7\u00e3o duplas com di\u00e2metro total de 38 mm (1 1\/2&#8243;) para evitar o refluxo. Sa\u00edda de v\u00e1rios \u00e2ngulos para maior liberdade de instala\u00e7\u00e3o. Plugues de base duplamente selados para drenagem de inverno e f\u00e1cil acesso \u00e0 limpeza. Pontos de montagem acess\u00edveis para instala\u00e7\u00e3o mais r\u00e1pida sem ferramentas especiais. Padr\u00e3o de furos flex\u00edvel na base, para f\u00e1cil substitui\u00e7\u00e3o com os vasos sanit\u00e1rios mais comuns no mercado. Entrada \u00d8 20 mm (3\/4&#8243;) sa\u00edda \u00d8 38 mm (1&#8243; 1\/2). Garantia de 3 anos.<\/p>\n","protected":false},"excerpt":{"rendered":"<p>Sanita manual Johnson AquaT compacta &#8211; O banheiro Johnson AquaT conta com uma bomba manual autoescorvante de dupla a\u00e7\u00e3o projetada<\/p>\n","protected":false},"featured_media":5947379,"comment_status":"open","ping_status":"closed","template":"","meta":[],"product_brand":[3047],"product_cat":[1962],"product_tag":[],"class_list":{"0":"post-751651","1":"product","2":"type-product","3":"status-publish","4":"has-post-thumbnail","6":"product_brand-johnson-marine-pt","7":"product_cat-sanitarios-e-casas-de-banho","9":"first","10":"instock","11":"shipping-taxable","12":"purchasable","13":"product-type-simple"},"_links":{"self":[{"href":"https:\/\/stoic-curie.212-227-153-4.plesk.page\/pt\/wp-json\/wp\/v2\/product\/751651","targetHints":{"allow":["GET"]}}],"collection":[{"href":"https:\/\/stoic-curie.212-227-153-4.plesk.page\/pt\/wp-json\/wp\/v2\/product"}],"about":[{"href":"https:\/\/stoic-curie.212-227-153-4.plesk.page\/pt\/wp-json\/wp\/v2\/types\/product"}],"replies":[{"embeddable":true,"href":"https:\/\/stoic-curie.212-227-153-4.plesk.page\/pt\/wp-json\/wp\/v2\/comments?post=751651"}],"version-history":[{"count":0,"href":"https:\/\/stoic-curie.212-227-153-4.plesk.page\/pt\/wp-json\/wp\/v2\/product\/751651\/revisions"}],"wp:featuredmedia":[{"embeddable":true,"href":"https:\/\/stoic-curie.212-227-153-4.plesk.page\/pt\/wp-json\/wp\/v2\/media\/5947379"}],"wp:attachment":[{"href":"https:\/\/stoic-curie.212-227-153-4.plesk.page\/pt\/wp-json\/wp\/v2\/media?parent=751651"}],"wp:term":[{"taxonomy":"product_brand","embeddable":true,"href":"https:\/\/stoic-curie.212-227-153-4.plesk.page\/pt\/wp-json\/wp\/v2\/product_brand?post=751651"},{"taxonomy":"product_cat","embeddable":true,"href":"https:\/\/stoic-curie.212-227-153-4.plesk.page\/pt\/wp-json\/wp\/v2\/product_cat?post=751651"},{"taxonomy":"product_tag","embeddable":true,"href":"https:\/\/stoic-curie.212-227-153-4.plesk.page\/pt\/wp-json\/wp\/v2\/product_tag?post=751651"}],"curies":[{"name":"wp","href":"https:\/\/api.w.org\/{rel}","templated":true}]}}